{"id":2031,"date":"2022-12-19T08:45:15","date_gmt":"2022-12-19T08:45:15","guid":{"rendered":"https:\/\/www.institutofertilidadviamed.com\/clinica-alxen\/?page_id=2031"},"modified":"2023-02-06T10:42:58","modified_gmt":"2023-02-06T10:42:58","slug":"tipos-sangrado","status":"publish","type":"page","link":"https:\/\/www.institutofertilidadviamed.com\/clinica-alxen\/faqs\/tipos-sangrado\/","title":{"rendered":"Tipos de sangrado"},"content":{"rendered":"\t\t<div data-elementor-type=\"wp-page\" data-elementor-id=\"2031\" class=\"elementor elementor-2031\" data-elementor-post-type=\"page\">\n\t\t\t\t\t\t<section class=\"elementor-section elementor-top-section elementor-element elementor-element-55fe438 elementor-section-boxed elementor-section-height-default elementor-section-height-default\" data-id=\"55fe438\" data-element_type=\"section\" data-e-type=\"section\" data-settings=\"{&quot;background_background&quot;:&quot;classic&quot;}\">\n\t\t\t\t\t\t\t<div class=\"elementor-background-overlay\"><\/div>\n\t\t\t\t\t\t\t<div class=\"elementor-container elementor-column-gap-default\">\n\t\t\t\t\t<div class=\"elementor-column elementor-col-100 elementor-top-column elementor-element elementor-element-1667b46\" data-id=\"1667b46\" data-element_type=\"column\" data-e-type=\"column\">\n\t\t\t<div class=\"elementor-widget-wrap elementor-element-populated\">\n\t\t\t\t\t\t<div class=\"elementor-element elementor-element-77bf5ae elementor-widget elementor-widget-heading\" data-id=\"77bf5ae\" data-element_type=\"widget\" data-e-type=\"widget\" data-widget_type=\"heading.default\">\n\t\t\t\t<div class=\"elementor-widget-container\">\n\t\t\t\t\t<h2 class=\"elementor-heading-title elementor-size-default\">Tipos de sangrado<\/h2>\t\t\t\t<\/div>\n\t\t\t\t<\/div>\n\t\t\t\t<div class=\"elementor-element elementor-element-43a57a4 elementor-widget-divider--view-line elementor-widget elementor-widget-divider\" data-id=\"43a57a4\" data-element_type=\"widget\" data-e-type=\"widget\" data-widget_type=\"divider.default\">\n\t\t\t\t<div class=\"elementor-widget-container\">\n\t\t\t\t\t\t\t<div class=\"elementor-divider\">\n\t\t\t<span class=\"elementor-divider-separator\">\n\t\t\t\t\t\t<\/span>\n\t\t<\/div>\n\t\t\t\t\t\t<\/div>\n\t\t\t\t<\/div>\n\t\t\t\t\t<\/div>\n\t\t<\/div>\n\t\t\t\t\t<\/div>\n\t\t<\/section>\n\t\t\t\t<section class=\"elementor-section elementor-top-section elementor-element elementor-element-4db6df0 elementor-section-boxed elementor-section-height-default elementor-section-height-default\" data-id=\"4db6df0\" data-element_type=\"section\" data-e-type=\"section\">\n\t\t\t\t\t\t<div class=\"elementor-container elementor-column-gap-default\">\n\t\t\t\t\t<div class=\"elementor-column elementor-col-100 elementor-top-column elementor-element elementor-element-6e53acf\" data-id=\"6e53acf\" data-element_type=\"column\" data-e-type=\"column\">\n\t\t\t<div class=\"elementor-widget-wrap elementor-element-populated\">\n\t\t\t\t\t\t<div class=\"elementor-element elementor-element-0c1cc65 elementor-widget elementor-widget-toggle\" data-id=\"0c1cc65\" data-element_type=\"widget\" data-e-type=\"widget\" data-widget_type=\"toggle.default\">\n\t\t\t\t<div class=\"elementor-widget-container\">\n\t\t\t\t\t\t\t<div class=\"elementor-toggle\">\n\t\t\t\t\t\t\t<div class=\"elementor-toggle-item\">\n\t\t\t\t\t<div id=\"elementor-tab-title-1271\" class=\"elementor-tab-title\" data-tab=\"1\" role=\"button\" aria-controls=\"elementor-tab-content-1271\" aria-expanded=\"false\">\n\t\t\t\t\t\t\t\t\t\t\t\t<span class=\"elementor-toggle-icon elementor-toggle-icon-left\" aria-hidden=\"true\">\n\t\t\t\t\t\t\t\t\t\t\t\t\t\t\t<span class=\"elementor-toggle-icon-closed\"><i class=\"icon icon-plus\"><\/i><\/span>\n\t\t\t\t\t\t\t\t<span class=\"elementor-toggle-icon-opened\"><i class=\"elementor-toggle-icon-opened icon icon-minus\"><\/i><\/span>\n\t\t\t\t\t\t\t\t\t\t\t\t\t<\/span>\n\t\t\t\t\t\t\t\t\t\t\t\t<a class=\"elementor-toggle-title\" tabindex=\"0\">Anticonceptivo<\/a>\n\t\t\t\t\t<\/div>\n\n\t\t\t\t\t<div id=\"elementor-tab-content-1271\" class=\"elementor-tab-content elementor-clearfix\" data-tab=\"1\" role=\"region\" aria-labelledby=\"elementor-tab-title-1271\"><p>El manchado o sangrado intermenstrual puede producirse con cualquier p\u00edldora anticonceptiva. Existen diversas causas para que se produzca como el olvido de la toma de alguna de ellas, toma de medicaciones concomitantes o tener v\u00f3mitos y diarrea que dificulten su absorci\u00f3n. La mayor\u00eda de las ocasiones el manchado intermenstrual es provocado por la adaptaci\u00f3n del organismo a las hormonas del anticonceptivo. A pesar de ello se debe de continuar con la toma habitual de la p\u00edldora anticonceptiva y consultar con el profesional correspondiente.<\/p><\/div>\n\t\t\t\t<\/div>\n\t\t\t\t\t\t\t<div class=\"elementor-toggle-item\">\n\t\t\t\t\t<div id=\"elementor-tab-title-1272\" class=\"elementor-tab-title\" data-tab=\"2\" role=\"button\" aria-controls=\"elementor-tab-content-1272\" aria-expanded=\"false\">\n\t\t\t\t\t\t\t\t\t\t\t\t<span class=\"elementor-toggle-icon elementor-toggle-icon-left\" aria-hidden=\"true\">\n\t\t\t\t\t\t\t\t\t\t\t\t\t\t\t<span class=\"elementor-toggle-icon-closed\"><i class=\"icon icon-plus\"><\/i><\/span>\n\t\t\t\t\t\t\t\t<span class=\"elementor-toggle-icon-opened\"><i class=\"elementor-toggle-icon-opened icon icon-minus\"><\/i><\/span>\n\t\t\t\t\t\t\t\t\t\t\t\t\t<\/span>\n\t\t\t\t\t\t\t\t\t\t\t\t<a class=\"elementor-toggle-title\" tabindex=\"0\">Antes de la transferencia<\/a>\n\t\t\t\t\t<\/div>\n\n\t\t\t\t\t<div id=\"elementor-tab-content-1272\" class=\"elementor-tab-content elementor-clearfix\" data-tab=\"2\" role=\"region\" aria-labelledby=\"elementor-tab-title-1272\"><p>El sangrado antes de la transferencia no suele ser habitual. Habitualmente es debido a una descamaci\u00f3n del endometrio lo cual indica que las condiciones del mismo para la transferencia embrionaria pueden no ser las adecuadas. Si hay sangrado, hay que comprobar a qu\u00e9 es debido, bien por ecograf\u00eda o realizando una anal\u00edtica hormonal. Habitualmente es debido a una descamaci\u00f3n del endometrio lo cual indica que las condiciones del mismo para la transferencia embrionaria pueden no ser las adecuadas.<\/p><\/div>\n\t\t\t\t<\/div>\n\t\t\t\t\t\t\t<div class=\"elementor-toggle-item\">\n\t\t\t\t\t<div id=\"elementor-tab-title-1273\" class=\"elementor-tab-title\" data-tab=\"3\" role=\"button\" aria-controls=\"elementor-tab-content-1273\" aria-expanded=\"false\">\n\t\t\t\t\t\t\t\t\t\t\t\t<span class=\"elementor-toggle-icon elementor-toggle-icon-left\" aria-hidden=\"true\">\n\t\t\t\t\t\t\t\t\t\t\t\t\t\t\t<span class=\"elementor-toggle-icon-closed\"><i class=\"icon icon-plus\"><\/i><\/span>\n\t\t\t\t\t\t\t\t<span class=\"elementor-toggle-icon-opened\"><i class=\"elementor-toggle-icon-opened icon icon-minus\"><\/i><\/span>\n\t\t\t\t\t\t\t\t\t\t\t\t\t<\/span>\n\t\t\t\t\t\t\t\t\t\t\t\t<a class=\"elementor-toggle-title\" tabindex=\"0\">Despu\u00e9s de la transferencia<\/a>\n\t\t\t\t\t<\/div>\n\n\t\t\t\t\t<div id=\"elementor-tab-content-1273\" class=\"elementor-tab-content elementor-clearfix\" data-tab=\"3\" role=\"region\" aria-labelledby=\"elementor-tab-title-1273\"><p>El sangrado despu\u00e9s de realizar la transferencia embrionaria es relativamente frecuente y no implica necesariamente tener un mal resultado. A pesar de ello, es un s\u00edntoma que asusta y alerta a los pacientes. El sangrado post-transferencia puede ser debido, aunque no es frecuente, a la t\u00e9cnica realizada o al aumento de vascularizaci\u00f3n del cuello del \u00fatero. Por otro lado, y con m\u00e1s asiduidad, dicho sangrado puede producirse por la implantaci\u00f3n del embri\u00f3n en el \u00fatero o por efecto de la medicaci\u00f3n utilizada en el tratamiento para la preparaci\u00f3n endometrial. La mayor\u00eda de las veces no suele tener relevancia, pero es importante informar al profesional responsable para valorar y revisar el tratamiento.<\/p><\/div>\n\t\t\t\t<\/div>\n\t\t\t\t\t\t\t<div class=\"elementor-toggle-item\">\n\t\t\t\t\t<div id=\"elementor-tab-title-1274\" class=\"elementor-tab-title\" data-tab=\"4\" role=\"button\" aria-controls=\"elementor-tab-content-1274\" aria-expanded=\"false\">\n\t\t\t\t\t\t\t\t\t\t\t\t<span class=\"elementor-toggle-icon elementor-toggle-icon-left\" aria-hidden=\"true\">\n\t\t\t\t\t\t\t\t\t\t\t\t\t\t\t<span class=\"elementor-toggle-icon-closed\"><i class=\"icon icon-plus\"><\/i><\/span>\n\t\t\t\t\t\t\t\t<span class=\"elementor-toggle-icon-opened\"><i class=\"elementor-toggle-icon-opened icon icon-minus\"><\/i><\/span>\n\t\t\t\t\t\t\t\t\t\t\t\t\t<\/span>\n\t\t\t\t\t\t\t\t\t\t\t\t<a class=\"elementor-toggle-title\" tabindex=\"0\">Amenaza de aborto<\/a>\n\t\t\t\t\t<\/div>\n\n\t\t\t\t\t<div id=\"elementor-tab-content-1274\" class=\"elementor-tab-content elementor-clearfix\" data-tab=\"4\" role=\"region\" aria-labelledby=\"elementor-tab-title-1274\"><p>Como hemos comentado es muy frecuente la existencia de sangrado genital en el primer trimestre del embarazo.<\/p><p>Estos sangrados se producen con cualquier oscilaci\u00f3n hormonal (usualmente bajada temporal en los niveles de progesterona) en las amenazas de aborto por ello, como hemos dicho, no son f\u00e1ciles de interpretar y se deben tratar siempre como una amenaza de aborto con el aporte de Progesterona que pudiera faltar y reposo f\u00edsico para que baje la tensi\u00f3n arterial y se cierren los vasos sangu\u00edneos que est\u00e1n vertiendo la sangre al exterior.<\/p><p>En ocasiones la amenaza de aborto viene de un problema mayor a una simple oscilaci\u00f3n hormonal temporal como es cuando el embri\u00f3n tiene una alteraci\u00f3n f\u00edsica o gen\u00e9tica incompatible con la vida o hay un trastorno grave de la coagulaci\u00f3n de la sangre. El tratamiento para estas amenazas de aborto es muy distinto: Si se trata de un problema gen\u00e9tico del embri\u00f3n no hay nada que pueda solucionarlo, el embri\u00f3n tiene ya la carga gen\u00e9tica del \u00f3vulo y del espermatozoide y si la carga gen\u00e9tica est\u00e1 alterada el aborto ser\u00e1 inevitable, en algunas ocasiones cuando el embri\u00f3n est\u00e1 ya formado es posible hacer un estudio gen\u00e9tico del embri\u00f3n para determinar si la causa del aborto ha sido gen\u00e9tica, en IFV tenemos a disposici\u00f3n de los pacientes la posibilidad de estudiar el material gen\u00e9tico del embri\u00f3n que se ha perdido e incluso es posible estudiarlo antes de la implantaci\u00f3n cuando esta ha ocurrido en el transcurso de un tratamiento de Fecundaci\u00f3n In Vitro en el que el embri\u00f3n ha estado en el laboratorio FIV y se ha podido hacer esta prueba.<\/p><p>En otras ocasiones la amenaza de aborto se debe a factores maternos, ajenos al embri\u00f3n, en este caso pueden establecerse terapias m\u00e9dicas e inmunol\u00f3gicas para prevenir y evitar el aborto. En IFV se pueden completar pruebas maternas para determinar si existe esta patolog\u00eda e indicar el tratamiento m\u00e1s apropiado para cada caso.<\/p><\/div>\n\t\t\t\t<\/div>\n\t\t\t\t\t\t\t\t<\/div>\n\t\t\t\t\t\t<\/div>\n\t\t\t\t<\/div>\n\t\t\t\t\t<\/div>\n\t\t<\/div>\n\t\t\t\t\t<\/div>\n\t\t<\/section>\n\t\t\t\t<\/div>\n\t\t","protected":false},"excerpt":{"rendered":"<p>Tipos de sangrado Anticonceptivo El manchado o sangrado intermenstrual puede producirse con cualquier p\u00edldora anticonceptiva. Existen diversas causas para que se produzca como el olvido de la toma de alguna de ellas, toma de medicaciones concomitantes o tener v\u00f3mitos y diarrea que dificulten su absorci\u00f3n. La mayor\u00eda de las ocasiones el manchado intermenstrual es provocado [&hellip;]<\/p>\n","protected":false},"author":1,"featured_media":0,"parent":794,"menu_order":0,"comment_status":"closed","ping_status":"closed","template":"elementor_header_footer","meta":{"_acf_changed":false,"footnotes":""},"class_list":["post-2031","page","type-page","status-publish","hentry"],"acf":[],"yoast_head":"<!-- This site is optimized with the Yoast SEO plugin v27.4 - https:\/\/yoast.com\/product\/yoast-seo-wordpress\/ -->\n<title>Tipos de sangrado - Instituto de fertilidad Viamed - IFV<\/title>\n<meta name=\"description\" content=\"Conoce los tipos de sangrado que pueden afectar a la fertilidad: anticonceptivo, antes de la transferencia, despu\u00e9s de la transferencia y amenaza de aborto.\" \/>\n<meta name=\"robots\" content=\"index, follow, max-snippet:-1, max-image-preview:large, max-video-preview:-1\" \/>\n<link rel=\"canonical\" href=\"https:\/\/www.institutofertilidadviamed.com\/clinica-alxen\/faqs\/tipos-sangrado\/\" \/>\n<meta property=\"og:locale\" content=\"es_ES\" \/>\n<meta property=\"og:type\" content=\"article\" \/>\n<meta property=\"og:title\" content=\"Tipos de sangrado - Instituto de fertilidad Viamed - IFV\" \/>\n<meta property=\"og:description\" content=\"Conoce los tipos de sangrado que pueden afectar a la fertilidad: anticonceptivo, antes de la transferencia, despu\u00e9s de la transferencia y amenaza de aborto.\" \/>\n<meta property=\"og:url\" content=\"https:\/\/www.institutofertilidadviamed.com\/clinica-alxen\/faqs\/tipos-sangrado\/\" \/>\n<meta property=\"og:site_name\" content=\"IFV Viamed\" \/>\n<meta property=\"article:modified_time\" content=\"2023-02-06T10:42:58+00:00\" \/>\n<meta property=\"og:image\" content=\"https:\/\/www.institutofertilidadviamed.com\/clinica-alxen\/wp-content\/uploads\/2022\/11\/ifv.png\" \/>\n\t<meta property=\"og:image:width\" content=\"227\" \/>\n\t<meta property=\"og:image:height\" content=\"61\" \/>\n\t<meta property=\"og:image:type\" content=\"image\/png\" \/>\n<meta name=\"twitter:card\" content=\"summary_large_image\" \/>\n<meta name=\"twitter:label1\" content=\"Tiempo de lectura\" \/>\n\t<meta name=\"twitter:data1\" content=\"3 minutos\" \/>\n<script type=\"application\/ld+json\" class=\"yoast-schema-graph\">{\"@context\":\"https:\\\/\\\/schema.org\",\"@graph\":[{\"@type\":\"WebPage\",\"@id\":\"https:\\\/\\\/www.institutofertilidadviamed.com\\\/clinica-alxen\\\/faqs\\\/tipos-sangrado\\\/\",\"url\":\"https:\\\/\\\/www.institutofertilidadviamed.com\\\/clinica-alxen\\\/faqs\\\/tipos-sangrado\\\/\",\"name\":\"Tipos de sangrado - Instituto de fertilidad Viamed - IFV\",\"isPartOf\":{\"@id\":\"https:\\\/\\\/www.institutofertilidadviamed.com\\\/clinica-alxen\\\/#website\"},\"datePublished\":\"2022-12-19T08:45:15+00:00\",\"dateModified\":\"2023-02-06T10:42:58+00:00\",\"description\":\"Conoce los tipos de sangrado que pueden afectar a la fertilidad: anticonceptivo, antes de la transferencia, despu\u00e9s de la transferencia y amenaza de aborto.\",\"breadcrumb\":{\"@id\":\"https:\\\/\\\/www.institutofertilidadviamed.com\\\/clinica-alxen\\\/faqs\\\/tipos-sangrado\\\/#breadcrumb\"},\"inLanguage\":\"es\",\"potentialAction\":[{\"@type\":\"ReadAction\",\"target\":[\"https:\\\/\\\/www.institutofertilidadviamed.com\\\/clinica-alxen\\\/faqs\\\/tipos-sangrado\\\/\"]}]},{\"@type\":\"BreadcrumbList\",\"@id\":\"https:\\\/\\\/www.institutofertilidadviamed.com\\\/clinica-alxen\\\/faqs\\\/tipos-sangrado\\\/#breadcrumb\",\"itemListElement\":[{\"@type\":\"ListItem\",\"position\":1,\"name\":\"FAQS\",\"item\":\"https:\\\/\\\/www.institutofertilidadviamed.com\\\/clinica-alxen\\\/faqs\\\/\"},{\"@type\":\"ListItem\",\"position\":2,\"name\":\"Tipos de sangrado\"}]},{\"@type\":\"WebSite\",\"@id\":\"https:\\\/\\\/www.institutofertilidadviamed.com\\\/clinica-alxen\\\/#website\",\"url\":\"https:\\\/\\\/www.institutofertilidadviamed.com\\\/clinica-alxen\\\/\",\"name\":\"Instituto de fertilidad Viamed\",\"description\":\"\",\"publisher\":{\"@id\":\"https:\\\/\\\/www.institutofertilidadviamed.com\\\/clinica-alxen\\\/#organization\"},\"alternateName\":\"IFV Viamed\",\"potentialAction\":[{\"@type\":\"SearchAction\",\"target\":{\"@type\":\"EntryPoint\",\"urlTemplate\":\"https:\\\/\\\/www.institutofertilidadviamed.com\\\/clinica-alxen\\\/?s={search_term_string}\"},\"query-input\":{\"@type\":\"PropertyValueSpecification\",\"valueRequired\":true,\"valueName\":\"search_term_string\"}}],\"inLanguage\":\"es\"},{\"@type\":\"Organization\",\"@id\":\"https:\\\/\\\/www.institutofertilidadviamed.com\\\/clinica-alxen\\\/#organization\",\"name\":\"Instituto de fertilidad Viamed\",\"url\":\"https:\\\/\\\/www.institutofertilidadviamed.com\\\/clinica-alxen\\\/\",\"logo\":{\"@type\":\"ImageObject\",\"inLanguage\":\"es\",\"@id\":\"https:\\\/\\\/www.institutofertilidadviamed.com\\\/clinica-alxen\\\/#\\\/schema\\\/logo\\\/image\\\/\",\"url\":\"https:\\\/\\\/www.institutofertilidadviamed.com\\\/clinica-alxen\\\/wp-content\\\/uploads\\\/2022\\\/11\\\/ifv.png\",\"contentUrl\":\"https:\\\/\\\/www.institutofertilidadviamed.com\\\/clinica-alxen\\\/wp-content\\\/uploads\\\/2022\\\/11\\\/ifv.png\",\"width\":227,\"height\":61,\"caption\":\"Instituto de fertilidad Viamed\"},\"image\":{\"@id\":\"https:\\\/\\\/www.institutofertilidadviamed.com\\\/clinica-alxen\\\/#\\\/schema\\\/logo\\\/image\\\/\"},\"sameAs\":[\"https:\\\/\\\/www.instagram.com\\\/institutofertilidadviamed\\\/\"]}]}<\/script>\n<!-- \/ Yoast SEO plugin. -->","yoast_head_json":{"title":"Tipos de sangrado - Instituto de fertilidad Viamed - IFV","description":"Conoce los tipos de sangrado que pueden afectar a la fertilidad: anticonceptivo, antes de la transferencia, despu\u00e9s de la transferencia y amenaza de aborto.","robots":{"index":"index","follow":"follow","max-snippet":"max-snippet:-1","max-image-preview":"max-image-preview:large","max-video-preview":"max-video-preview:-1"},"canonical":"https:\/\/www.institutofertilidadviamed.com\/clinica-alxen\/faqs\/tipos-sangrado\/","og_locale":"es_ES","og_type":"article","og_title":"Tipos de sangrado - Instituto de fertilidad Viamed - IFV","og_description":"Conoce los tipos de sangrado que pueden afectar a la fertilidad: anticonceptivo, antes de la transferencia, despu\u00e9s de la transferencia y amenaza de aborto.","og_url":"https:\/\/www.institutofertilidadviamed.com\/clinica-alxen\/faqs\/tipos-sangrado\/","og_site_name":"IFV Viamed","article_modified_time":"2023-02-06T10:42:58+00:00","og_image":[{"width":227,"height":61,"url":"https:\/\/www.institutofertilidadviamed.com\/clinica-alxen\/wp-content\/uploads\/2022\/11\/ifv.png","type":"image\/png"}],"twitter_card":"summary_large_image","twitter_misc":{"Tiempo de lectura":"3 minutos"},"schema":{"@context":"https:\/\/schema.org","@graph":[{"@type":"WebPage","@id":"https:\/\/www.institutofertilidadviamed.com\/clinica-alxen\/faqs\/tipos-sangrado\/","url":"https:\/\/www.institutofertilidadviamed.com\/clinica-alxen\/faqs\/tipos-sangrado\/","name":"Tipos de sangrado - Instituto de fertilidad Viamed - IFV","isPartOf":{"@id":"https:\/\/www.institutofertilidadviamed.com\/clinica-alxen\/#website"},"datePublished":"2022-12-19T08:45:15+00:00","dateModified":"2023-02-06T10:42:58+00:00","description":"Conoce los tipos de sangrado que pueden afectar a la fertilidad: anticonceptivo, antes de la transferencia, despu\u00e9s de la transferencia y amenaza de aborto.","breadcrumb":{"@id":"https:\/\/www.institutofertilidadviamed.com\/clinica-alxen\/faqs\/tipos-sangrado\/#breadcrumb"},"inLanguage":"es","potentialAction":[{"@type":"ReadAction","target":["https:\/\/www.institutofertilidadviamed.com\/clinica-alxen\/faqs\/tipos-sangrado\/"]}]},{"@type":"BreadcrumbList","@id":"https:\/\/www.institutofertilidadviamed.com\/clinica-alxen\/faqs\/tipos-sangrado\/#breadcrumb","itemListElement":[{"@type":"ListItem","position":1,"name":"FAQS","item":"https:\/\/www.institutofertilidadviamed.com\/clinica-alxen\/faqs\/"},{"@type":"ListItem","position":2,"name":"Tipos de sangrado"}]},{"@type":"WebSite","@id":"https:\/\/www.institutofertilidadviamed.com\/clinica-alxen\/#website","url":"https:\/\/www.institutofertilidadviamed.com\/clinica-alxen\/","name":"Instituto de fertilidad Viamed","description":"","publisher":{"@id":"https:\/\/www.institutofertilidadviamed.com\/clinica-alxen\/#organization"},"alternateName":"IFV Viamed","potentialAction":[{"@type":"SearchAction","target":{"@type":"EntryPoint","urlTemplate":"https:\/\/www.institutofertilidadviamed.com\/clinica-alxen\/?s={search_term_string}"},"query-input":{"@type":"PropertyValueSpecification","valueRequired":true,"valueName":"search_term_string"}}],"inLanguage":"es"},{"@type":"Organization","@id":"https:\/\/www.institutofertilidadviamed.com\/clinica-alxen\/#organization","name":"Instituto de fertilidad Viamed","url":"https:\/\/www.institutofertilidadviamed.com\/clinica-alxen\/","logo":{"@type":"ImageObject","inLanguage":"es","@id":"https:\/\/www.institutofertilidadviamed.com\/clinica-alxen\/#\/schema\/logo\/image\/","url":"https:\/\/www.institutofertilidadviamed.com\/clinica-alxen\/wp-content\/uploads\/2022\/11\/ifv.png","contentUrl":"https:\/\/www.institutofertilidadviamed.com\/clinica-alxen\/wp-content\/uploads\/2022\/11\/ifv.png","width":227,"height":61,"caption":"Instituto de fertilidad Viamed"},"image":{"@id":"https:\/\/www.institutofertilidadviamed.com\/clinica-alxen\/#\/schema\/logo\/image\/"},"sameAs":["https:\/\/www.instagram.com\/institutofertilidadviamed\/"]}]}},"_links":{"self":[{"href":"https:\/\/www.institutofertilidadviamed.com\/clinica-alxen\/wp-json\/wp\/v2\/pages\/2031","targetHints":{"allow":["GET"]}}],"collection":[{"href":"https:\/\/www.institutofertilidadviamed.com\/clinica-alxen\/wp-json\/wp\/v2\/pages"}],"about":[{"href":"https:\/\/www.institutofertilidadviamed.com\/clinica-alxen\/wp-json\/wp\/v2\/types\/page"}],"author":[{"embeddable":true,"href":"https:\/\/www.institutofertilidadviamed.com\/clinica-alxen\/wp-json\/wp\/v2\/users\/1"}],"replies":[{"embeddable":true,"href":"https:\/\/www.institutofertilidadviamed.com\/clinica-alxen\/wp-json\/wp\/v2\/comments?post=2031"}],"version-history":[{"count":10,"href":"https:\/\/www.institutofertilidadviamed.com\/clinica-alxen\/wp-json\/wp\/v2\/pages\/2031\/revisions"}],"predecessor-version":[{"id":2879,"href":"https:\/\/www.institutofertilidadviamed.com\/clinica-alxen\/wp-json\/wp\/v2\/pages\/2031\/revisions\/2879"}],"up":[{"embeddable":true,"href":"https:\/\/www.institutofertilidadviamed.com\/clinica-alxen\/wp-json\/wp\/v2\/pages\/794"}],"wp:attachment":[{"href":"https:\/\/www.institutofertilidadviamed.com\/clinica-alxen\/wp-json\/wp\/v2\/media?parent=2031"}],"curies":[{"name":"wp","href":"https:\/\/api.w.org\/{rel}","templated":true}]}}