{"id":2613,"date":"2022-12-22T12:22:18","date_gmt":"2022-12-22T12:22:18","guid":{"rendered":"https:\/\/www.institutofertilidadviamed.com\/clinica-alxen\/?page_id=2613"},"modified":"2023-02-15T10:49:21","modified_gmt":"2023-02-15T10:49:21","slug":"ovodonacion","status":"publish","type":"page","link":"https:\/\/www.institutofertilidadviamed.com\/clinica-alxen\/faqs\/ovodonacion\/","title":{"rendered":"Ovodonaci\u00f3n"},"content":{"rendered":"\t\t<div data-elementor-type=\"wp-page\" data-elementor-id=\"2613\" class=\"elementor elementor-2613\" data-elementor-post-type=\"page\">\n\t\t\t\t\t\t<section class=\"elementor-section elementor-top-section elementor-element elementor-element-55fe438 elementor-section-boxed elementor-section-height-default elementor-section-height-default\" data-id=\"55fe438\" data-element_type=\"section\" data-e-type=\"section\" data-settings=\"{&quot;background_background&quot;:&quot;classic&quot;}\">\n\t\t\t\t\t\t\t<div class=\"elementor-background-overlay\"><\/div>\n\t\t\t\t\t\t\t<div class=\"elementor-container elementor-column-gap-default\">\n\t\t\t\t\t<div class=\"elementor-column elementor-col-100 elementor-top-column elementor-element elementor-element-1667b46\" data-id=\"1667b46\" data-element_type=\"column\" data-e-type=\"column\">\n\t\t\t<div class=\"elementor-widget-wrap elementor-element-populated\">\n\t\t\t\t\t\t<div class=\"elementor-element elementor-element-77bf5ae elementor-widget elementor-widget-heading\" data-id=\"77bf5ae\" data-element_type=\"widget\" data-e-type=\"widget\" data-widget_type=\"heading.default\">\n\t\t\t\t<div class=\"elementor-widget-container\">\n\t\t\t\t\t<h2 class=\"elementor-heading-title elementor-size-default\">Ovodonaci\u00f3n<\/h2>\t\t\t\t<\/div>\n\t\t\t\t<\/div>\n\t\t\t\t<div class=\"elementor-element elementor-element-43a57a4 elementor-widget-divider--view-line elementor-widget elementor-widget-divider\" data-id=\"43a57a4\" data-element_type=\"widget\" data-e-type=\"widget\" data-widget_type=\"divider.default\">\n\t\t\t\t<div class=\"elementor-widget-container\">\n\t\t\t\t\t\t\t<div class=\"elementor-divider\">\n\t\t\t<span class=\"elementor-divider-separator\">\n\t\t\t\t\t\t<\/span>\n\t\t<\/div>\n\t\t\t\t\t\t<\/div>\n\t\t\t\t<\/div>\n\t\t\t\t\t<\/div>\n\t\t<\/div>\n\t\t\t\t\t<\/div>\n\t\t<\/section>\n\t\t\t\t<section class=\"elementor-section elementor-top-section elementor-element elementor-element-7adb743 elementor-section-boxed elementor-section-height-default elementor-section-height-default\" data-id=\"7adb743\" data-element_type=\"section\" data-e-type=\"section\">\n\t\t\t\t\t\t<div class=\"elementor-container elementor-column-gap-default\">\n\t\t\t\t\t<div class=\"elementor-column elementor-col-100 elementor-top-column elementor-element elementor-element-0a6fb50\" data-id=\"0a6fb50\" data-element_type=\"column\" data-e-type=\"column\">\n\t\t\t<div class=\"elementor-widget-wrap elementor-element-populated\">\n\t\t\t\t\t\t<div class=\"elementor-element elementor-element-5b28123 elementor-widget__width-initial elementor-widget elementor-widget-text-editor\" data-id=\"5b28123\" data-element_type=\"widget\" data-e-type=\"widget\" data-widget_type=\"text-editor.default\">\n\t\t\t\t<div class=\"elementor-widget-container\">\n\t\t\t\t\t\t\t\t\t<p>La recepci\u00f3n de \u00f3vulos de donante es <strong style=\"font-weight: 600;\">una t\u00e9cnica muy solicitada, y cada vez m\u00e1s frecuente<\/strong>, debido a que la edad media de las pacientes que buscan ser madres es cada vez mayor. Sin embargo, decidir a realizar este tipo de tratamientos es muy complicado para la paciente en muchos casos, por las dudas e incertidumbres que le ocasiona.<\/p><p>Una de las principales preocupaciones de estas pacientes es <strong style=\"font-weight: 600;\">saber c\u00f3mo se selecciona a la donante, si se realizan pruebas que determinen su estado de salud, y c\u00f3mo se comprueba la compatibilidad entre ella y su receptora.<\/strong> Pues bien, como dice la Ley 14\/2006 sobre T\u00e9cnicas de Reproducci\u00f3n Asistida, que es la que rige estos tratamientos, las donantes tienen que encontrarse en un estado de buena salud f\u00edsica y mental. Para ello <strong style=\"font-weight: 600;\">se realizan pruebas que se han estandarizado para que todas las donantes tengan estudiadas las enfermedades que puedan ocasionar riesgos en la descendencia. Adem\u00e1s, se buscar\u00e1 siempre la donante que m\u00e1s parecido f\u00edsico (fenot\u00edpico)<\/strong> tenga con la receptora: color de pelo, de ojos, altura, peso, y rasgos biom\u00e9tricos (en IFV usamos la t\u00e9cnica m\u00e1s avanzada en b\u00fasqueda de parecido, mediante inteligencia artificial). As\u00ed, se encuentra a la donante ideal.<\/p>\t\t\t\t\t\t\t\t<\/div>\n\t\t\t\t<\/div>\n\t\t\t\t<div class=\"elementor-element elementor-element-e58effc elementor-widget__width-initial elementor-invisible elementor-widget elementor-widget-image\" data-id=\"e58effc\" data-element_type=\"widget\" data-e-type=\"widget\" data-settings=\"{&quot;_animation&quot;:&quot;fadeInRight&quot;}\" data-widget_type=\"image.default\">\n\t\t\t\t<div class=\"elementor-widget-container\">\n\t\t\t\t\t\t\t\t\t\t\t\t\t\t\t<img fetchpriority=\"high\" decoding=\"async\" width=\"800\" height=\"800\" src=\"https:\/\/www.institutofertilidadviamed.com\/clinica-alxen\/wp-content\/uploads\/2022\/12\/Mesa-de-trabajo-7-copia-11.png\" class=\"attachment-large size-large wp-image-2164\" alt=\"\" srcset=\"https:\/\/www.institutofertilidadviamed.com\/clinica-alxen\/wp-content\/uploads\/2022\/12\/Mesa-de-trabajo-7-copia-11.png 801w, https:\/\/www.institutofertilidadviamed.com\/clinica-alxen\/wp-content\/uploads\/2022\/12\/Mesa-de-trabajo-7-copia-11-300x300.png 300w, https:\/\/www.institutofertilidadviamed.com\/clinica-alxen\/wp-content\/uploads\/2022\/12\/Mesa-de-trabajo-7-copia-11-150x150.png 150w, https:\/\/www.institutofertilidadviamed.com\/clinica-alxen\/wp-content\/uploads\/2022\/12\/Mesa-de-trabajo-7-copia-11-768x768.png 768w\" sizes=\"(max-width: 800px) 100vw, 800px\" \/>\t\t\t\t\t\t\t\t\t\t\t\t\t\t\t<\/div>\n\t\t\t\t<\/div>\n\t\t\t\t\t<\/div>\n\t\t<\/div>\n\t\t\t\t\t<\/div>\n\t\t<\/section>\n\t\t\t\t<section class=\"elementor-section elementor-top-section elementor-element elementor-element-ed66bd6 elementor-hidden-desktop elementor-hidden-tablet elementor-hidden-mobile elementor-section-boxed elementor-section-height-default elementor-section-height-default\" data-id=\"ed66bd6\" data-element_type=\"section\" data-e-type=\"section\">\n\t\t\t\t\t\t<div class=\"elementor-container elementor-column-gap-default\">\n\t\t\t\t\t<div class=\"elementor-column elementor-col-100 elementor-top-column elementor-element elementor-element-75078f6\" data-id=\"75078f6\" data-element_type=\"column\" data-e-type=\"column\">\n\t\t\t<div class=\"elementor-widget-wrap elementor-element-populated\">\n\t\t\t\t\t\t<div class=\"elementor-element elementor-element-d410f60 elementor-widget elementor-widget-toggle\" data-id=\"d410f60\" data-element_type=\"widget\" data-e-type=\"widget\" data-widget_type=\"toggle.default\">\n\t\t\t\t<div class=\"elementor-widget-container\">\n\t\t\t\t\t\t\t<div class=\"elementor-toggle\">\n\t\t\t\t\t\t\t<div class=\"elementor-toggle-item\">\n\t\t\t\t\t<div id=\"elementor-tab-title-2221\" class=\"elementor-tab-title\" data-tab=\"1\" role=\"button\" aria-controls=\"elementor-tab-content-2221\" aria-expanded=\"false\">\n\t\t\t\t\t\t\t\t\t\t\t\t<span class=\"elementor-toggle-icon elementor-toggle-icon-left\" aria-hidden=\"true\">\n\t\t\t\t\t\t\t\t\t\t\t\t\t\t\t<span class=\"elementor-toggle-icon-closed\"><i class=\"fas fa-caret-right\"><\/i><\/span>\n\t\t\t\t\t\t\t\t<span class=\"elementor-toggle-icon-opened\"><i class=\"elementor-toggle-icon-opened fas fa-caret-up\"><\/i><\/span>\n\t\t\t\t\t\t\t\t\t\t\t\t\t<\/span>\n\t\t\t\t\t\t\t\t\t\t\t\t<a class=\"elementor-toggle-title\" tabindex=\"0\">Opci\u00f3n #1<\/a>\n\t\t\t\t\t<\/div>\n\n\t\t\t\t\t<div id=\"elementor-tab-content-2221\" class=\"elementor-tab-content elementor-clearfix\" data-tab=\"1\" role=\"region\" aria-labelledby=\"elementor-tab-title-2221\">Lorem fistrum por la gloria de mi madre esse jarl aliqua llevame al sircoo. De la pradera ullamco qu\u00e9 dise usteer est\u00e1 la cosa muy malar.<\/div>\n\t\t\t\t<\/div>\n\t\t\t\t\t\t\t<div class=\"elementor-toggle-item\">\n\t\t\t\t\t<div id=\"elementor-tab-title-2222\" class=\"elementor-tab-title\" data-tab=\"2\" role=\"button\" aria-controls=\"elementor-tab-content-2222\" aria-expanded=\"false\">\n\t\t\t\t\t\t\t\t\t\t\t\t<span class=\"elementor-toggle-icon elementor-toggle-icon-left\" aria-hidden=\"true\">\n\t\t\t\t\t\t\t\t\t\t\t\t\t\t\t<span class=\"elementor-toggle-icon-closed\"><i class=\"fas fa-caret-right\"><\/i><\/span>\n\t\t\t\t\t\t\t\t<span class=\"elementor-toggle-icon-opened\"><i class=\"elementor-toggle-icon-opened fas fa-caret-up\"><\/i><\/span>\n\t\t\t\t\t\t\t\t\t\t\t\t\t<\/span>\n\t\t\t\t\t\t\t\t\t\t\t\t<a class=\"elementor-toggle-title\" tabindex=\"0\">Opci\u00f3n #2<\/a>\n\t\t\t\t\t<\/div>\n\n\t\t\t\t\t<div id=\"elementor-tab-content-2222\" class=\"elementor-tab-content elementor-clearfix\" data-tab=\"2\" role=\"region\" aria-labelledby=\"elementor-tab-title-2222\">Lorem fistrum por la gloria de mi madre esse jarl aliqua llevame al sircoo. De la pradera ullamco qu\u00e9 dise usteer est\u00e1 la cosa muy malar.<\/div>\n\t\t\t\t<\/div>\n\t\t\t\t\t\t\t\t<\/div>\n\t\t\t\t\t\t<\/div>\n\t\t\t\t<\/div>\n\t\t\t\t\t<\/div>\n\t\t<\/div>\n\t\t\t\t\t<\/div>\n\t\t<\/section>\n\t\t\t\t<section class=\"elementor-section elementor-top-section elementor-element elementor-element-c851d4f elementor-section-full_width elementor-section-height-min-height elementor-section-height-default elementor-section-items-middle\" data-id=\"c851d4f\" data-element_type=\"section\" data-e-type=\"section\" data-settings=\"{&quot;background_background&quot;:&quot;classic&quot;}\">\n\t\t\t\t\t\t\t<div class=\"elementor-background-overlay\"><\/div>\n\t\t\t\t\t\t\t<div class=\"elementor-container elementor-column-gap-default\">\n\t\t\t\t\t<div class=\"elementor-column elementor-col-50 elementor-top-column elementor-element elementor-element-829de8a\" data-id=\"829de8a\" data-element_type=\"column\" data-e-type=\"column\" data-settings=\"{&quot;background_background&quot;:&quot;classic&quot;}\">\n\t\t\t<div class=\"elementor-widget-wrap elementor-element-populated\">\n\t\t\t\t\t<div class=\"elementor-background-overlay\"><\/div>\n\t\t\t\t\t\t<section class=\"elementor-section elementor-inner-section elementor-element elementor-element-5ca3c91 elementor-section-boxed elementor-section-height-default elementor-section-height-default\" data-id=\"5ca3c91\" data-element_type=\"section\" data-e-type=\"section\">\n\t\t\t\t\t\t<div class=\"elementor-container elementor-column-gap-default\">\n\t\t\t\t\t<div class=\"elementor-column elementor-col-100 elementor-inner-column elementor-element elementor-element-894e742 elementor-invisible\" data-id=\"894e742\" data-element_type=\"column\" data-e-type=\"column\" data-settings=\"{&quot;background_background&quot;:&quot;classic&quot;,&quot;animation&quot;:&quot;fadeInLeft&quot;}\">\n\t\t\t<div class=\"elementor-widget-wrap elementor-element-populated\">\n\t\t\t\t\t\t<div class=\"elementor-element elementor-element-306079d elementor-widget elementor-widget-text-editor\" data-id=\"306079d\" data-element_type=\"widget\" data-e-type=\"widget\" data-widget_type=\"text-editor.default\">\n\t\t\t\t<div class=\"elementor-widget-container\">\n\t\t\t\t\t\t\t\t\t<p><strong>Otra pregunta frecuente en estos tratamientos es si la receptora va a influir en alg\u00fan sentido en el desarrollo del beb\u00e9<\/strong>, puesto que gen\u00e9ticamente el \u00f3vulo lleva informaci\u00f3n de la donante y no de ella. La respuesta a esta pregunta es <strong>s\u00ed, la madre del beb\u00e9, que lleva el embarazo, va a determinar el ambiente en el que \u00e9ste va a crecer,<\/strong> influyendo en cambios denominados \u201cepigen\u00e9ticos\u201d, <strong>los cuales permiten que los genes expresados en el beb\u00e9 var\u00eden seg\u00fan dicho ambiente en el que se desarrollan.<\/strong><\/p>\t\t\t\t\t\t\t\t<\/div>\n\t\t\t\t<\/div>\n\t\t\t\t\t<\/div>\n\t\t<\/div>\n\t\t\t\t\t<\/div>\n\t\t<\/section>\n\t\t\t\t\t<\/div>\n\t\t<\/div>\n\t\t\t\t<div class=\"elementor-column elementor-col-50 elementor-top-column elementor-element elementor-element-8194507\" data-id=\"8194507\" data-element_type=\"column\" data-e-type=\"column\" data-settings=\"{&quot;background_background&quot;:&quot;classic&quot;}\">\n\t\t\t<div class=\"elementor-widget-wrap elementor-element-populated\">\n\t\t\t\t\t\t<div class=\"elementor-element elementor-element-8f9897e elementor-widget elementor-widget-text-editor\" data-id=\"8f9897e\" data-element_type=\"widget\" data-e-type=\"widget\" data-widget_type=\"text-editor.default\">\n\t\t\t\t<div class=\"elementor-widget-container\">\n\t\t\t\t\t\t\t\t\tEn cuanto a la salud de los beb\u00e9s nacidos por esta t\u00e9cnica, tambi\u00e9n existe la posibilidad de <strong style=\"font-weight: 600;\">analizar la gen\u00e9tica de la donante incluso en m\u00e1s profundidad, a decisi\u00f3n de los pacientes, para minimizar el riesgo de que el beb\u00e9 herede alguna otra enfermedad de tipo recesivo.<\/strong> Esta prueba, denominada <strong style=\"font-weight: 600;\">\u201ctest de cribado de portadores\u201d se realiza en ambos aportadores de gametos<\/strong> (en este caso la donante y el que aporte el espermatozoide), para ver as\u00ed la compatibilidad gen\u00e9tica entre ambos.\t\t\t\t\t\t\t\t<\/div>\n\t\t\t\t<\/div>\n\t\t\t\t\t<\/div>\n\t\t<\/div>\n\t\t\t\t\t<\/div>\n\t\t<\/section>\n\t\t\t\t<\/div>\n\t\t","protected":false},"excerpt":{"rendered":"<p>Ovodonaci\u00f3n La recepci\u00f3n de \u00f3vulos de donante es una t\u00e9cnica muy solicitada, y cada vez m\u00e1s frecuente, debido a que la edad media de las pacientes que buscan ser madres es cada vez mayor. Sin embargo, decidir a realizar este tipo de tratamientos es muy complicado para la paciente en muchos casos, por las dudas [&hellip;]<\/p>\n","protected":false},"author":1,"featured_media":0,"parent":794,"menu_order":0,"comment_status":"closed","ping_status":"closed","template":"elementor_header_footer","meta":{"_acf_changed":false,"footnotes":""},"class_list":["post-2613","page","type-page","status-publish","hentry"],"acf":[],"yoast_head":"<!-- This site is optimized with the Yoast SEO plugin v27.4 - https:\/\/yoast.com\/product\/yoast-seo-wordpress\/ -->\n<title>Ovodonaci\u00f3n - Instituto de fertilidad Viamed - IFV<\/title>\n<meta name=\"description\" content=\"La recepci\u00f3n de \u00f3vulos de donante es una t\u00e9cnica muy solicitada debido a que la edad media de las pacientes que buscan ser madres es cada vez mayor.\" \/>\n<meta name=\"robots\" content=\"index, follow, max-snippet:-1, max-image-preview:large, max-video-preview:-1\" \/>\n<link rel=\"canonical\" href=\"https:\/\/www.institutofertilidadviamed.com\/clinica-alxen\/faqs\/ovodonacion\/\" \/>\n<meta property=\"og:locale\" content=\"es_ES\" \/>\n<meta property=\"og:type\" content=\"article\" \/>\n<meta property=\"og:title\" content=\"Ovodonaci\u00f3n - Instituto de fertilidad Viamed - IFV\" \/>\n<meta property=\"og:description\" content=\"La recepci\u00f3n de \u00f3vulos de donante es una t\u00e9cnica muy solicitada debido a que la edad media de las pacientes que buscan ser madres es cada vez mayor.\" \/>\n<meta property=\"og:url\" content=\"https:\/\/www.institutofertilidadviamed.com\/clinica-alxen\/faqs\/ovodonacion\/\" \/>\n<meta property=\"og:site_name\" content=\"IFV Viamed\" \/>\n<meta property=\"article:modified_time\" content=\"2023-02-15T10:49:21+00:00\" \/>\n<meta property=\"og:image\" content=\"https:\/\/www.institutofertilidadviamed.com\/clinica-alxen\/wp-content\/uploads\/2022\/12\/Mesa-de-trabajo-7-copia-11.png\" \/>\n<meta name=\"twitter:card\" content=\"summary_large_image\" \/>\n<meta name=\"twitter:label1\" content=\"Tiempo de lectura\" \/>\n\t<meta name=\"twitter:data1\" content=\"3 minutos\" \/>\n<script type=\"application\/ld+json\" class=\"yoast-schema-graph\">{\"@context\":\"https:\\\/\\\/schema.org\",\"@graph\":[{\"@type\":\"WebPage\",\"@id\":\"https:\\\/\\\/www.institutofertilidadviamed.com\\\/clinica-alxen\\\/faqs\\\/ovodonacion\\\/\",\"url\":\"https:\\\/\\\/www.institutofertilidadviamed.com\\\/clinica-alxen\\\/faqs\\\/ovodonacion\\\/\",\"name\":\"Ovodonaci\u00f3n - Instituto de fertilidad Viamed - IFV\",\"isPartOf\":{\"@id\":\"https:\\\/\\\/www.institutofertilidadviamed.com\\\/clinica-alxen\\\/#website\"},\"primaryImageOfPage\":{\"@id\":\"https:\\\/\\\/www.institutofertilidadviamed.com\\\/clinica-alxen\\\/faqs\\\/ovodonacion\\\/#primaryimage\"},\"image\":{\"@id\":\"https:\\\/\\\/www.institutofertilidadviamed.com\\\/clinica-alxen\\\/faqs\\\/ovodonacion\\\/#primaryimage\"},\"thumbnailUrl\":\"https:\\\/\\\/www.institutofertilidadviamed.com\\\/clinica-alxen\\\/wp-content\\\/uploads\\\/2022\\\/12\\\/Mesa-de-trabajo-7-copia-11.png\",\"datePublished\":\"2022-12-22T12:22:18+00:00\",\"dateModified\":\"2023-02-15T10:49:21+00:00\",\"description\":\"La recepci\u00f3n de \u00f3vulos de donante es una t\u00e9cnica muy solicitada debido a que la edad media de las pacientes que buscan ser madres es cada vez mayor.\",\"breadcrumb\":{\"@id\":\"https:\\\/\\\/www.institutofertilidadviamed.com\\\/clinica-alxen\\\/faqs\\\/ovodonacion\\\/#breadcrumb\"},\"inLanguage\":\"es\",\"potentialAction\":[{\"@type\":\"ReadAction\",\"target\":[\"https:\\\/\\\/www.institutofertilidadviamed.com\\\/clinica-alxen\\\/faqs\\\/ovodonacion\\\/\"]}]},{\"@type\":\"ImageObject\",\"inLanguage\":\"es\",\"@id\":\"https:\\\/\\\/www.institutofertilidadviamed.com\\\/clinica-alxen\\\/faqs\\\/ovodonacion\\\/#primaryimage\",\"url\":\"https:\\\/\\\/www.institutofertilidadviamed.com\\\/clinica-alxen\\\/wp-content\\\/uploads\\\/2022\\\/12\\\/Mesa-de-trabajo-7-copia-11.png\",\"contentUrl\":\"https:\\\/\\\/www.institutofertilidadviamed.com\\\/clinica-alxen\\\/wp-content\\\/uploads\\\/2022\\\/12\\\/Mesa-de-trabajo-7-copia-11.png\",\"width\":801,\"height\":801},{\"@type\":\"BreadcrumbList\",\"@id\":\"https:\\\/\\\/www.institutofertilidadviamed.com\\\/clinica-alxen\\\/faqs\\\/ovodonacion\\\/#breadcrumb\",\"itemListElement\":[{\"@type\":\"ListItem\",\"position\":1,\"name\":\"FAQS\",\"item\":\"https:\\\/\\\/www.institutofertilidadviamed.com\\\/clinica-alxen\\\/faqs\\\/\"},{\"@type\":\"ListItem\",\"position\":2,\"name\":\"Ovodonaci\u00f3n\"}]},{\"@type\":\"WebSite\",\"@id\":\"https:\\\/\\\/www.institutofertilidadviamed.com\\\/clinica-alxen\\\/#website\",\"url\":\"https:\\\/\\\/www.institutofertilidadviamed.com\\\/clinica-alxen\\\/\",\"name\":\"Instituto de fertilidad Viamed\",\"description\":\"\",\"publisher\":{\"@id\":\"https:\\\/\\\/www.institutofertilidadviamed.com\\\/clinica-alxen\\\/#organization\"},\"alternateName\":\"IFV Viamed\",\"potentialAction\":[{\"@type\":\"SearchAction\",\"target\":{\"@type\":\"EntryPoint\",\"urlTemplate\":\"https:\\\/\\\/www.institutofertilidadviamed.com\\\/clinica-alxen\\\/?s={search_term_string}\"},\"query-input\":{\"@type\":\"PropertyValueSpecification\",\"valueRequired\":true,\"valueName\":\"search_term_string\"}}],\"inLanguage\":\"es\"},{\"@type\":\"Organization\",\"@id\":\"https:\\\/\\\/www.institutofertilidadviamed.com\\\/clinica-alxen\\\/#organization\",\"name\":\"Instituto de fertilidad Viamed\",\"url\":\"https:\\\/\\\/www.institutofertilidadviamed.com\\\/clinica-alxen\\\/\",\"logo\":{\"@type\":\"ImageObject\",\"inLanguage\":\"es\",\"@id\":\"https:\\\/\\\/www.institutofertilidadviamed.com\\\/clinica-alxen\\\/#\\\/schema\\\/logo\\\/image\\\/\",\"url\":\"https:\\\/\\\/www.institutofertilidadviamed.com\\\/clinica-alxen\\\/wp-content\\\/uploads\\\/2022\\\/11\\\/ifv.png\",\"contentUrl\":\"https:\\\/\\\/www.institutofertilidadviamed.com\\\/clinica-alxen\\\/wp-content\\\/uploads\\\/2022\\\/11\\\/ifv.png\",\"width\":227,\"height\":61,\"caption\":\"Instituto de fertilidad Viamed\"},\"image\":{\"@id\":\"https:\\\/\\\/www.institutofertilidadviamed.com\\\/clinica-alxen\\\/#\\\/schema\\\/logo\\\/image\\\/\"},\"sameAs\":[\"https:\\\/\\\/www.instagram.com\\\/institutofertilidadviamed\\\/\"]}]}<\/script>\n<!-- \/ Yoast SEO plugin. -->","yoast_head_json":{"title":"Ovodonaci\u00f3n - Instituto de fertilidad Viamed - IFV","description":"La recepci\u00f3n de \u00f3vulos de donante es una t\u00e9cnica muy solicitada debido a que la edad media de las pacientes que buscan ser madres es cada vez mayor.","robots":{"index":"index","follow":"follow","max-snippet":"max-snippet:-1","max-image-preview":"max-image-preview:large","max-video-preview":"max-video-preview:-1"},"canonical":"https:\/\/www.institutofertilidadviamed.com\/clinica-alxen\/faqs\/ovodonacion\/","og_locale":"es_ES","og_type":"article","og_title":"Ovodonaci\u00f3n - Instituto de fertilidad Viamed - IFV","og_description":"La recepci\u00f3n de \u00f3vulos de donante es una t\u00e9cnica muy solicitada debido a que la edad media de las pacientes que buscan ser madres es cada vez mayor.","og_url":"https:\/\/www.institutofertilidadviamed.com\/clinica-alxen\/faqs\/ovodonacion\/","og_site_name":"IFV Viamed","article_modified_time":"2023-02-15T10:49:21+00:00","og_image":[{"url":"https:\/\/www.institutofertilidadviamed.com\/clinica-alxen\/wp-content\/uploads\/2022\/12\/Mesa-de-trabajo-7-copia-11.png","type":"","width":"","height":""}],"twitter_card":"summary_large_image","twitter_misc":{"Tiempo de lectura":"3 minutos"},"schema":{"@context":"https:\/\/schema.org","@graph":[{"@type":"WebPage","@id":"https:\/\/www.institutofertilidadviamed.com\/clinica-alxen\/faqs\/ovodonacion\/","url":"https:\/\/www.institutofertilidadviamed.com\/clinica-alxen\/faqs\/ovodonacion\/","name":"Ovodonaci\u00f3n - Instituto de fertilidad Viamed - IFV","isPartOf":{"@id":"https:\/\/www.institutofertilidadviamed.com\/clinica-alxen\/#website"},"primaryImageOfPage":{"@id":"https:\/\/www.institutofertilidadviamed.com\/clinica-alxen\/faqs\/ovodonacion\/#primaryimage"},"image":{"@id":"https:\/\/www.institutofertilidadviamed.com\/clinica-alxen\/faqs\/ovodonacion\/#primaryimage"},"thumbnailUrl":"https:\/\/www.institutofertilidadviamed.com\/clinica-alxen\/wp-content\/uploads\/2022\/12\/Mesa-de-trabajo-7-copia-11.png","datePublished":"2022-12-22T12:22:18+00:00","dateModified":"2023-02-15T10:49:21+00:00","description":"La recepci\u00f3n de \u00f3vulos de donante es una t\u00e9cnica muy solicitada debido a que la edad media de las pacientes que buscan ser madres es cada vez mayor.","breadcrumb":{"@id":"https:\/\/www.institutofertilidadviamed.com\/clinica-alxen\/faqs\/ovodonacion\/#breadcrumb"},"inLanguage":"es","potentialAction":[{"@type":"ReadAction","target":["https:\/\/www.institutofertilidadviamed.com\/clinica-alxen\/faqs\/ovodonacion\/"]}]},{"@type":"ImageObject","inLanguage":"es","@id":"https:\/\/www.institutofertilidadviamed.com\/clinica-alxen\/faqs\/ovodonacion\/#primaryimage","url":"https:\/\/www.institutofertilidadviamed.com\/clinica-alxen\/wp-content\/uploads\/2022\/12\/Mesa-de-trabajo-7-copia-11.png","contentUrl":"https:\/\/www.institutofertilidadviamed.com\/clinica-alxen\/wp-content\/uploads\/2022\/12\/Mesa-de-trabajo-7-copia-11.png","width":801,"height":801},{"@type":"BreadcrumbList","@id":"https:\/\/www.institutofertilidadviamed.com\/clinica-alxen\/faqs\/ovodonacion\/#breadcrumb","itemListElement":[{"@type":"ListItem","position":1,"name":"FAQS","item":"https:\/\/www.institutofertilidadviamed.com\/clinica-alxen\/faqs\/"},{"@type":"ListItem","position":2,"name":"Ovodonaci\u00f3n"}]},{"@type":"WebSite","@id":"https:\/\/www.institutofertilidadviamed.com\/clinica-alxen\/#website","url":"https:\/\/www.institutofertilidadviamed.com\/clinica-alxen\/","name":"Instituto de fertilidad Viamed","description":"","publisher":{"@id":"https:\/\/www.institutofertilidadviamed.com\/clinica-alxen\/#organization"},"alternateName":"IFV Viamed","potentialAction":[{"@type":"SearchAction","target":{"@type":"EntryPoint","urlTemplate":"https:\/\/www.institutofertilidadviamed.com\/clinica-alxen\/?s={search_term_string}"},"query-input":{"@type":"PropertyValueSpecification","valueRequired":true,"valueName":"search_term_string"}}],"inLanguage":"es"},{"@type":"Organization","@id":"https:\/\/www.institutofertilidadviamed.com\/clinica-alxen\/#organization","name":"Instituto de fertilidad Viamed","url":"https:\/\/www.institutofertilidadviamed.com\/clinica-alxen\/","logo":{"@type":"ImageObject","inLanguage":"es","@id":"https:\/\/www.institutofertilidadviamed.com\/clinica-alxen\/#\/schema\/logo\/image\/","url":"https:\/\/www.institutofertilidadviamed.com\/clinica-alxen\/wp-content\/uploads\/2022\/11\/ifv.png","contentUrl":"https:\/\/www.institutofertilidadviamed.com\/clinica-alxen\/wp-content\/uploads\/2022\/11\/ifv.png","width":227,"height":61,"caption":"Instituto de fertilidad Viamed"},"image":{"@id":"https:\/\/www.institutofertilidadviamed.com\/clinica-alxen\/#\/schema\/logo\/image\/"},"sameAs":["https:\/\/www.instagram.com\/institutofertilidadviamed\/"]}]}},"_links":{"self":[{"href":"https:\/\/www.institutofertilidadviamed.com\/clinica-alxen\/wp-json\/wp\/v2\/pages\/2613","targetHints":{"allow":["GET"]}}],"collection":[{"href":"https:\/\/www.institutofertilidadviamed.com\/clinica-alxen\/wp-json\/wp\/v2\/pages"}],"about":[{"href":"https:\/\/www.institutofertilidadviamed.com\/clinica-alxen\/wp-json\/wp\/v2\/types\/page"}],"author":[{"embeddable":true,"href":"https:\/\/www.institutofertilidadviamed.com\/clinica-alxen\/wp-json\/wp\/v2\/users\/1"}],"replies":[{"embeddable":true,"href":"https:\/\/www.institutofertilidadviamed.com\/clinica-alxen\/wp-json\/wp\/v2\/comments?post=2613"}],"version-history":[{"count":14,"href":"https:\/\/www.institutofertilidadviamed.com\/clinica-alxen\/wp-json\/wp\/v2\/pages\/2613\/revisions"}],"predecessor-version":[{"id":3850,"href":"https:\/\/www.institutofertilidadviamed.com\/clinica-alxen\/wp-json\/wp\/v2\/pages\/2613\/revisions\/3850"}],"up":[{"embeddable":true,"href":"https:\/\/www.institutofertilidadviamed.com\/clinica-alxen\/wp-json\/wp\/v2\/pages\/794"}],"wp:attachment":[{"href":"https:\/\/www.institutofertilidadviamed.com\/clinica-alxen\/wp-json\/wp\/v2\/media?parent=2613"}],"curies":[{"name":"wp","href":"https:\/\/api.w.org\/{rel}","templated":true}]}}