{"id":2033,"date":"2022-12-19T08:45:38","date_gmt":"2022-12-19T08:45:38","guid":{"rendered":"https:\/\/www.institutofertilidadviamed.com\/hospital-santa-angela-de-la-cruz\/?page_id=2033"},"modified":"2024-03-19T15:04:11","modified_gmt":"2024-03-19T15:04:11","slug":"efectos-secundarios-del-tratamiento","status":"publish","type":"page","link":"https:\/\/www.institutofertilidadviamed.com\/hospital-santa-angela-de-la-cruz\/faqs\/efectos-secundarios-del-tratamiento\/","title":{"rendered":"Efectos secundarios del tratamiento"},"content":{"rendered":"\t\t<div data-elementor-type=\"wp-page\" data-elementor-id=\"2033\" class=\"elementor elementor-2033\" data-elementor-post-type=\"page\">\n\t\t\t\t\t\t<section class=\"elementor-section elementor-top-section elementor-element elementor-element-55fe438 elementor-section-boxed elementor-section-height-default elementor-section-height-default\" data-id=\"55fe438\" data-element_type=\"section\" data-e-type=\"section\" data-settings=\"{&quot;background_background&quot;:&quot;classic&quot;}\">\n\t\t\t\t\t\t\t<div class=\"elementor-background-overlay\"><\/div>\n\t\t\t\t\t\t\t<div class=\"elementor-container elementor-column-gap-default\">\n\t\t\t\t\t<div class=\"elementor-column elementor-col-100 elementor-top-column elementor-element elementor-element-1667b46\" data-id=\"1667b46\" data-element_type=\"column\" data-e-type=\"column\">\n\t\t\t<div class=\"elementor-widget-wrap elementor-element-populated\">\n\t\t\t\t\t\t<div class=\"elementor-element elementor-element-77bf5ae elementor-widget elementor-widget-heading\" data-id=\"77bf5ae\" data-element_type=\"widget\" data-e-type=\"widget\" data-widget_type=\"heading.default\">\n\t\t\t\t<div class=\"elementor-widget-container\">\n\t\t\t\t\t<h1 class=\"elementor-heading-title elementor-size-default\">Efectos secundarios del tratamiento<\/h1>\t\t\t\t<\/div>\n\t\t\t\t<\/div>\n\t\t\t\t<div class=\"elementor-element elementor-element-43a57a4 elementor-widget-divider--view-line elementor-widget elementor-widget-divider\" data-id=\"43a57a4\" data-element_type=\"widget\" data-e-type=\"widget\" data-widget_type=\"divider.default\">\n\t\t\t\t<div class=\"elementor-widget-container\">\n\t\t\t\t\t\t\t<div class=\"elementor-divider\">\n\t\t\t<span class=\"elementor-divider-separator\">\n\t\t\t\t\t\t<\/span>\n\t\t<\/div>\n\t\t\t\t\t\t<\/div>\n\t\t\t\t<\/div>\n\t\t\t\t\t<\/div>\n\t\t<\/div>\n\t\t\t\t\t<\/div>\n\t\t<\/section>\n\t\t\t\t<section class=\"elementor-section elementor-top-section elementor-element elementor-element-6b88a6c elementor-section-boxed elementor-section-height-default elementor-section-height-default\" data-id=\"6b88a6c\" data-element_type=\"section\" data-e-type=\"section\">\n\t\t\t\t\t\t<div class=\"elementor-container elementor-column-gap-default\">\n\t\t\t\t\t<div class=\"elementor-column elementor-col-100 elementor-top-column elementor-element elementor-element-fa196a9\" data-id=\"fa196a9\" data-element_type=\"column\" data-e-type=\"column\">\n\t\t\t<div class=\"elementor-widget-wrap elementor-element-populated\">\n\t\t\t\t\t\t<div class=\"elementor-element elementor-element-81998c2 elementor-widget elementor-widget-toggle\" data-id=\"81998c2\" data-element_type=\"widget\" data-e-type=\"widget\" data-widget_type=\"toggle.default\">\n\t\t\t\t<div class=\"elementor-widget-container\">\n\t\t\t\t\t\t\t<div class=\"elementor-toggle\">\n\t\t\t\t\t\t\t<div class=\"elementor-toggle-item\">\n\t\t\t\t\t<h2 id=\"elementor-tab-title-1351\" class=\"elementor-tab-title\" data-tab=\"1\" role=\"button\" aria-controls=\"elementor-tab-content-1351\" aria-expanded=\"false\">\n\t\t\t\t\t\t\t\t\t\t\t\t<span class=\"elementor-toggle-icon elementor-toggle-icon-left\" aria-hidden=\"true\">\n\t\t\t\t\t\t\t\t\t\t\t\t\t\t\t<span class=\"elementor-toggle-icon-closed\"><i class=\"icon icon-plus\"><\/i><\/span>\n\t\t\t\t\t\t\t\t<span class=\"elementor-toggle-icon-opened\"><i class=\"elementor-toggle-icon-opened icon icon-minus\"><\/i><\/span>\n\t\t\t\t\t\t\t\t\t\t\t\t\t<\/span>\n\t\t\t\t\t\t\t\t\t\t\t\t<a class=\"elementor-toggle-title\" tabindex=\"0\">Sangrado de implantaci\u00f3n<\/a>\n\t\t\t\t\t<\/h2>\n\n\t\t\t\t\t<div id=\"elementor-tab-content-1351\" class=\"elementor-tab-content elementor-clearfix\" data-tab=\"1\" role=\"region\" aria-labelledby=\"elementor-tab-title-1351\"><p>Esta es una cuesti\u00f3n muy controvertida, es muy frecuente la existencia de sangrado genital en el primer trimestre del embarazo. En este periodo se produce el contacto de la sangre materna con las estructuras embrionarias una vez el saco gestacional es incorporado a la pared interna del \u00fatero (endometrio).<\/p><p>El embri\u00f3n permanece durante varios d\u00edas en la trompa de Falopio y no es hasta una semana despu\u00e9s de la fecundaci\u00f3n cuando se produce la implantaci\u00f3n en el interior del \u00fatero. Una vez all\u00ed se producen una serie de cambios que conducir\u00e1n a un aporte sangu\u00edneo procedente de la madre que facilitar\u00e1 de energ\u00eda al embri\u00f3n que comienza a desarrollarse.<\/p><p>Cuando se produce la implantaci\u00f3n nunca suelen percibirse sangrados, pues como hemos dicho, la implantaci\u00f3n se produce alrededor del d\u00eda 20\u00ba-22\u00ba del ciclo, es decir una semana despu\u00e9s de la ovulaci\u00f3n y de la fecundaci\u00f3n y una semana antes de la esperada menstruaci\u00f3n.<\/p><p>Los sangrados suelen comenzar una semana despu\u00e9s de la implantaci\u00f3n, es decir alrededor de la fecha prevista de la regla o incluso despu\u00e9s una vez detectado el embarazo mediante un test en orina.<\/p><p>Hay algunos Test de Embarazo ultrasensibles que detectan cantidades muy peque\u00f1as de Gonadotropina Cori\u00f3nica Humana (hCG) que se producen 2 a 4 d\u00edas despu\u00e9s de la implantaci\u00f3n, es decir desde unos 3-5 d\u00edas antes de la fecha prevista para la regla.<\/p><p>Estos sangrados post-implantatorios son similares al sangrado que se produce con cualquier oscilaci\u00f3n hormonal (usualmente bajada temporal en los niveles de progesterona) en las amenazas de aborto por ello no son f\u00e1ciles de interpretar y se deben tratar con el aporte de Progesterona que pudiera faltar y reposo f\u00edsico para que baje la tensi\u00f3n arterial y se cierren los vasos sangu\u00edneos que est\u00e1n vertiendo la sangre al exterior.<\/p><\/div>\n\t\t\t\t<\/div>\n\t\t\t\t\t\t\t<div class=\"elementor-toggle-item\">\n\t\t\t\t\t<h2 id=\"elementor-tab-title-1352\" class=\"elementor-tab-title\" data-tab=\"2\" role=\"button\" aria-controls=\"elementor-tab-content-1352\" aria-expanded=\"false\">\n\t\t\t\t\t\t\t\t\t\t\t\t<span class=\"elementor-toggle-icon elementor-toggle-icon-left\" aria-hidden=\"true\">\n\t\t\t\t\t\t\t\t\t\t\t\t\t\t\t<span class=\"elementor-toggle-icon-closed\"><i class=\"icon icon-plus\"><\/i><\/span>\n\t\t\t\t\t\t\t\t<span class=\"elementor-toggle-icon-opened\"><i class=\"elementor-toggle-icon-opened icon icon-minus\"><\/i><\/span>\n\t\t\t\t\t\t\t\t\t\t\t\t\t<\/span>\n\t\t\t\t\t\t\t\t\t\t\t\t<a class=\"elementor-toggle-title\" tabindex=\"0\">Molestias<\/a>\n\t\t\t\t\t<\/h2>\n\n\t\t\t\t\t<div id=\"elementor-tab-content-1352\" class=\"elementor-tab-content elementor-clearfix\" data-tab=\"2\" role=\"region\" aria-labelledby=\"elementor-tab-title-1352\"><p>Las pacientes que se encuentran haciendo un tratamiento de reproducci\u00f3n asistida debido a que estos tratamientos son hormonales, pueden sentir cambios en su cuerpo, estos no ocurren a todas las mujeres por igual y suelen desaparecer al t\u00e9rmino del tratamiento. Las molestias m\u00e1s frecuentes pueden ser: hinchaz\u00f3n ligera de pecho y abdomen, fatiga, dolor leve de cabeza, cambios de humor, estre\u00f1imiento, n\u00e1useas, taquicardias y retenci\u00f3n de l\u00edquidos.<\/p><p>El efecto local de la medicaci\u00f3n que se administra v\u00eda subcut\u00e1nea puede ser inflamaci\u00f3n, enrojecimiento y picor de la zona que suele desaparecer el mismo d\u00eda o tras 2 d\u00edas despu\u00e9s de la administraci\u00f3n.<\/p><h2><span style=\"font-size: 16px;\"> \u00a0<\/span><\/h2><\/div>\n\t\t\t\t<\/div>\n\t\t\t\t\t\t\t<div class=\"elementor-toggle-item\">\n\t\t\t\t\t<h2 id=\"elementor-tab-title-1353\" class=\"elementor-tab-title\" data-tab=\"3\" role=\"button\" aria-controls=\"elementor-tab-content-1353\" aria-expanded=\"false\">\n\t\t\t\t\t\t\t\t\t\t\t\t<span class=\"elementor-toggle-icon elementor-toggle-icon-left\" aria-hidden=\"true\">\n\t\t\t\t\t\t\t\t\t\t\t\t\t\t\t<span class=\"elementor-toggle-icon-closed\"><i class=\"icon icon-plus\"><\/i><\/span>\n\t\t\t\t\t\t\t\t<span class=\"elementor-toggle-icon-opened\"><i class=\"elementor-toggle-icon-opened icon icon-minus\"><\/i><\/span>\n\t\t\t\t\t\t\t\t\t\t\t\t\t<\/span>\n\t\t\t\t\t\t\t\t\t\t\t\t<a class=\"elementor-toggle-title\" tabindex=\"0\">Embarazo m\u00faltiple<\/a>\n\t\t\t\t\t<\/h2>\n\n\t\t\t\t\t<div id=\"elementor-tab-content-1353\" class=\"elementor-tab-content elementor-clearfix\" data-tab=\"3\" role=\"region\" aria-labelledby=\"elementor-tab-title-1353\"><p>Muchas pacientes creen que en la FIV es dif\u00edcil evitar la gestaci\u00f3n m\u00faltiple y esto es inexacto. La ocurrencia de un embarazo m\u00faltiple depende exclusivamente del n\u00famero de embriones que lleguen al \u00fatero durante el periodo f\u00e9rtil de la mujer. En los tratamientos de reproducci\u00f3n asistida cada vez m\u00e1s se evita la utilizaci\u00f3n de m\u00e1s de un embri\u00f3n por intento, en la inseminaci\u00f3n artificial no es tan f\u00e1cil controlar el n\u00famero de embriones pues la t\u00e9cnica no usa embriones sino espermatozoides, sin embargo en la FIV es la mujer (con el asesoramiento del ginec\u00f3logo) la que decide el n\u00famero de embriones a utilizar, por lo tanto el riesgo de embarazos m\u00faltiples esta m\u00e1s controlado en la FIV que en la inseminaci\u00f3n artificial.<\/p><\/div>\n\t\t\t\t<\/div>\n\t\t\t\t\t\t\t<div class=\"elementor-toggle-item\">\n\t\t\t\t\t<h2 id=\"elementor-tab-title-1354\" class=\"elementor-tab-title\" data-tab=\"4\" role=\"button\" aria-controls=\"elementor-tab-content-1354\" aria-expanded=\"false\">\n\t\t\t\t\t\t\t\t\t\t\t\t<span class=\"elementor-toggle-icon elementor-toggle-icon-left\" aria-hidden=\"true\">\n\t\t\t\t\t\t\t\t\t\t\t\t\t\t\t<span class=\"elementor-toggle-icon-closed\"><i class=\"icon icon-plus\"><\/i><\/span>\n\t\t\t\t\t\t\t\t<span class=\"elementor-toggle-icon-opened\"><i class=\"elementor-toggle-icon-opened icon icon-minus\"><\/i><\/span>\n\t\t\t\t\t\t\t\t\t\t\t\t\t<\/span>\n\t\t\t\t\t\t\t\t\t\t\t\t<a class=\"elementor-toggle-title\" tabindex=\"0\">C\u00f3mo se gastan los \u00f3vulos<\/a>\n\t\t\t\t\t<\/h2>\n\n\t\t\t\t\t<div id=\"elementor-tab-content-1354\" class=\"elementor-tab-content elementor-clearfix\" data-tab=\"4\" role=\"region\" aria-labelledby=\"elementor-tab-title-1354\"><p>Una pregunta habitual en mujeres que se plantean una FIV es \u00bfCu\u00e1ntos \u00f3vulos voy a perder para el futuro si me someto a un tratamiento FIV?<\/p><p>Si me preocupa que un gasto de \u00f3vulos superior al \u00abnormal\u00bb pueda provocarme un trastorno, un problema de salud o adelantar mi menopausia puedo quedarme tranquila, en un tratamiento de FIV no se pierde ning\u00fan \u00f3vulo que pudiera tener utilidad en el futuro.<\/p><p>\u00bfC\u00f3mo es esto posible? Ten\u00edamos entendido que cada mes se gasta un \u00fanico \u00f3vulo y en una estimulaci\u00f3n se pueden extraer del ovario algunas decenas de \u00f3vulos. Tambi\u00e9n hab\u00eda o\u00eddo que si se ten\u00eda la primera regla m\u00e1s joven tendr\u00eda la menopausia a una m\u00e1s temprana edad.<\/p><p>Esta idea se ten\u00eda como cierta hace algunas decenas de a\u00f1os, pero es una interpretaci\u00f3n err\u00f3nea. Si esto fuera cierto una mujer que encadena embarazos teniendo muchos hijos o si toma muchos a\u00f1os la p\u00edldora anticonceptiva no consumir\u00eda casi ning\u00fan \u00f3vulo y tendr\u00eda la menopausia varios a\u00f1os m\u00e1s tarde y sin embargo esto no ocurre.<\/p><p>La menopausia llega igual si una mujer ovula todos los meses o no ovula. La ovulaci\u00f3n no es el origen de la p\u00e9rdida de los \u00f3vulos, la ovulaci\u00f3n permite \u00abaprovechar\u00bb (para lograr un embarazo) uno s\u00f3lo de los miles de \u00f3vulos que se consumen inevitablemente cada mes y este consumo de \u00f3vulos no tiene ninguna relaci\u00f3n con la ovulaci\u00f3n.<\/p><p>Un feto femenino de 20 semanas tiene en el interior de sus ovarios m\u00e1s de 6 millones de \u00f3vulos, sin embargo antes de nacer ya ha perdido 5 millones de \u00f3vulos, esta ni\u00f1a al nacer tiene aproximadamente 1 mill\u00f3n de \u00f3vulos, es decir s\u00f3lo conserva el 16% de los \u00f3vulos que ten\u00eda 20 semanas atr\u00e1s.<\/p><p>Cuando esta ni\u00f1a tiene su primera regla s\u00f3lo conserva unos 350.000 \u00f3vulos en sus ovarios, de los que s\u00f3lo poco m\u00e1s de 400 \u00f3vulos llegar\u00e1n alguna vez a la trompa con la ovulaci\u00f3n. \u00bfQu\u00e9 pasa con el resto de \u00f3vulos? \u00bfA d\u00f3nde van esos 6 millones de \u00f3vulos que no se ovulan?<\/p><p>Esos \u00f3vulos se atresian, se mueren. Esto ocurre en forma continuada y a d\u00eda de hoy no hay manera de evitar que se pierdan. Por eso no hay que temer cuando se aprovechan esos \u00f3vulos en un tratamiento FIV, ya que estos \u00f3vulos estaban destinados a perderse cada mes. M\u00e1s de 2000 \u00f3vulos se pierden cada mes desde el nacimiento. Con la primera regla uno de estos \u00f3vulos sale maduro del ovario y puede aprovecharse para conseguir un embarazo, sin embargo el resto se pierden sin poder evitarlo. Cuando se realiza una estimulaci\u00f3n hormonal pueden llegar a madurar hasta el 10% de los \u00f3vulos que se consumen en ese ciclo, m\u00e1s del 90% de la cantidad consumida ese mes no pueden ser aprovechados.<\/p><p>En el per\u00edodo de m\u00e1xima fertilidad (de los 20 a los 30 a\u00f1os) se han consumido ya el 96% de los \u00f3vulos, pero perduran a\u00fan en el ovario unos 250.000 \u00f3vulos que desaparecen en su casi totalidad con la menopausia, en la que a\u00fan se conservan algo menos de 1000 \u00f3vulos.<\/p><\/div>\n\t\t\t\t<\/div>\n\t\t\t\t\t\t\t\t<\/div>\n\t\t\t\t\t\t<\/div>\n\t\t\t\t<\/div>\n\t\t\t\t\t<\/div>\n\t\t<\/div>\n\t\t\t\t\t<\/div>\n\t\t<\/section>\n\t\t\t\t<\/div>\n\t\t","protected":false},"excerpt":{"rendered":"<p>Efectos secundarios del tratamiento Sangrado de implantaci\u00f3n Esta es una cuesti\u00f3n muy controvertida, es muy frecuente la existencia de sangrado genital en el primer trimestre del embarazo. En este periodo se produce el contacto de la sangre materna con las estructuras embrionarias una vez el saco gestacional es incorporado a la pared interna del \u00fatero [&hellip;]<\/p>\n","protected":false},"author":1,"featured_media":0,"parent":794,"menu_order":0,"comment_status":"closed","ping_status":"closed","template":"elementor_header_footer","meta":{"_acf_changed":false,"footnotes":""},"class_list":["post-2033","page","type-page","status-publish","hentry"],"acf":[],"yoast_head":"<!-- This site is optimized with the Yoast SEO plugin v27.4 - https:\/\/yoast.com\/product\/yoast-seo-wordpress\/ -->\n<title>Efectos secundarios - Instituto de fertilidad Viamed - IFV Sevilla<\/title>\n<meta name=\"description\" content=\"Algunos de los posibles efectos secundarios son: sangrado de implantaci\u00f3n, molestias, embarazo m\u00faltiple, gasto de los \u00f3vulos.\" \/>\n<meta name=\"robots\" content=\"index, follow, max-snippet:-1, max-image-preview:large, max-video-preview:-1\" \/>\n<link rel=\"canonical\" href=\"https:\/\/www.institutofertilidadviamed.com\/hospital-santa-angela-de-la-cruz\/faqs\/efectos-secundarios-del-tratamiento\/\" \/>\n<meta property=\"og:locale\" content=\"es_ES\" \/>\n<meta property=\"og:type\" content=\"article\" \/>\n<meta property=\"og:title\" content=\"Efectos secundarios - Instituto de fertilidad Viamed - IFV Sevilla\" \/>\n<meta property=\"og:description\" content=\"Algunos de los posibles efectos secundarios son: sangrado de implantaci\u00f3n, molestias, embarazo m\u00faltiple, gasto de los \u00f3vulos.\" \/>\n<meta property=\"og:url\" content=\"https:\/\/www.institutofertilidadviamed.com\/hospital-santa-angela-de-la-cruz\/faqs\/efectos-secundarios-del-tratamiento\/\" \/>\n<meta property=\"og:site_name\" content=\"IFV Viamed\" \/>\n<meta property=\"article:modified_time\" content=\"2024-03-19T15:04:11+00:00\" \/>\n<meta property=\"og:image\" content=\"https:\/\/www.institutofertilidadviamed.com\/hospital-santa-angela-de-la-cruz\/wp-content\/uploads\/2022\/11\/ifv.png\" \/>\n\t<meta property=\"og:image:width\" content=\"227\" \/>\n\t<meta property=\"og:image:height\" content=\"61\" \/>\n\t<meta property=\"og:image:type\" content=\"image\/png\" \/>\n<meta name=\"twitter:card\" content=\"summary_large_image\" \/>\n<meta name=\"twitter:label1\" content=\"Tiempo de lectura\" \/>\n\t<meta name=\"twitter:data1\" content=\"5 minutos\" \/>\n<script type=\"application\/ld+json\" class=\"yoast-schema-graph\">{\"@context\":\"https:\\\/\\\/schema.org\",\"@graph\":[{\"@type\":\"WebPage\",\"@id\":\"https:\\\/\\\/www.institutofertilidadviamed.com\\\/hospital-santa-angela-de-la-cruz\\\/faqs\\\/efectos-secundarios-del-tratamiento\\\/\",\"url\":\"https:\\\/\\\/www.institutofertilidadviamed.com\\\/hospital-santa-angela-de-la-cruz\\\/faqs\\\/efectos-secundarios-del-tratamiento\\\/\",\"name\":\"Efectos secundarios - Instituto de fertilidad Viamed - IFV Sevilla\",\"isPartOf\":{\"@id\":\"https:\\\/\\\/www.institutofertilidadviamed.com\\\/hospital-santa-angela-de-la-cruz\\\/#website\"},\"datePublished\":\"2022-12-19T08:45:38+00:00\",\"dateModified\":\"2024-03-19T15:04:11+00:00\",\"description\":\"Algunos de los posibles efectos secundarios son: sangrado de implantaci\u00f3n, molestias, embarazo m\u00faltiple, gasto de los \u00f3vulos.\",\"breadcrumb\":{\"@id\":\"https:\\\/\\\/www.institutofertilidadviamed.com\\\/hospital-santa-angela-de-la-cruz\\\/faqs\\\/efectos-secundarios-del-tratamiento\\\/#breadcrumb\"},\"inLanguage\":\"es\",\"potentialAction\":[{\"@type\":\"ReadAction\",\"target\":[\"https:\\\/\\\/www.institutofertilidadviamed.com\\\/hospital-santa-angela-de-la-cruz\\\/faqs\\\/efectos-secundarios-del-tratamiento\\\/\"]}]},{\"@type\":\"BreadcrumbList\",\"@id\":\"https:\\\/\\\/www.institutofertilidadviamed.com\\\/hospital-santa-angela-de-la-cruz\\\/faqs\\\/efectos-secundarios-del-tratamiento\\\/#breadcrumb\",\"itemListElement\":[{\"@type\":\"ListItem\",\"position\":1,\"name\":\"FAQS\",\"item\":\"https:\\\/\\\/www.institutofertilidadviamed.com\\\/hospital-santa-angela-de-la-cruz\\\/faqs\\\/\"},{\"@type\":\"ListItem\",\"position\":2,\"name\":\"Efectos secundarios del tratamiento\"}]},{\"@type\":\"WebSite\",\"@id\":\"https:\\\/\\\/www.institutofertilidadviamed.com\\\/hospital-santa-angela-de-la-cruz\\\/#website\",\"url\":\"https:\\\/\\\/www.institutofertilidadviamed.com\\\/hospital-santa-angela-de-la-cruz\\\/\",\"name\":\"Instituto de fertilidad Viamed\",\"description\":\"\",\"publisher\":{\"@id\":\"https:\\\/\\\/www.institutofertilidadviamed.com\\\/hospital-santa-angela-de-la-cruz\\\/#organization\"},\"alternateName\":\"IFV Viamed\",\"potentialAction\":[{\"@type\":\"SearchAction\",\"target\":{\"@type\":\"EntryPoint\",\"urlTemplate\":\"https:\\\/\\\/www.institutofertilidadviamed.com\\\/hospital-santa-angela-de-la-cruz\\\/?s={search_term_string}\"},\"query-input\":{\"@type\":\"PropertyValueSpecification\",\"valueRequired\":true,\"valueName\":\"search_term_string\"}}],\"inLanguage\":\"es\"},{\"@type\":\"Organization\",\"@id\":\"https:\\\/\\\/www.institutofertilidadviamed.com\\\/hospital-santa-angela-de-la-cruz\\\/#organization\",\"name\":\"Instituto de fertilidad Viamed\",\"url\":\"https:\\\/\\\/www.institutofertilidadviamed.com\\\/hospital-santa-angela-de-la-cruz\\\/\",\"logo\":{\"@type\":\"ImageObject\",\"inLanguage\":\"es\",\"@id\":\"https:\\\/\\\/www.institutofertilidadviamed.com\\\/hospital-santa-angela-de-la-cruz\\\/#\\\/schema\\\/logo\\\/image\\\/\",\"url\":\"https:\\\/\\\/www.institutofertilidadviamed.com\\\/hospital-santa-angela-de-la-cruz\\\/wp-content\\\/uploads\\\/2022\\\/11\\\/ifv.png\",\"contentUrl\":\"https:\\\/\\\/www.institutofertilidadviamed.com\\\/hospital-santa-angela-de-la-cruz\\\/wp-content\\\/uploads\\\/2022\\\/11\\\/ifv.png\",\"width\":227,\"height\":61,\"caption\":\"Instituto de fertilidad Viamed\"},\"image\":{\"@id\":\"https:\\\/\\\/www.institutofertilidadviamed.com\\\/hospital-santa-angela-de-la-cruz\\\/#\\\/schema\\\/logo\\\/image\\\/\"},\"sameAs\":[\"https:\\\/\\\/www.instagram.com\\\/institutofertilidadviamed\\\/\"]}]}<\/script>\n<!-- \/ Yoast SEO plugin. -->","yoast_head_json":{"title":"Efectos secundarios - Instituto de fertilidad Viamed - IFV Sevilla","description":"Algunos de los posibles efectos secundarios son: sangrado de implantaci\u00f3n, molestias, embarazo m\u00faltiple, gasto de los \u00f3vulos.","robots":{"index":"index","follow":"follow","max-snippet":"max-snippet:-1","max-image-preview":"max-image-preview:large","max-video-preview":"max-video-preview:-1"},"canonical":"https:\/\/www.institutofertilidadviamed.com\/hospital-santa-angela-de-la-cruz\/faqs\/efectos-secundarios-del-tratamiento\/","og_locale":"es_ES","og_type":"article","og_title":"Efectos secundarios - Instituto de fertilidad Viamed - IFV Sevilla","og_description":"Algunos de los posibles efectos secundarios son: sangrado de implantaci\u00f3n, molestias, embarazo m\u00faltiple, gasto de los \u00f3vulos.","og_url":"https:\/\/www.institutofertilidadviamed.com\/hospital-santa-angela-de-la-cruz\/faqs\/efectos-secundarios-del-tratamiento\/","og_site_name":"IFV Viamed","article_modified_time":"2024-03-19T15:04:11+00:00","og_image":[{"width":227,"height":61,"url":"https:\/\/www.institutofertilidadviamed.com\/hospital-santa-angela-de-la-cruz\/wp-content\/uploads\/2022\/11\/ifv.png","type":"image\/png"}],"twitter_card":"summary_large_image","twitter_misc":{"Tiempo de lectura":"5 minutos"},"schema":{"@context":"https:\/\/schema.org","@graph":[{"@type":"WebPage","@id":"https:\/\/www.institutofertilidadviamed.com\/hospital-santa-angela-de-la-cruz\/faqs\/efectos-secundarios-del-tratamiento\/","url":"https:\/\/www.institutofertilidadviamed.com\/hospital-santa-angela-de-la-cruz\/faqs\/efectos-secundarios-del-tratamiento\/","name":"Efectos secundarios - Instituto de fertilidad Viamed - IFV Sevilla","isPartOf":{"@id":"https:\/\/www.institutofertilidadviamed.com\/hospital-santa-angela-de-la-cruz\/#website"},"datePublished":"2022-12-19T08:45:38+00:00","dateModified":"2024-03-19T15:04:11+00:00","description":"Algunos de los posibles efectos secundarios son: sangrado de implantaci\u00f3n, molestias, embarazo m\u00faltiple, gasto de los \u00f3vulos.","breadcrumb":{"@id":"https:\/\/www.institutofertilidadviamed.com\/hospital-santa-angela-de-la-cruz\/faqs\/efectos-secundarios-del-tratamiento\/#breadcrumb"},"inLanguage":"es","potentialAction":[{"@type":"ReadAction","target":["https:\/\/www.institutofertilidadviamed.com\/hospital-santa-angela-de-la-cruz\/faqs\/efectos-secundarios-del-tratamiento\/"]}]},{"@type":"BreadcrumbList","@id":"https:\/\/www.institutofertilidadviamed.com\/hospital-santa-angela-de-la-cruz\/faqs\/efectos-secundarios-del-tratamiento\/#breadcrumb","itemListElement":[{"@type":"ListItem","position":1,"name":"FAQS","item":"https:\/\/www.institutofertilidadviamed.com\/hospital-santa-angela-de-la-cruz\/faqs\/"},{"@type":"ListItem","position":2,"name":"Efectos secundarios del tratamiento"}]},{"@type":"WebSite","@id":"https:\/\/www.institutofertilidadviamed.com\/hospital-santa-angela-de-la-cruz\/#website","url":"https:\/\/www.institutofertilidadviamed.com\/hospital-santa-angela-de-la-cruz\/","name":"Instituto de fertilidad Viamed","description":"","publisher":{"@id":"https:\/\/www.institutofertilidadviamed.com\/hospital-santa-angela-de-la-cruz\/#organization"},"alternateName":"IFV Viamed","potentialAction":[{"@type":"SearchAction","target":{"@type":"EntryPoint","urlTemplate":"https:\/\/www.institutofertilidadviamed.com\/hospital-santa-angela-de-la-cruz\/?s={search_term_string}"},"query-input":{"@type":"PropertyValueSpecification","valueRequired":true,"valueName":"search_term_string"}}],"inLanguage":"es"},{"@type":"Organization","@id":"https:\/\/www.institutofertilidadviamed.com\/hospital-santa-angela-de-la-cruz\/#organization","name":"Instituto de fertilidad Viamed","url":"https:\/\/www.institutofertilidadviamed.com\/hospital-santa-angela-de-la-cruz\/","logo":{"@type":"ImageObject","inLanguage":"es","@id":"https:\/\/www.institutofertilidadviamed.com\/hospital-santa-angela-de-la-cruz\/#\/schema\/logo\/image\/","url":"https:\/\/www.institutofertilidadviamed.com\/hospital-santa-angela-de-la-cruz\/wp-content\/uploads\/2022\/11\/ifv.png","contentUrl":"https:\/\/www.institutofertilidadviamed.com\/hospital-santa-angela-de-la-cruz\/wp-content\/uploads\/2022\/11\/ifv.png","width":227,"height":61,"caption":"Instituto de fertilidad Viamed"},"image":{"@id":"https:\/\/www.institutofertilidadviamed.com\/hospital-santa-angela-de-la-cruz\/#\/schema\/logo\/image\/"},"sameAs":["https:\/\/www.instagram.com\/institutofertilidadviamed\/"]}]}},"_links":{"self":[{"href":"https:\/\/www.institutofertilidadviamed.com\/hospital-santa-angela-de-la-cruz\/wp-json\/wp\/v2\/pages\/2033","targetHints":{"allow":["GET"]}}],"collection":[{"href":"https:\/\/www.institutofertilidadviamed.com\/hospital-santa-angela-de-la-cruz\/wp-json\/wp\/v2\/pages"}],"about":[{"href":"https:\/\/www.institutofertilidadviamed.com\/hospital-santa-angela-de-la-cruz\/wp-json\/wp\/v2\/types\/page"}],"author":[{"embeddable":true,"href":"https:\/\/www.institutofertilidadviamed.com\/hospital-santa-angela-de-la-cruz\/wp-json\/wp\/v2\/users\/1"}],"replies":[{"embeddable":true,"href":"https:\/\/www.institutofertilidadviamed.com\/hospital-santa-angela-de-la-cruz\/wp-json\/wp\/v2\/comments?post=2033"}],"version-history":[{"count":14,"href":"https:\/\/www.institutofertilidadviamed.com\/hospital-santa-angela-de-la-cruz\/wp-json\/wp\/v2\/pages\/2033\/revisions"}],"predecessor-version":[{"id":5043,"href":"https:\/\/www.institutofertilidadviamed.com\/hospital-santa-angela-de-la-cruz\/wp-json\/wp\/v2\/pages\/2033\/revisions\/5043"}],"up":[{"embeddable":true,"href":"https:\/\/www.institutofertilidadviamed.com\/hospital-santa-angela-de-la-cruz\/wp-json\/wp\/v2\/pages\/794"}],"wp:attachment":[{"href":"https:\/\/www.institutofertilidadviamed.com\/hospital-santa-angela-de-la-cruz\/wp-json\/wp\/v2\/media?parent=2033"}],"curies":[{"name":"wp","href":"https:\/\/api.w.org\/{rel}","templated":true}]}}