{"id":4398,"date":"2023-05-30T14:00:10","date_gmt":"2023-05-30T14:00:10","guid":{"rendered":"https:\/\/www.institutofertilidadviamed.com\/hospital-santa-angela-de-la-cruz\/?page_id=4398"},"modified":"2023-05-30T14:07:12","modified_gmt":"2023-05-30T14:07:12","slug":"informacion-para-el-paciente","status":"publish","type":"page","link":"https:\/\/www.institutofertilidadviamed.com\/hospital-santa-angela-de-la-cruz\/informacion-para-el-paciente\/","title":{"rendered":"Informaci\u00f3n para el paciente"},"content":{"rendered":"\t\t<div data-elementor-type=\"wp-page\" data-elementor-id=\"4398\" class=\"elementor elementor-4398\" data-elementor-post-type=\"page\">\n\t\t\t\t\t\t<section class=\"elementor-section elementor-top-section elementor-element elementor-element-55fe438 elementor-section-boxed elementor-section-height-default elementor-section-height-default\" data-id=\"55fe438\" data-element_type=\"section\" data-e-type=\"section\" data-settings=\"{&quot;background_background&quot;:&quot;classic&quot;}\">\n\t\t\t\t\t\t<div class=\"elementor-container elementor-column-gap-default\">\n\t\t\t\t\t<div class=\"elementor-column elementor-col-100 elementor-top-column elementor-element elementor-element-1667b46\" data-id=\"1667b46\" data-element_type=\"column\" data-e-type=\"column\">\n\t\t\t<div class=\"elementor-widget-wrap elementor-element-populated\">\n\t\t\t\t\t\t<div class=\"elementor-element elementor-element-77bf5ae elementor-widget elementor-widget-heading\" data-id=\"77bf5ae\" data-element_type=\"widget\" data-e-type=\"widget\" data-widget_type=\"heading.default\">\n\t\t\t\t<div class=\"elementor-widget-container\">\n\t\t\t\t\t<h1 class=\"elementor-heading-title elementor-size-default\">Informaci\u00f3n para el paciente<\/h1>\t\t\t\t<\/div>\n\t\t\t\t<\/div>\n\t\t\t\t<div class=\"elementor-element elementor-element-43a57a4 elementor-widget-divider--view-line elementor-widget elementor-widget-divider\" data-id=\"43a57a4\" data-element_type=\"widget\" data-e-type=\"widget\" data-widget_type=\"divider.default\">\n\t\t\t\t<div class=\"elementor-widget-container\">\n\t\t\t\t\t\t\t<div class=\"elementor-divider\">\n\t\t\t<span class=\"elementor-divider-separator\">\n\t\t\t\t\t\t<\/span>\n\t\t<\/div>\n\t\t\t\t\t\t<\/div>\n\t\t\t\t<\/div>\n\t\t\t\t\t<\/div>\n\t\t<\/div>\n\t\t\t\t\t<\/div>\n\t\t<\/section>\n\t\t\t\t<section class=\"elementor-section elementor-top-section elementor-element elementor-element-61fc600 elementor-section-boxed elementor-section-height-default elementor-section-height-default\" data-id=\"61fc600\" data-element_type=\"section\" data-e-type=\"section\">\n\t\t\t\t\t\t<div class=\"elementor-container elementor-column-gap-default\">\n\t\t\t\t\t<div class=\"elementor-column elementor-col-100 elementor-top-column elementor-element elementor-element-d7fdce4\" data-id=\"d7fdce4\" data-element_type=\"column\" data-e-type=\"column\">\n\t\t\t<div class=\"elementor-widget-wrap elementor-element-populated\">\n\t\t\t\t\t\t<div class=\"elementor-element elementor-element-43a287e elementor-widget elementor-widget-toggle\" data-id=\"43a287e\" data-element_type=\"widget\" data-e-type=\"widget\" data-widget_type=\"toggle.default\">\n\t\t\t\t<div class=\"elementor-widget-container\">\n\t\t\t\t\t\t\t<div class=\"elementor-toggle\">\n\t\t\t\t\t\t\t<div class=\"elementor-toggle-item\">\n\t\t\t\t\t<div id=\"elementor-tab-title-7091\" class=\"elementor-tab-title\" data-tab=\"1\" role=\"button\" aria-controls=\"elementor-tab-content-7091\" aria-expanded=\"false\">\n\t\t\t\t\t\t\t\t\t\t\t\t<span class=\"elementor-toggle-icon elementor-toggle-icon-left\" aria-hidden=\"true\">\n\t\t\t\t\t\t\t\t\t\t\t\t\t\t\t<span class=\"elementor-toggle-icon-closed\"><i class=\"icon icon-plus\"><\/i><\/span>\n\t\t\t\t\t\t\t\t<span class=\"elementor-toggle-icon-opened\"><i class=\"elementor-toggle-icon-opened icon icon-minus\"><\/i><\/span>\n\t\t\t\t\t\t\t\t\t\t\t\t\t<\/span>\n\t\t\t\t\t\t\t\t\t\t\t\t<a class=\"elementor-toggle-title\" tabindex=\"0\">\u00bfQu\u00e9 prepararte para la primera visita a Instituto de Fertilidad Viamed?<\/a>\n\t\t\t\t\t<\/div>\n\n\t\t\t\t\t<div id=\"elementor-tab-content-7091\" class=\"elementor-tab-content elementor-clearfix\" data-tab=\"1\" role=\"region\" aria-labelledby=\"elementor-tab-title-7091\"><p>Documentaci\u00f3n: no olvides traer<\/p><ul><li>Medicaci\u00f3n habitual: prospectos de la medicaci\u00f3n que est\u00e9s tomando habitualmente. Es muy importante que no tome ning\u00fan medicamento por su cuenta sin autorizaci\u00f3n del personal m\u00e9dico o de enfermer\u00eda mientras dure su hospitalizaci\u00f3n, ya que puede ser perjudicial para su salud y su evoluci\u00f3n cl\u00ednica.<\/li><li>NIF o NIE para tu correcta identificaci\u00f3n<\/li><li>Pruebas o estudios realizados con anterioridad: toda aquella prueba que tengas realizada con anterioridad nos ser\u00e1 de utilidad para aportar un diagn\u00f3stico completo y adecuado a tu situaci\u00f3n<\/li><\/ul><\/div>\n\t\t\t\t<\/div>\n\t\t\t\t\t\t\t<div class=\"elementor-toggle-item\">\n\t\t\t\t\t<div id=\"elementor-tab-title-7092\" class=\"elementor-tab-title\" data-tab=\"2\" role=\"button\" aria-controls=\"elementor-tab-content-7092\" aria-expanded=\"false\">\n\t\t\t\t\t\t\t\t\t\t\t\t<span class=\"elementor-toggle-icon elementor-toggle-icon-left\" aria-hidden=\"true\">\n\t\t\t\t\t\t\t\t\t\t\t\t\t\t\t<span class=\"elementor-toggle-icon-closed\"><i class=\"icon icon-plus\"><\/i><\/span>\n\t\t\t\t\t\t\t\t<span class=\"elementor-toggle-icon-opened\"><i class=\"elementor-toggle-icon-opened icon icon-minus\"><\/i><\/span>\n\t\t\t\t\t\t\t\t\t\t\t\t\t<\/span>\n\t\t\t\t\t\t\t\t\t\t\t\t<a class=\"elementor-toggle-title\" tabindex=\"0\">\u00bfQu\u00e9 debes traer el d\u00eda de tu punci\u00f3n folicular o para tu transferencia de embriones?<\/a>\n\t\t\t\t\t<\/div>\n\n\t\t\t\t\t<div id=\"elementor-tab-content-7092\" class=\"elementor-tab-content elementor-clearfix\" data-tab=\"2\" role=\"region\" aria-labelledby=\"elementor-tab-title-7092\"><p>Documentaci\u00f3n<\/p><ul><li>Informe del preoperatorio (si lo has realizado en otro centro y no nos lo has facilitado previamente)<\/li><li>Consentimientos informados firmados (si no nos lo entregaste anteriormente). Recuerda que los consentimientos deben estar firmados por ambos miembros de la pareja si los hay.<\/li><li>NIF o NIE para tu correcta identificaci\u00f3n (y la de tu pareja). Aun as\u00ed, se te entregar\u00e1 una pulsera identificativa con tus datos. Confirma cuando la recibas que tus datos est\u00e1n correctos. Esta pulsera lleva un c\u00f3digo QR que ser\u00e1 escaneado por el personal de IFV para confirmar tu identidad. Al var\u00f3n (si hubiere) se le entregar\u00e1 una tarjeta identificativa en los casos en los que tenga que aportar una muestra seminal, de este modo se asegurar\u00e1 en todo momento dicha propiedad de la muestra. Este sistema garantiza fiabilidad y seguridad, evitando posibles errores en la identificaci\u00f3n y la trazabilidad de semen, \u00f3vulos o embriones.<\/li><\/ul><p>Objetos personales:<\/p><ul><li>No es necesario que traigas tu propia bata, en el hospital se te facilitar\u00e1 una.<\/li><li>Evita llevar anillos, pulseras, collares, etc. a quir\u00f3fano. Podr\u00e1s dejarlos en la habitaci\u00f3n asignada si as\u00ed lo prefieres. Aun as\u00ed, el Hospital no se hace responsable del extrav\u00edo de dichas pertenencias.<\/li><li>Recuerda no venir maquillada, ni con perfume, cremas\u2026 Esto es importante porque el quir\u00f3fano al que acceder\u00e1s est\u00e1 unido al laboratorio de embriolog\u00eda, y los embriones son muy sensibles a los olores. Puedes traerte tus utensilios de higiene personal para aplic\u00e1rtelos antes de irte sin problema.<\/li><\/ul><\/div>\n\t\t\t\t<\/div>\n\t\t\t\t\t\t\t<div class=\"elementor-toggle-item\">\n\t\t\t\t\t<div id=\"elementor-tab-title-7093\" class=\"elementor-tab-title\" data-tab=\"3\" role=\"button\" aria-controls=\"elementor-tab-content-7093\" aria-expanded=\"false\">\n\t\t\t\t\t\t\t\t\t\t\t\t<span class=\"elementor-toggle-icon elementor-toggle-icon-left\" aria-hidden=\"true\">\n\t\t\t\t\t\t\t\t\t\t\t\t\t\t\t<span class=\"elementor-toggle-icon-closed\"><i class=\"icon icon-plus\"><\/i><\/span>\n\t\t\t\t\t\t\t\t<span class=\"elementor-toggle-icon-opened\"><i class=\"elementor-toggle-icon-opened icon icon-minus\"><\/i><\/span>\n\t\t\t\t\t\t\t\t\t\t\t\t\t<\/span>\n\t\t\t\t\t\t\t\t\t\t\t\t<a class=\"elementor-toggle-title\" tabindex=\"0\">\u00bfC\u00f3mo ser\u00e1 su estancia?<\/a>\n\t\t\t\t\t<\/div>\n\n\t\t\t\t\t<div id=\"elementor-tab-content-7093\" class=\"elementor-tab-content elementor-clearfix\" data-tab=\"3\" role=\"region\" aria-labelledby=\"elementor-tab-title-7093\"><p>Habitaciones:<\/p><ul><li>En la habitaci\u00f3n que se te asignar\u00e1 dispones de un timbre situado en la cabecera de la cama. Ante cualquier necesidad, haz uso del mismo para ponerte en contacto con el personal de enfermer\u00eda. De igual modo, cuando llegues a la habitaci\u00f3n se te facilitar\u00e1n las extensiones de tel\u00e9fono espec\u00edficas de Instituto de Fertilidad Viamed para contactar con ellos directamente.<\/li><li>Cada habitaci\u00f3n tiene asignado un n\u00famero de tel\u00e9fono directo, que puedes facilitar a tus allegados para que puedan comunicarse contigo directamente.<\/li><li>En la habitaci\u00f3n hay un plano explicativo con las salidas de emergencia que deber\u00edan utilizarse en caso de necesidad. Ante un incendio o cualquier otra situaci\u00f3n de emergencia, avisa urgentemente al personal asistencial y sigue las instrucciones que se indican.<\/li><\/ul><p>Quir\u00f3fano 9: Justo al lado del laboratorio de embriolog\u00eda se encuentra el quir\u00f3fano en el que se realizan todos los procesos de Reproducci\u00f3n Asistida, todas las intervenciones relacionadas con fertilidad se llevan a cabo en este quir\u00f3fano. De este modo, los embriones\/\u00f3vulos se encuentran en el ambiente m\u00e1s id\u00f3neo, evitando tener que transportarlos largas distancias. Este quir\u00f3fano est\u00e1 equipado con los equipos de m\u00e1s alta tecnolog\u00eda en fertilidad: ec\u00f3grafos, aspirador folicular, monitores\u2026 Mientras est\u00e9s en quir\u00f3fano permanecer\u00e1s constantemente acompa\u00f1ada por el personal de Instituto de Fertilidad Viamed (ginec\u00f3logos\/as, enfermeras, embri\u00f3logos\/as\u2026) y en los casos en que se precise tambi\u00e9n te asistir\u00e1n profesionales de otras especialidades del Hospital (anestesiolog\u00eda, urolog\u00eda\u2026). Un equipo multidisciplinar al completo para proporcionarte seguridad y confianza en la intervenci\u00f3n.<\/p><p>Acompa\u00f1ante:<\/p><ul><li>Tu pareja (si la hubiere) puede acompa\u00f1arte hasta la habitaci\u00f3n y permanecer en ella durante la intervenci\u00f3n.<\/li><li>Solo en los casos de transferencia embrionaria, y salvo casos excepcionales en que se requiera sedaci\u00f3n, podr\u00e1 acompa\u00f1arte una sola persona a quir\u00f3fano: tu pareja o alguien de tu elecci\u00f3n. Dada la delicadeza de estos tratamientos se recomienda que dicha persona sea de tu confianza para que te encuentres m\u00e1s relajada y c\u00f3moda.<\/li><li>En casos en que se requiera anestesia o sedaci\u00f3n, es importante que no acudas sola al hospital, puesto que tras la intervenci\u00f3n requerir\u00e1s de compa\u00f1\u00eda hasta que te recuperes por completo de dicha anestesia.<\/li><li>Privacidad y seguridad: Toda la informaci\u00f3n referente a tu intervenci\u00f3n y tratamiento te ser\u00e1 facilitada a ti personalmente (o a tu pareja si la hubiere).<\/li><\/ul><\/div>\n\t\t\t\t<\/div>\n\t\t\t\t\t\t\t<div class=\"elementor-toggle-item\">\n\t\t\t\t\t<div id=\"elementor-tab-title-7094\" class=\"elementor-tab-title\" data-tab=\"4\" role=\"button\" aria-controls=\"elementor-tab-content-7094\" aria-expanded=\"false\">\n\t\t\t\t\t\t\t\t\t\t\t\t<span class=\"elementor-toggle-icon elementor-toggle-icon-left\" aria-hidden=\"true\">\n\t\t\t\t\t\t\t\t\t\t\t\t\t\t\t<span class=\"elementor-toggle-icon-closed\"><i class=\"icon icon-plus\"><\/i><\/span>\n\t\t\t\t\t\t\t\t<span class=\"elementor-toggle-icon-opened\"><i class=\"elementor-toggle-icon-opened icon icon-minus\"><\/i><\/span>\n\t\t\t\t\t\t\t\t\t\t\t\t\t<\/span>\n\t\t\t\t\t\t\t\t\t\t\t\t<a class=\"elementor-toggle-title\" tabindex=\"0\">Documentaci\u00f3n tras el alta<\/a>\n\t\t\t\t\t<\/div>\n\n\t\t\t\t\t<div id=\"elementor-tab-content-7094\" class=\"elementor-tab-content elementor-clearfix\" data-tab=\"4\" role=\"region\" aria-labelledby=\"elementor-tab-title-7094\"><ul><li>Informe de alta: una vez enfermer\u00eda y el personal m\u00e9dico autoricen el alta, te facilitar\u00e1n un documento que lo certifica. Habitualmente tras el alta, deber\u00e9is subir a Instituto de Fertilidad Viamed en la 3\u00aa planta para recibir informaci\u00f3n referente al proceso y siguientes visitas.<\/li><li>Informe de su tratamiento: una vez finalice su tratamiento recibir\u00e1 por correo electr\u00f3nico a la direcci\u00f3n facilitada en administraci\u00f3n de Instituto de Fertilidad Viamed un informe por parte del laboratorio de embriolog\u00eda especificando todas las caracter\u00edsticas y resultados del proceso. Este informe ir\u00e1 siempre encriptado por protecci\u00f3n de datos.<\/li><li>Si necesitas un justificante de la intervenci\u00f3n puedes solicitarlo en administraci\u00f3n de Instituto de Fertilidad Viamed, aportando siempre tu identificaci\u00f3n.<\/li><\/ul><\/div>\n\t\t\t\t<\/div>\n\t\t\t\t\t\t\t\t<\/div>\n\t\t\t\t\t\t<\/div>\n\t\t\t\t<\/div>\n\t\t\t\t\t<\/div>\n\t\t<\/div>\n\t\t\t\t\t<\/div>\n\t\t<\/section>\n\t\t\t\t<\/div>\n\t\t","protected":false},"excerpt":{"rendered":"<p>Informaci\u00f3n para el paciente \u00bfQu\u00e9 prepararte para la primera visita a Instituto de Fertilidad Viamed? Documentaci\u00f3n: no olvides traer Medicaci\u00f3n habitual: prospectos de la medicaci\u00f3n que est\u00e9s tomando habitualmente. Es muy importante que no tome ning\u00fan medicamento por su cuenta sin autorizaci\u00f3n del personal m\u00e9dico o de enfermer\u00eda mientras dure su hospitalizaci\u00f3n, ya que puede [&hellip;]<\/p>\n","protected":false},"author":1,"featured_media":0,"parent":0,"menu_order":0,"comment_status":"closed","ping_status":"closed","template":"elementor_header_footer","meta":{"_acf_changed":false,"footnotes":""},"class_list":["post-4398","page","type-page","status-publish","hentry"],"acf":[],"yoast_head":"<!-- This site is optimized with the Yoast SEO plugin v27.4 - https:\/\/yoast.com\/product\/yoast-seo-wordpress\/ -->\n<title>FAQS - Instituto de fertilidad Viamed - IFV<\/title>\n<meta name=\"description\" content=\"Aqu\u00ed encontrar\u00e1s multitud de respuestas a las preguntas o dudas que te pueda surgir. En IFV estamos disponibles para atenderte y aclarar todo lo que necesites\" \/>\n<meta name=\"robots\" content=\"index, follow, max-snippet:-1, max-image-preview:large, max-video-preview:-1\" \/>\n<link rel=\"canonical\" href=\"https:\/\/www.institutofertilidadviamed.com\/hospital-santa-angela-de-la-cruz\/informacion-para-el-paciente\/\" \/>\n<meta property=\"og:locale\" content=\"es_ES\" \/>\n<meta property=\"og:type\" content=\"article\" \/>\n<meta property=\"og:title\" content=\"FAQS - Instituto de fertilidad Viamed - IFV\" \/>\n<meta property=\"og:description\" content=\"Aqu\u00ed encontrar\u00e1s multitud de respuestas a las preguntas o dudas que te pueda surgir. En IFV estamos disponibles para atenderte y aclarar todo lo que necesites\" \/>\n<meta property=\"og:url\" content=\"https:\/\/www.institutofertilidadviamed.com\/hospital-santa-angela-de-la-cruz\/informacion-para-el-paciente\/\" \/>\n<meta property=\"og:site_name\" content=\"IFV Viamed\" \/>\n<meta property=\"article:modified_time\" content=\"2023-05-30T14:07:12+00:00\" \/>\n<meta property=\"og:image\" content=\"https:\/\/www.institutofertilidadviamed.com\/hospital-santa-angela-de-la-cruz\/wp-content\/uploads\/2022\/11\/ifv.png\" \/>\n\t<meta property=\"og:image:width\" content=\"227\" \/>\n\t<meta property=\"og:image:height\" content=\"61\" \/>\n\t<meta property=\"og:image:type\" content=\"image\/png\" \/>\n<meta name=\"twitter:card\" content=\"summary_large_image\" \/>\n<meta name=\"twitter:label1\" content=\"Tiempo de lectura\" \/>\n\t<meta name=\"twitter:data1\" content=\"4 minutos\" \/>\n<script type=\"application\/ld+json\" class=\"yoast-schema-graph\">{\"@context\":\"https:\\\/\\\/schema.org\",\"@graph\":[{\"@type\":\"WebPage\",\"@id\":\"https:\\\/\\\/www.institutofertilidadviamed.com\\\/hospital-santa-angela-de-la-cruz\\\/informacion-para-el-paciente\\\/\",\"url\":\"https:\\\/\\\/www.institutofertilidadviamed.com\\\/hospital-santa-angela-de-la-cruz\\\/informacion-para-el-paciente\\\/\",\"name\":\"FAQS - Instituto de fertilidad Viamed - IFV\",\"isPartOf\":{\"@id\":\"https:\\\/\\\/www.institutofertilidadviamed.com\\\/hospital-santa-angela-de-la-cruz\\\/#website\"},\"datePublished\":\"2023-05-30T14:00:10+00:00\",\"dateModified\":\"2023-05-30T14:07:12+00:00\",\"description\":\"Aqu\u00ed encontrar\u00e1s multitud de respuestas a las preguntas o dudas que te pueda surgir. En IFV estamos disponibles para atenderte y aclarar todo lo que necesites\",\"inLanguage\":\"es\",\"potentialAction\":[{\"@type\":\"ReadAction\",\"target\":[\"https:\\\/\\\/www.institutofertilidadviamed.com\\\/hospital-santa-angela-de-la-cruz\\\/informacion-para-el-paciente\\\/\"]}]},{\"@type\":\"WebSite\",\"@id\":\"https:\\\/\\\/www.institutofertilidadviamed.com\\\/hospital-santa-angela-de-la-cruz\\\/#website\",\"url\":\"https:\\\/\\\/www.institutofertilidadviamed.com\\\/hospital-santa-angela-de-la-cruz\\\/\",\"name\":\"Instituto de fertilidad Viamed\",\"description\":\"\",\"publisher\":{\"@id\":\"https:\\\/\\\/www.institutofertilidadviamed.com\\\/hospital-santa-angela-de-la-cruz\\\/#organization\"},\"alternateName\":\"IFV Viamed\",\"potentialAction\":[{\"@type\":\"SearchAction\",\"target\":{\"@type\":\"EntryPoint\",\"urlTemplate\":\"https:\\\/\\\/www.institutofertilidadviamed.com\\\/hospital-santa-angela-de-la-cruz\\\/?s={search_term_string}\"},\"query-input\":{\"@type\":\"PropertyValueSpecification\",\"valueRequired\":true,\"valueName\":\"search_term_string\"}}],\"inLanguage\":\"es\"},{\"@type\":\"Organization\",\"@id\":\"https:\\\/\\\/www.institutofertilidadviamed.com\\\/hospital-santa-angela-de-la-cruz\\\/#organization\",\"name\":\"Instituto de fertilidad Viamed\",\"url\":\"https:\\\/\\\/www.institutofertilidadviamed.com\\\/hospital-santa-angela-de-la-cruz\\\/\",\"logo\":{\"@type\":\"ImageObject\",\"inLanguage\":\"es\",\"@id\":\"https:\\\/\\\/www.institutofertilidadviamed.com\\\/hospital-santa-angela-de-la-cruz\\\/#\\\/schema\\\/logo\\\/image\\\/\",\"url\":\"https:\\\/\\\/www.institutofertilidadviamed.com\\\/hospital-santa-angela-de-la-cruz\\\/wp-content\\\/uploads\\\/2022\\\/11\\\/ifv.png\",\"contentUrl\":\"https:\\\/\\\/www.institutofertilidadviamed.com\\\/hospital-santa-angela-de-la-cruz\\\/wp-content\\\/uploads\\\/2022\\\/11\\\/ifv.png\",\"width\":227,\"height\":61,\"caption\":\"Instituto de fertilidad Viamed\"},\"image\":{\"@id\":\"https:\\\/\\\/www.institutofertilidadviamed.com\\\/hospital-santa-angela-de-la-cruz\\\/#\\\/schema\\\/logo\\\/image\\\/\"},\"sameAs\":[\"https:\\\/\\\/www.instagram.com\\\/institutofertilidadviamed\\\/\"]}]}<\/script>\n<!-- \/ Yoast SEO plugin. -->","yoast_head_json":{"title":"FAQS - Instituto de fertilidad Viamed - IFV","description":"Aqu\u00ed encontrar\u00e1s multitud de respuestas a las preguntas o dudas que te pueda surgir. En IFV estamos disponibles para atenderte y aclarar todo lo que necesites","robots":{"index":"index","follow":"follow","max-snippet":"max-snippet:-1","max-image-preview":"max-image-preview:large","max-video-preview":"max-video-preview:-1"},"canonical":"https:\/\/www.institutofertilidadviamed.com\/hospital-santa-angela-de-la-cruz\/informacion-para-el-paciente\/","og_locale":"es_ES","og_type":"article","og_title":"FAQS - Instituto de fertilidad Viamed - IFV","og_description":"Aqu\u00ed encontrar\u00e1s multitud de respuestas a las preguntas o dudas que te pueda surgir. En IFV estamos disponibles para atenderte y aclarar todo lo que necesites","og_url":"https:\/\/www.institutofertilidadviamed.com\/hospital-santa-angela-de-la-cruz\/informacion-para-el-paciente\/","og_site_name":"IFV Viamed","article_modified_time":"2023-05-30T14:07:12+00:00","og_image":[{"width":227,"height":61,"url":"https:\/\/www.institutofertilidadviamed.com\/hospital-santa-angela-de-la-cruz\/wp-content\/uploads\/2022\/11\/ifv.png","type":"image\/png"}],"twitter_card":"summary_large_image","twitter_misc":{"Tiempo de lectura":"4 minutos"},"schema":{"@context":"https:\/\/schema.org","@graph":[{"@type":"WebPage","@id":"https:\/\/www.institutofertilidadviamed.com\/hospital-santa-angela-de-la-cruz\/informacion-para-el-paciente\/","url":"https:\/\/www.institutofertilidadviamed.com\/hospital-santa-angela-de-la-cruz\/informacion-para-el-paciente\/","name":"FAQS - Instituto de fertilidad Viamed - IFV","isPartOf":{"@id":"https:\/\/www.institutofertilidadviamed.com\/hospital-santa-angela-de-la-cruz\/#website"},"datePublished":"2023-05-30T14:00:10+00:00","dateModified":"2023-05-30T14:07:12+00:00","description":"Aqu\u00ed encontrar\u00e1s multitud de respuestas a las preguntas o dudas que te pueda surgir. En IFV estamos disponibles para atenderte y aclarar todo lo que necesites","inLanguage":"es","potentialAction":[{"@type":"ReadAction","target":["https:\/\/www.institutofertilidadviamed.com\/hospital-santa-angela-de-la-cruz\/informacion-para-el-paciente\/"]}]},{"@type":"WebSite","@id":"https:\/\/www.institutofertilidadviamed.com\/hospital-santa-angela-de-la-cruz\/#website","url":"https:\/\/www.institutofertilidadviamed.com\/hospital-santa-angela-de-la-cruz\/","name":"Instituto de fertilidad Viamed","description":"","publisher":{"@id":"https:\/\/www.institutofertilidadviamed.com\/hospital-santa-angela-de-la-cruz\/#organization"},"alternateName":"IFV Viamed","potentialAction":[{"@type":"SearchAction","target":{"@type":"EntryPoint","urlTemplate":"https:\/\/www.institutofertilidadviamed.com\/hospital-santa-angela-de-la-cruz\/?s={search_term_string}"},"query-input":{"@type":"PropertyValueSpecification","valueRequired":true,"valueName":"search_term_string"}}],"inLanguage":"es"},{"@type":"Organization","@id":"https:\/\/www.institutofertilidadviamed.com\/hospital-santa-angela-de-la-cruz\/#organization","name":"Instituto de fertilidad Viamed","url":"https:\/\/www.institutofertilidadviamed.com\/hospital-santa-angela-de-la-cruz\/","logo":{"@type":"ImageObject","inLanguage":"es","@id":"https:\/\/www.institutofertilidadviamed.com\/hospital-santa-angela-de-la-cruz\/#\/schema\/logo\/image\/","url":"https:\/\/www.institutofertilidadviamed.com\/hospital-santa-angela-de-la-cruz\/wp-content\/uploads\/2022\/11\/ifv.png","contentUrl":"https:\/\/www.institutofertilidadviamed.com\/hospital-santa-angela-de-la-cruz\/wp-content\/uploads\/2022\/11\/ifv.png","width":227,"height":61,"caption":"Instituto de fertilidad Viamed"},"image":{"@id":"https:\/\/www.institutofertilidadviamed.com\/hospital-santa-angela-de-la-cruz\/#\/schema\/logo\/image\/"},"sameAs":["https:\/\/www.instagram.com\/institutofertilidadviamed\/"]}]}},"_links":{"self":[{"href":"https:\/\/www.institutofertilidadviamed.com\/hospital-santa-angela-de-la-cruz\/wp-json\/wp\/v2\/pages\/4398","targetHints":{"allow":["GET"]}}],"collection":[{"href":"https:\/\/www.institutofertilidadviamed.com\/hospital-santa-angela-de-la-cruz\/wp-json\/wp\/v2\/pages"}],"about":[{"href":"https:\/\/www.institutofertilidadviamed.com\/hospital-santa-angela-de-la-cruz\/wp-json\/wp\/v2\/types\/page"}],"author":[{"embeddable":true,"href":"https:\/\/www.institutofertilidadviamed.com\/hospital-santa-angela-de-la-cruz\/wp-json\/wp\/v2\/users\/1"}],"replies":[{"embeddable":true,"href":"https:\/\/www.institutofertilidadviamed.com\/hospital-santa-angela-de-la-cruz\/wp-json\/wp\/v2\/comments?post=4398"}],"version-history":[{"count":4,"href":"https:\/\/www.institutofertilidadviamed.com\/hospital-santa-angela-de-la-cruz\/wp-json\/wp\/v2\/pages\/4398\/revisions"}],"predecessor-version":[{"id":4404,"href":"https:\/\/www.institutofertilidadviamed.com\/hospital-santa-angela-de-la-cruz\/wp-json\/wp\/v2\/pages\/4398\/revisions\/4404"}],"wp:attachment":[{"href":"https:\/\/www.institutofertilidadviamed.com\/hospital-santa-angela-de-la-cruz\/wp-json\/wp\/v2\/media?parent=4398"}],"curies":[{"name":"wp","href":"https:\/\/api.w.org\/{rel}","templated":true}]}}