{"id":511,"date":"2022-11-29T11:10:44","date_gmt":"2022-11-29T11:10:44","guid":{"rendered":"https:\/\/www.institutofertilidadviamed.com\/hospital-santa-angela-de-la-cruz\/?page_id=511"},"modified":"2022-12-19T13:12:36","modified_gmt":"2022-12-19T13:12:36","slug":"ropa-recepcion-ovulos-pareja","status":"publish","type":"page","link":"https:\/\/www.institutofertilidadviamed.com\/hospital-santa-angela-de-la-cruz\/tratamientos-fertilidad\/ropa-recepcion-ovulos-pareja\/","title":{"rendered":"ROPA (Recepci\u00f3n de \u00f3vulos de la pareja)"},"content":{"rendered":"\t\t<div data-elementor-type=\"wp-page\" data-elementor-id=\"511\" class=\"elementor elementor-511\" data-elementor-post-type=\"page\">\n\t\t\t\t\t\t<section class=\"elementor-section elementor-top-section elementor-element elementor-element-ba97c67 elementor-section-boxed elementor-section-height-default elementor-section-height-default\" data-id=\"ba97c67\" data-element_type=\"section\" data-e-type=\"section\" data-settings=\"{&quot;background_background&quot;:&quot;classic&quot;}\">\n\t\t\t\t\t\t<div class=\"elementor-container elementor-column-gap-default\">\n\t\t\t\t\t<div class=\"elementor-column elementor-col-100 elementor-top-column elementor-element elementor-element-c017c64\" data-id=\"c017c64\" data-element_type=\"column\" data-e-type=\"column\">\n\t\t\t<div class=\"elementor-widget-wrap elementor-element-populated\">\n\t\t\t\t\t\t<div class=\"elementor-element elementor-element-c264245 elementor-widget elementor-widget-heading\" data-id=\"c264245\" data-element_type=\"widget\" data-e-type=\"widget\" data-widget_type=\"heading.default\">\n\t\t\t\t<div class=\"elementor-widget-container\">\n\t\t\t\t\t<h1 class=\"elementor-heading-title elementor-size-default\">ROPA (Recepci\u00f3n de \u00f3vulos de la pareja)<\/h1>\t\t\t\t<\/div>\n\t\t\t\t<\/div>\n\t\t\t\t<div class=\"elementor-element elementor-element-483e1e9 elementor-widget-divider--view-line elementor-widget elementor-widget-divider\" data-id=\"483e1e9\" data-element_type=\"widget\" data-e-type=\"widget\" data-widget_type=\"divider.default\">\n\t\t\t\t<div class=\"elementor-widget-container\">\n\t\t\t\t\t\t\t<div class=\"elementor-divider\">\n\t\t\t<span class=\"elementor-divider-separator\">\n\t\t\t\t\t\t<\/span>\n\t\t<\/div>\n\t\t\t\t\t\t<\/div>\n\t\t\t\t<\/div>\n\t\t\t\t<div class=\"elementor-element elementor-element-e283f0d elementor-widget elementor-widget-text-editor\" data-id=\"e283f0d\" data-element_type=\"widget\" data-e-type=\"widget\" data-widget_type=\"text-editor.default\">\n\t\t\t\t<div class=\"elementor-widget-container\">\n\t\t\t\t\t\t\t\t\tLa recepci\u00f3n de \u00f3vulos de la pareja o m\u00e9todo ROPA es un tratamiento de reproducci\u00f3n asistida destinado a parejas de mujeres, en el que ambas participan de manera activa en la consecuci\u00f3n del embarazo. En este tratamiento, una mujer aporta los \u00f3vulos y la otra mujer se quedar\u00e1 embarazada del embri\u00f3n o embriones generado\/s a partir de esos \u00f3vulos. Por tanto, mientras una mujer aporta su ADN, la otra ser\u00e1 la gestante.\t\t\t\t\t\t\t\t<\/div>\n\t\t\t\t<\/div>\n\t\t\t\t\t<\/div>\n\t\t<\/div>\n\t\t\t\t\t<\/div>\n\t\t<\/section>\n\t\t\t\t<section class=\"elementor-section elementor-top-section elementor-element elementor-element-52f2e49 elementor-section-full_width elementor-section-content-middle elementor-section-height-default elementor-section-height-default\" data-id=\"52f2e49\" data-element_type=\"section\" data-e-type=\"section\" data-settings=\"{&quot;background_background&quot;:&quot;classic&quot;}\">\n\t\t\t\t\t\t<div class=\"elementor-container elementor-column-gap-no\">\n\t\t\t\t\t<div class=\"elementor-column elementor-col-33 elementor-top-column elementor-element elementor-element-8d6952c\" data-id=\"8d6952c\" data-element_type=\"column\" data-e-type=\"column\" data-settings=\"{&quot;background_background&quot;:&quot;classic&quot;}\">\n\t\t\t<div class=\"elementor-widget-wrap elementor-element-populated\">\n\t\t\t\t\t\t<div class=\"elementor-element elementor-element-6eb2335 elementor-widget elementor-widget-spacer\" data-id=\"6eb2335\" data-element_type=\"widget\" data-e-type=\"widget\" data-widget_type=\"spacer.default\">\n\t\t\t\t<div class=\"elementor-widget-container\">\n\t\t\t\t\t\t\t<div class=\"elementor-spacer\">\n\t\t\t<div class=\"elementor-spacer-inner\"><\/div>\n\t\t<\/div>\n\t\t\t\t\t\t<\/div>\n\t\t\t\t<\/div>\n\t\t\t\t\t<\/div>\n\t\t<\/div>\n\t\t\t\t<div class=\"elementor-column elementor-col-33 elementor-top-column elementor-element elementor-element-d10c39e\" data-id=\"d10c39e\" data-element_type=\"column\" data-e-type=\"column\" data-settings=\"{&quot;background_background&quot;:&quot;gradient&quot;}\">\n\t\t\t<div class=\"elementor-widget-wrap\">\n\t\t\t\t\t<div class=\"elementor-background-overlay\"><\/div>\n\t\t\t\t\t\t\t<\/div>\n\t\t<\/div>\n\t\t\t\t<div class=\"elementor-column elementor-col-33 elementor-top-column elementor-element elementor-element-7f6fe83\" data-id=\"7f6fe83\" data-element_type=\"column\" data-e-type=\"column\" data-settings=\"{&quot;background_background&quot;:&quot;classic&quot;}\">\n\t\t\t<div class=\"elementor-widget-wrap elementor-element-populated\">\n\t\t\t\t\t\t<div class=\"elementor-element elementor-element-c071e48 elementor-widget elementor-widget-text-editor\" data-id=\"c071e48\" data-element_type=\"widget\" data-e-type=\"widget\" data-widget_type=\"text-editor.default\">\n\t\t\t\t<div class=\"elementor-widget-container\">\n\t\t\t\t\t\t\t\t\t<h2><strong style=\"font-weight: 600;\">El m\u00e9todo ROPA<\/strong><\/h2>\nes una variante de un tratamiento de fecundaci\u00f3n in vitro. La mujer que aporta sus \u00f3vulos deber\u00e1 someterse a un <strong style=\"font-weight: 600;\">tratamiento de estimulaci\u00f3n ov\u00e1rica controlada y una punci\u00f3n folicular<\/strong> para obtener los \u00f3vulos, tal y como se describe en el apartado de fecundaci\u00f3n in vitro.\t\t\t\t\t\t\t\t<\/div>\n\t\t\t\t<\/div>\n\t\t\t\t<div class=\"elementor-element elementor-element-5557a18 elementor-widget__width-initial elementor-widget elementor-widget-text-editor\" data-id=\"5557a18\" data-element_type=\"widget\" data-e-type=\"widget\" data-widget_type=\"text-editor.default\">\n\t\t\t\t<div class=\"elementor-widget-container\">\n\t\t\t\t\t\t\t\t\tPara la fecundaci\u00f3n de los mismos, se emplear\u00e1 semen de un donante an\u00f3nimo. <strong style=\"font-weight:600\";>La otra mujer de la pareja se someter\u00e1 a un tratamiento hormonal de preparaci\u00f3n endometrial y recibir\u00e1 los embriones generados en el tratamiento de fecundaci\u00f3n in vitro<\/strong>, mediante la t\u00e9cnica de transferencia embrionaria.\t\t\t\t\t\t\t\t<\/div>\n\t\t\t\t<\/div>\n\t\t\t\t<div class=\"elementor-element elementor-element-c8241fc elementor-widget__width-initial elementor-invisible elementor-widget elementor-widget-image\" data-id=\"c8241fc\" data-element_type=\"widget\" data-e-type=\"widget\" data-settings=\"{&quot;_animation&quot;:&quot;fadeInRight&quot;}\" data-widget_type=\"image.default\">\n\t\t\t\t<div class=\"elementor-widget-container\">\n\t\t\t\t\t\t\t\t\t\t\t\t\t\t\t<img fetchpriority=\"high\" decoding=\"async\" width=\"800\" height=\"799\" src=\"https:\/\/www.institutofertilidadviamed.com\/hospital-santa-angela-de-la-cruz\/wp-content\/uploads\/2022\/12\/Mesa-de-trabajo-7-copia.png\" class=\"attachment-large size-large wp-image-1787\" alt=\"\" srcset=\"https:\/\/www.institutofertilidadviamed.com\/hospital-santa-angela-de-la-cruz\/wp-content\/uploads\/2022\/12\/Mesa-de-trabajo-7-copia.png 801w, https:\/\/www.institutofertilidadviamed.com\/hospital-santa-angela-de-la-cruz\/wp-content\/uploads\/2022\/12\/Mesa-de-trabajo-7-copia-300x300.png 300w, https:\/\/www.institutofertilidadviamed.com\/hospital-santa-angela-de-la-cruz\/wp-content\/uploads\/2022\/12\/Mesa-de-trabajo-7-copia-150x150.png 150w, https:\/\/www.institutofertilidadviamed.com\/hospital-santa-angela-de-la-cruz\/wp-content\/uploads\/2022\/12\/Mesa-de-trabajo-7-copia-768x767.png 768w\" sizes=\"(max-width: 800px) 100vw, 800px\" \/>\t\t\t\t\t\t\t\t\t\t\t\t\t\t\t<\/div>\n\t\t\t\t<\/div>\n\t\t\t\t\t<\/div>\n\t\t<\/div>\n\t\t\t\t\t<\/div>\n\t\t<\/section>\n\t\t\t\t<\/div>\n\t\t","protected":false},"excerpt":{"rendered":"<p>ROPA (Recepci\u00f3n de \u00f3vulos de la pareja) La recepci\u00f3n de \u00f3vulos de la pareja o m\u00e9todo ROPA es un tratamiento de reproducci\u00f3n asistida destinado a parejas de mujeres, en el que ambas participan de manera activa en la consecuci\u00f3n del embarazo. En este tratamiento, una mujer aporta los \u00f3vulos y la otra mujer se quedar\u00e1 [&hellip;]<\/p>\n","protected":false},"author":1,"featured_media":0,"parent":154,"menu_order":0,"comment_status":"closed","ping_status":"closed","template":"elementor_header_footer","meta":{"_acf_changed":false,"footnotes":""},"class_list":["post-511","page","type-page","status-publish","hentry"],"acf":[],"yoast_head":"<!-- This site is optimized with the Yoast SEO plugin v27.4 - https:\/\/yoast.com\/product\/yoast-seo-wordpress\/ -->\n<title>ROPA (Recepci\u00f3n de \u00f3vulos de la pareja) - Instituto de fertilidad Viamed - IFV<\/title>\n<meta name=\"description\" content=\"La recepci\u00f3n de \u00f3vulos de la pareja o m\u00e9todo ROPA es un tratamiento de reproducci\u00f3n asistida destinado a parejas de mujeres\" \/>\n<meta name=\"robots\" content=\"index, follow, max-snippet:-1, max-image-preview:large, max-video-preview:-1\" \/>\n<link rel=\"canonical\" href=\"https:\/\/www.institutofertilidadviamed.com\/hospital-santa-angela-de-la-cruz\/tratamientos-fertilidad\/ropa-recepcion-ovulos-pareja\/\" \/>\n<meta property=\"og:locale\" content=\"es_ES\" \/>\n<meta property=\"og:type\" content=\"article\" \/>\n<meta property=\"og:title\" content=\"ROPA (Recepci\u00f3n de \u00f3vulos de la pareja) - Instituto de fertilidad Viamed - IFV\" \/>\n<meta property=\"og:description\" content=\"La recepci\u00f3n de \u00f3vulos de la pareja o m\u00e9todo ROPA es un tratamiento de reproducci\u00f3n asistida destinado a parejas de mujeres\" \/>\n<meta property=\"og:url\" content=\"https:\/\/www.institutofertilidadviamed.com\/hospital-santa-angela-de-la-cruz\/tratamientos-fertilidad\/ropa-recepcion-ovulos-pareja\/\" \/>\n<meta property=\"og:site_name\" content=\"IFV Viamed\" \/>\n<meta property=\"article:modified_time\" content=\"2022-12-19T13:12:36+00:00\" \/>\n<meta property=\"og:image\" content=\"https:\/\/www.institutofertilidadviamed.com\/hospital-santa-angela-de-la-cruz\/wp-content\/uploads\/2022\/12\/Mesa-de-trabajo-7-copia.png\" \/>\n<meta name=\"twitter:card\" content=\"summary_large_image\" \/>\n<meta name=\"twitter:label1\" content=\"Tiempo de lectura\" \/>\n\t<meta name=\"twitter:data1\" content=\"1 minuto\" \/>\n<script type=\"application\/ld+json\" class=\"yoast-schema-graph\">{\"@context\":\"https:\\\/\\\/schema.org\",\"@graph\":[{\"@type\":\"WebPage\",\"@id\":\"https:\\\/\\\/www.institutofertilidadviamed.com\\\/hospital-santa-angela-de-la-cruz\\\/tratamientos-fertilidad\\\/ropa-recepcion-ovulos-pareja\\\/\",\"url\":\"https:\\\/\\\/www.institutofertilidadviamed.com\\\/hospital-santa-angela-de-la-cruz\\\/tratamientos-fertilidad\\\/ropa-recepcion-ovulos-pareja\\\/\",\"name\":\"ROPA (Recepci\u00f3n de \u00f3vulos de la pareja) - Instituto de fertilidad Viamed - IFV\",\"isPartOf\":{\"@id\":\"https:\\\/\\\/www.institutofertilidadviamed.com\\\/hospital-santa-angela-de-la-cruz\\\/#website\"},\"primaryImageOfPage\":{\"@id\":\"https:\\\/\\\/www.institutofertilidadviamed.com\\\/hospital-santa-angela-de-la-cruz\\\/tratamientos-fertilidad\\\/ropa-recepcion-ovulos-pareja\\\/#primaryimage\"},\"image\":{\"@id\":\"https:\\\/\\\/www.institutofertilidadviamed.com\\\/hospital-santa-angela-de-la-cruz\\\/tratamientos-fertilidad\\\/ropa-recepcion-ovulos-pareja\\\/#primaryimage\"},\"thumbnailUrl\":\"https:\\\/\\\/www.institutofertilidadviamed.com\\\/hospital-santa-angela-de-la-cruz\\\/wp-content\\\/uploads\\\/2022\\\/12\\\/Mesa-de-trabajo-7-copia.png\",\"datePublished\":\"2022-11-29T11:10:44+00:00\",\"dateModified\":\"2022-12-19T13:12:36+00:00\",\"description\":\"La recepci\u00f3n de \u00f3vulos de la pareja o m\u00e9todo ROPA es un tratamiento de reproducci\u00f3n asistida destinado a parejas de mujeres\",\"breadcrumb\":{\"@id\":\"https:\\\/\\\/www.institutofertilidadviamed.com\\\/hospital-santa-angela-de-la-cruz\\\/tratamientos-fertilidad\\\/ropa-recepcion-ovulos-pareja\\\/#breadcrumb\"},\"inLanguage\":\"es\",\"potentialAction\":[{\"@type\":\"ReadAction\",\"target\":[\"https:\\\/\\\/www.institutofertilidadviamed.com\\\/hospital-santa-angela-de-la-cruz\\\/tratamientos-fertilidad\\\/ropa-recepcion-ovulos-pareja\\\/\"]}]},{\"@type\":\"ImageObject\",\"inLanguage\":\"es\",\"@id\":\"https:\\\/\\\/www.institutofertilidadviamed.com\\\/hospital-santa-angela-de-la-cruz\\\/tratamientos-fertilidad\\\/ropa-recepcion-ovulos-pareja\\\/#primaryimage\",\"url\":\"https:\\\/\\\/www.institutofertilidadviamed.com\\\/hospital-santa-angela-de-la-cruz\\\/wp-content\\\/uploads\\\/2022\\\/12\\\/Mesa-de-trabajo-7-copia.png\",\"contentUrl\":\"https:\\\/\\\/www.institutofertilidadviamed.com\\\/hospital-santa-angela-de-la-cruz\\\/wp-content\\\/uploads\\\/2022\\\/12\\\/Mesa-de-trabajo-7-copia.png\",\"width\":801,\"height\":800},{\"@type\":\"BreadcrumbList\",\"@id\":\"https:\\\/\\\/www.institutofertilidadviamed.com\\\/hospital-santa-angela-de-la-cruz\\\/tratamientos-fertilidad\\\/ropa-recepcion-ovulos-pareja\\\/#breadcrumb\",\"itemListElement\":[{\"@type\":\"ListItem\",\"position\":1,\"name\":\"Tratamientos de fertilidad\",\"item\":\"https:\\\/\\\/www.institutofertilidadviamed.com\\\/hospital-santa-angela-de-la-cruz\\\/tratamientos-fertilidad\\\/\"},{\"@type\":\"ListItem\",\"position\":2,\"name\":\"ROPA (Recepci\u00f3n de \u00f3vulos de la pareja)\"}]},{\"@type\":\"WebSite\",\"@id\":\"https:\\\/\\\/www.institutofertilidadviamed.com\\\/hospital-santa-angela-de-la-cruz\\\/#website\",\"url\":\"https:\\\/\\\/www.institutofertilidadviamed.com\\\/hospital-santa-angela-de-la-cruz\\\/\",\"name\":\"Instituto de fertilidad Viamed\",\"description\":\"\",\"publisher\":{\"@id\":\"https:\\\/\\\/www.institutofertilidadviamed.com\\\/hospital-santa-angela-de-la-cruz\\\/#organization\"},\"alternateName\":\"IFV Viamed\",\"potentialAction\":[{\"@type\":\"SearchAction\",\"target\":{\"@type\":\"EntryPoint\",\"urlTemplate\":\"https:\\\/\\\/www.institutofertilidadviamed.com\\\/hospital-santa-angela-de-la-cruz\\\/?s={search_term_string}\"},\"query-input\":{\"@type\":\"PropertyValueSpecification\",\"valueRequired\":true,\"valueName\":\"search_term_string\"}}],\"inLanguage\":\"es\"},{\"@type\":\"Organization\",\"@id\":\"https:\\\/\\\/www.institutofertilidadviamed.com\\\/hospital-santa-angela-de-la-cruz\\\/#organization\",\"name\":\"Instituto de fertilidad Viamed\",\"url\":\"https:\\\/\\\/www.institutofertilidadviamed.com\\\/hospital-santa-angela-de-la-cruz\\\/\",\"logo\":{\"@type\":\"ImageObject\",\"inLanguage\":\"es\",\"@id\":\"https:\\\/\\\/www.institutofertilidadviamed.com\\\/hospital-santa-angela-de-la-cruz\\\/#\\\/schema\\\/logo\\\/image\\\/\",\"url\":\"https:\\\/\\\/www.institutofertilidadviamed.com\\\/hospital-santa-angela-de-la-cruz\\\/wp-content\\\/uploads\\\/2022\\\/11\\\/ifv.png\",\"contentUrl\":\"https:\\\/\\\/www.institutofertilidadviamed.com\\\/hospital-santa-angela-de-la-cruz\\\/wp-content\\\/uploads\\\/2022\\\/11\\\/ifv.png\",\"width\":227,\"height\":61,\"caption\":\"Instituto de fertilidad Viamed\"},\"image\":{\"@id\":\"https:\\\/\\\/www.institutofertilidadviamed.com\\\/hospital-santa-angela-de-la-cruz\\\/#\\\/schema\\\/logo\\\/image\\\/\"},\"sameAs\":[\"https:\\\/\\\/www.instagram.com\\\/institutofertilidadviamed\\\/\"]}]}<\/script>\n<!-- \/ Yoast SEO plugin. -->","yoast_head_json":{"title":"ROPA (Recepci\u00f3n de \u00f3vulos de la pareja) - Instituto de fertilidad Viamed - IFV","description":"La recepci\u00f3n de \u00f3vulos de la pareja o m\u00e9todo ROPA es un tratamiento de reproducci\u00f3n asistida destinado a parejas de mujeres","robots":{"index":"index","follow":"follow","max-snippet":"max-snippet:-1","max-image-preview":"max-image-preview:large","max-video-preview":"max-video-preview:-1"},"canonical":"https:\/\/www.institutofertilidadviamed.com\/hospital-santa-angela-de-la-cruz\/tratamientos-fertilidad\/ropa-recepcion-ovulos-pareja\/","og_locale":"es_ES","og_type":"article","og_title":"ROPA (Recepci\u00f3n de \u00f3vulos de la pareja) - Instituto de fertilidad Viamed - IFV","og_description":"La recepci\u00f3n de \u00f3vulos de la pareja o m\u00e9todo ROPA es un tratamiento de reproducci\u00f3n asistida destinado a parejas de mujeres","og_url":"https:\/\/www.institutofertilidadviamed.com\/hospital-santa-angela-de-la-cruz\/tratamientos-fertilidad\/ropa-recepcion-ovulos-pareja\/","og_site_name":"IFV Viamed","article_modified_time":"2022-12-19T13:12:36+00:00","og_image":[{"url":"https:\/\/www.institutofertilidadviamed.com\/hospital-santa-angela-de-la-cruz\/wp-content\/uploads\/2022\/12\/Mesa-de-trabajo-7-copia.png","type":"","width":"","height":""}],"twitter_card":"summary_large_image","twitter_misc":{"Tiempo de lectura":"1 minuto"},"schema":{"@context":"https:\/\/schema.org","@graph":[{"@type":"WebPage","@id":"https:\/\/www.institutofertilidadviamed.com\/hospital-santa-angela-de-la-cruz\/tratamientos-fertilidad\/ropa-recepcion-ovulos-pareja\/","url":"https:\/\/www.institutofertilidadviamed.com\/hospital-santa-angela-de-la-cruz\/tratamientos-fertilidad\/ropa-recepcion-ovulos-pareja\/","name":"ROPA (Recepci\u00f3n de \u00f3vulos de la pareja) - Instituto de fertilidad Viamed - IFV","isPartOf":{"@id":"https:\/\/www.institutofertilidadviamed.com\/hospital-santa-angela-de-la-cruz\/#website"},"primaryImageOfPage":{"@id":"https:\/\/www.institutofertilidadviamed.com\/hospital-santa-angela-de-la-cruz\/tratamientos-fertilidad\/ropa-recepcion-ovulos-pareja\/#primaryimage"},"image":{"@id":"https:\/\/www.institutofertilidadviamed.com\/hospital-santa-angela-de-la-cruz\/tratamientos-fertilidad\/ropa-recepcion-ovulos-pareja\/#primaryimage"},"thumbnailUrl":"https:\/\/www.institutofertilidadviamed.com\/hospital-santa-angela-de-la-cruz\/wp-content\/uploads\/2022\/12\/Mesa-de-trabajo-7-copia.png","datePublished":"2022-11-29T11:10:44+00:00","dateModified":"2022-12-19T13:12:36+00:00","description":"La recepci\u00f3n de \u00f3vulos de la pareja o m\u00e9todo ROPA es un tratamiento de reproducci\u00f3n asistida destinado a parejas de mujeres","breadcrumb":{"@id":"https:\/\/www.institutofertilidadviamed.com\/hospital-santa-angela-de-la-cruz\/tratamientos-fertilidad\/ropa-recepcion-ovulos-pareja\/#breadcrumb"},"inLanguage":"es","potentialAction":[{"@type":"ReadAction","target":["https:\/\/www.institutofertilidadviamed.com\/hospital-santa-angela-de-la-cruz\/tratamientos-fertilidad\/ropa-recepcion-ovulos-pareja\/"]}]},{"@type":"ImageObject","inLanguage":"es","@id":"https:\/\/www.institutofertilidadviamed.com\/hospital-santa-angela-de-la-cruz\/tratamientos-fertilidad\/ropa-recepcion-ovulos-pareja\/#primaryimage","url":"https:\/\/www.institutofertilidadviamed.com\/hospital-santa-angela-de-la-cruz\/wp-content\/uploads\/2022\/12\/Mesa-de-trabajo-7-copia.png","contentUrl":"https:\/\/www.institutofertilidadviamed.com\/hospital-santa-angela-de-la-cruz\/wp-content\/uploads\/2022\/12\/Mesa-de-trabajo-7-copia.png","width":801,"height":800},{"@type":"BreadcrumbList","@id":"https:\/\/www.institutofertilidadviamed.com\/hospital-santa-angela-de-la-cruz\/tratamientos-fertilidad\/ropa-recepcion-ovulos-pareja\/#breadcrumb","itemListElement":[{"@type":"ListItem","position":1,"name":"Tratamientos de fertilidad","item":"https:\/\/www.institutofertilidadviamed.com\/hospital-santa-angela-de-la-cruz\/tratamientos-fertilidad\/"},{"@type":"ListItem","position":2,"name":"ROPA (Recepci\u00f3n de \u00f3vulos de la pareja)"}]},{"@type":"WebSite","@id":"https:\/\/www.institutofertilidadviamed.com\/hospital-santa-angela-de-la-cruz\/#website","url":"https:\/\/www.institutofertilidadviamed.com\/hospital-santa-angela-de-la-cruz\/","name":"Instituto de fertilidad Viamed","description":"","publisher":{"@id":"https:\/\/www.institutofertilidadviamed.com\/hospital-santa-angela-de-la-cruz\/#organization"},"alternateName":"IFV Viamed","potentialAction":[{"@type":"SearchAction","target":{"@type":"EntryPoint","urlTemplate":"https:\/\/www.institutofertilidadviamed.com\/hospital-santa-angela-de-la-cruz\/?s={search_term_string}"},"query-input":{"@type":"PropertyValueSpecification","valueRequired":true,"valueName":"search_term_string"}}],"inLanguage":"es"},{"@type":"Organization","@id":"https:\/\/www.institutofertilidadviamed.com\/hospital-santa-angela-de-la-cruz\/#organization","name":"Instituto de fertilidad Viamed","url":"https:\/\/www.institutofertilidadviamed.com\/hospital-santa-angela-de-la-cruz\/","logo":{"@type":"ImageObject","inLanguage":"es","@id":"https:\/\/www.institutofertilidadviamed.com\/hospital-santa-angela-de-la-cruz\/#\/schema\/logo\/image\/","url":"https:\/\/www.institutofertilidadviamed.com\/hospital-santa-angela-de-la-cruz\/wp-content\/uploads\/2022\/11\/ifv.png","contentUrl":"https:\/\/www.institutofertilidadviamed.com\/hospital-santa-angela-de-la-cruz\/wp-content\/uploads\/2022\/11\/ifv.png","width":227,"height":61,"caption":"Instituto de fertilidad Viamed"},"image":{"@id":"https:\/\/www.institutofertilidadviamed.com\/hospital-santa-angela-de-la-cruz\/#\/schema\/logo\/image\/"},"sameAs":["https:\/\/www.instagram.com\/institutofertilidadviamed\/"]}]}},"_links":{"self":[{"href":"https:\/\/www.institutofertilidadviamed.com\/hospital-santa-angela-de-la-cruz\/wp-json\/wp\/v2\/pages\/511","targetHints":{"allow":["GET"]}}],"collection":[{"href":"https:\/\/www.institutofertilidadviamed.com\/hospital-santa-angela-de-la-cruz\/wp-json\/wp\/v2\/pages"}],"about":[{"href":"https:\/\/www.institutofertilidadviamed.com\/hospital-santa-angela-de-la-cruz\/wp-json\/wp\/v2\/types\/page"}],"author":[{"embeddable":true,"href":"https:\/\/www.institutofertilidadviamed.com\/hospital-santa-angela-de-la-cruz\/wp-json\/wp\/v2\/users\/1"}],"replies":[{"embeddable":true,"href":"https:\/\/www.institutofertilidadviamed.com\/hospital-santa-angela-de-la-cruz\/wp-json\/wp\/v2\/comments?post=511"}],"version-history":[{"count":28,"href":"https:\/\/www.institutofertilidadviamed.com\/hospital-santa-angela-de-la-cruz\/wp-json\/wp\/v2\/pages\/511\/revisions"}],"predecessor-version":[{"id":2327,"href":"https:\/\/www.institutofertilidadviamed.com\/hospital-santa-angela-de-la-cruz\/wp-json\/wp\/v2\/pages\/511\/revisions\/2327"}],"up":[{"embeddable":true,"href":"https:\/\/www.institutofertilidadviamed.com\/hospital-santa-angela-de-la-cruz\/wp-json\/wp\/v2\/pages\/154"}],"wp:attachment":[{"href":"https:\/\/www.institutofertilidadviamed.com\/hospital-santa-angela-de-la-cruz\/wp-json\/wp\/v2\/media?parent=511"}],"curies":[{"name":"wp","href":"https:\/\/api.w.org\/{rel}","templated":true}]}}