{"id":626,"date":"2022-12-05T11:16:14","date_gmt":"2022-12-05T11:16:14","guid":{"rendered":"https:\/\/www.institutofertilidadviamed.com\/hospital-santa-angela-de-la-cruz\/?page_id=626"},"modified":"2023-02-15T16:19:27","modified_gmt":"2023-02-15T16:19:27","slug":"time-lapse","status":"publish","type":"page","link":"https:\/\/www.institutofertilidadviamed.com\/hospital-santa-angela-de-la-cruz\/tecnicas-fertilidad\/time-lapse\/","title":{"rendered":"Time lapse"},"content":{"rendered":"\t\t<div data-elementor-type=\"wp-page\" data-elementor-id=\"626\" class=\"elementor elementor-626\" data-elementor-post-type=\"page\">\n\t\t\t\t\t\t<section class=\"elementor-section elementor-top-section elementor-element elementor-element-40150c7 elementor-section-boxed elementor-section-height-default elementor-section-height-default\" data-id=\"40150c7\" data-element_type=\"section\" data-e-type=\"section\" data-settings=\"{&quot;background_background&quot;:&quot;classic&quot;}\">\n\t\t\t\t\t\t<div class=\"elementor-container elementor-column-gap-default\">\n\t\t\t\t\t<div class=\"elementor-column elementor-col-100 elementor-top-column elementor-element elementor-element-0a9b248\" data-id=\"0a9b248\" data-element_type=\"column\" data-e-type=\"column\">\n\t\t\t<div class=\"elementor-widget-wrap elementor-element-populated\">\n\t\t\t\t\t\t<div class=\"elementor-element elementor-element-001814e elementor-widget elementor-widget-heading\" data-id=\"001814e\" data-element_type=\"widget\" data-e-type=\"widget\" data-widget_type=\"heading.default\">\n\t\t\t\t<div class=\"elementor-widget-container\">\n\t\t\t\t\t<h1 class=\"elementor-heading-title elementor-size-default\">Time lapse<\/h1>\t\t\t\t<\/div>\n\t\t\t\t<\/div>\n\t\t\t\t<div class=\"elementor-element elementor-element-f7df4f1 elementor-widget-divider--view-line elementor-widget elementor-widget-divider\" data-id=\"f7df4f1\" data-element_type=\"widget\" data-e-type=\"widget\" data-widget_type=\"divider.default\">\n\t\t\t\t<div class=\"elementor-widget-container\">\n\t\t\t\t\t\t\t<div class=\"elementor-divider\">\n\t\t\t<span class=\"elementor-divider-separator\">\n\t\t\t\t\t\t<\/span>\n\t\t<\/div>\n\t\t\t\t\t\t<\/div>\n\t\t\t\t<\/div>\n\t\t\t\t<div class=\"elementor-element elementor-element-ef306e3 elementor-widget elementor-widget-text-editor\" data-id=\"ef306e3\" data-element_type=\"widget\" data-e-type=\"widget\" data-widget_type=\"text-editor.default\">\n\t\t\t\t<div class=\"elementor-widget-container\">\n\t\t\t\t\t\t\t\t\t<p>La capacidad de evoluci\u00f3n de los embriones y su manera de llevarla a cabo determina la probabilidad de que dichos embriones lleguen a implantar y a dar lugar a un embarazo. En el laboratorio de reproducci\u00f3n asistida se analiza y estudia meticulosamente la manera en que cada embri\u00f3n individualmente se divide y avanza antes de ser transferido.<\/p>\t\t\t\t\t\t\t\t<\/div>\n\t\t\t\t<\/div>\n\t\t\t\t\t<\/div>\n\t\t<\/div>\n\t\t\t\t\t<\/div>\n\t\t<\/section>\n\t\t\t\t<section class=\"elementor-section elementor-top-section elementor-element elementor-element-cff4b0d elementor-section-full_width elementor-section-content-middle elementor-section-height-default elementor-section-height-default\" data-id=\"cff4b0d\" data-element_type=\"section\" data-e-type=\"section\" data-settings=\"{&quot;background_background&quot;:&quot;classic&quot;}\">\n\t\t\t\t\t\t<div class=\"elementor-container elementor-column-gap-no\">\n\t\t\t\t\t<div class=\"elementor-column elementor-col-33 elementor-top-column elementor-element elementor-element-5bbfbe0\" data-id=\"5bbfbe0\" data-element_type=\"column\" data-e-type=\"column\" data-settings=\"{&quot;background_background&quot;:&quot;classic&quot;}\">\n\t\t\t<div class=\"elementor-widget-wrap elementor-element-populated\">\n\t\t\t\t\t\t<div class=\"elementor-element elementor-element-e58df36 elementor-widget elementor-widget-spacer\" data-id=\"e58df36\" data-element_type=\"widget\" data-e-type=\"widget\" data-widget_type=\"spacer.default\">\n\t\t\t\t<div class=\"elementor-widget-container\">\n\t\t\t\t\t\t\t<div class=\"elementor-spacer\">\n\t\t\t<div class=\"elementor-spacer-inner\"><\/div>\n\t\t<\/div>\n\t\t\t\t\t\t<\/div>\n\t\t\t\t<\/div>\n\t\t\t\t\t<\/div>\n\t\t<\/div>\n\t\t\t\t<div class=\"elementor-column elementor-col-33 elementor-top-column elementor-element elementor-element-bee6e95\" data-id=\"bee6e95\" data-element_type=\"column\" data-e-type=\"column\" data-settings=\"{&quot;background_background&quot;:&quot;gradient&quot;}\">\n\t\t\t<div class=\"elementor-widget-wrap\">\n\t\t\t\t\t\t\t<\/div>\n\t\t<\/div>\n\t\t\t\t<div class=\"elementor-column elementor-col-33 elementor-top-column elementor-element elementor-element-b7adf51\" data-id=\"b7adf51\" data-element_type=\"column\" data-e-type=\"column\" data-settings=\"{&quot;background_background&quot;:&quot;classic&quot;}\">\n\t\t\t<div class=\"elementor-widget-wrap elementor-element-populated\">\n\t\t\t\t\t\t<div class=\"elementor-element elementor-element-871eb27 elementor-widget elementor-widget-text-editor\" data-id=\"871eb27\" data-element_type=\"widget\" data-e-type=\"widget\" data-widget_type=\"text-editor.default\">\n\t\t\t\t<div class=\"elementor-widget-container\">\n\t\t\t\t\t\t\t\t\t<h2><strong style=\"font-weight: 600;\">La tecnolog\u00eda Time Lapse<\/strong><\/h2><p>consiste en la <strong style=\"font-weight: 600;\">observaci\u00f3n de la evoluci\u00f3n embrionaria<\/strong> en una incubadora que realiza un seguimiento en tiempo real. Se puede contemplar cada divisi\u00f3n de los embriones minuto a minuto y su manera de desarrollarse a trav\u00e9s de v\u00eddeos. De este modo se puede <strong style=\"font-weight: 600;\">seleccionar de una manera m\u00e1s eficiente y fiable el embri\u00f3n con mejor pron\u00f3stico de embarazo.<\/strong><\/p><p>Este revolucionario avance en las incubadoras mejora los resultados de embarazo al ayudar a acortar el tiempo de espera al embarazo, priorizando la transferencia de los embriones con mejor calidad.<\/p>\t\t\t\t\t\t\t\t<\/div>\n\t\t\t\t<\/div>\n\t\t\t\t<div class=\"elementor-element elementor-element-c6d73da elementor-widget__width-initial elementor-widget elementor-widget-text-editor\" data-id=\"c6d73da\" data-element_type=\"widget\" data-e-type=\"widget\" data-widget_type=\"text-editor.default\">\n\t\t\t\t<div class=\"elementor-widget-container\">\n\t\t\t\t\t\t\t\t\t<p>Adem\u00e1s, con esta tecnolog\u00eda de la incubadora, los futuros padres podr\u00e1n disfrutar del v\u00eddeo de los primeros d\u00edas de desarrollo de su beb\u00e9, en el que parte de un \u00f3vulo y un espermatozoide y se convierte en un embri\u00f3n y futuro beb\u00e9.<\/p>\t\t\t\t\t\t\t\t<\/div>\n\t\t\t\t<\/div>\n\t\t\t\t<div class=\"elementor-element elementor-element-7aa7dd6 elementor-widget__width-initial elementor-invisible elementor-widget elementor-widget-image\" data-id=\"7aa7dd6\" data-element_type=\"widget\" data-e-type=\"widget\" data-settings=\"{&quot;_animation&quot;:&quot;fadeInRight&quot;}\" data-widget_type=\"image.default\">\n\t\t\t\t<div class=\"elementor-widget-container\">\n\t\t\t\t\t\t\t\t\t\t\t\t\t\t\t<img fetchpriority=\"high\" decoding=\"async\" width=\"800\" height=\"800\" src=\"https:\/\/www.institutofertilidadviamed.com\/hospital-santa-angela-de-la-cruz\/wp-content\/uploads\/2022\/12\/Mesa-de-trabajo-7-copia-4.png\" class=\"attachment-large size-large wp-image-1819\" alt=\"\" srcset=\"https:\/\/www.institutofertilidadviamed.com\/hospital-santa-angela-de-la-cruz\/wp-content\/uploads\/2022\/12\/Mesa-de-trabajo-7-copia-4.png 801w, https:\/\/www.institutofertilidadviamed.com\/hospital-santa-angela-de-la-cruz\/wp-content\/uploads\/2022\/12\/Mesa-de-trabajo-7-copia-4-300x300.png 300w, https:\/\/www.institutofertilidadviamed.com\/hospital-santa-angela-de-la-cruz\/wp-content\/uploads\/2022\/12\/Mesa-de-trabajo-7-copia-4-150x150.png 150w, https:\/\/www.institutofertilidadviamed.com\/hospital-santa-angela-de-la-cruz\/wp-content\/uploads\/2022\/12\/Mesa-de-trabajo-7-copia-4-768x768.png 768w\" sizes=\"(max-width: 800px) 100vw, 800px\" \/>\t\t\t\t\t\t\t\t\t\t\t\t\t\t\t<\/div>\n\t\t\t\t<\/div>\n\t\t\t\t\t<\/div>\n\t\t<\/div>\n\t\t\t\t\t<\/div>\n\t\t<\/section>\n\t\t\t\t<\/div>\n\t\t","protected":false},"excerpt":{"rendered":"<p>Time lapse La capacidad de evoluci\u00f3n de los embriones y su manera de llevarla a cabo determina la probabilidad de que dichos embriones lleguen a implantar y a dar lugar a un embarazo. En el laboratorio de reproducci\u00f3n asistida se analiza y estudia meticulosamente la manera en que cada embri\u00f3n individualmente se divide y avanza [&hellip;]<\/p>\n","protected":false},"author":1,"featured_media":0,"parent":382,"menu_order":0,"comment_status":"closed","ping_status":"closed","template":"elementor_header_footer","meta":{"_acf_changed":false,"footnotes":""},"class_list":["post-626","page","type-page","status-publish","hentry"],"acf":[],"yoast_head":"<!-- This site is optimized with the Yoast SEO plugin v27.4 - https:\/\/yoast.com\/product\/yoast-seo-wordpress\/ -->\n<title>Time lapse - Instituto de fertilidad Viamed - IFV<\/title>\n<meta name=\"description\" content=\"La tecnolog\u00eda Time Lapse consiste en la observaci\u00f3n de la evoluci\u00f3n embrionaria en una incubadora que realiza un seguimiento en tiempo real.\" \/>\n<meta name=\"robots\" content=\"index, follow, max-snippet:-1, max-image-preview:large, max-video-preview:-1\" \/>\n<link rel=\"canonical\" href=\"https:\/\/www.institutofertilidadviamed.com\/hospital-santa-angela-de-la-cruz\/tecnicas-fertilidad\/time-lapse\/\" \/>\n<meta property=\"og:locale\" content=\"es_ES\" \/>\n<meta property=\"og:type\" content=\"article\" \/>\n<meta property=\"og:title\" content=\"Time lapse - Instituto de fertilidad Viamed - IFV\" \/>\n<meta property=\"og:description\" content=\"La tecnolog\u00eda Time Lapse consiste en la observaci\u00f3n de la evoluci\u00f3n embrionaria en una incubadora que realiza un seguimiento en tiempo real.\" \/>\n<meta property=\"og:url\" content=\"https:\/\/www.institutofertilidadviamed.com\/hospital-santa-angela-de-la-cruz\/tecnicas-fertilidad\/time-lapse\/\" \/>\n<meta property=\"og:site_name\" content=\"IFV Viamed\" \/>\n<meta property=\"article:modified_time\" content=\"2023-02-15T16:19:27+00:00\" \/>\n<meta property=\"og:image\" content=\"https:\/\/www.institutofertilidadviamed.com\/hospital-santa-angela-de-la-cruz\/wp-content\/uploads\/2022\/12\/Mesa-de-trabajo-7-copia-4.png\" \/>\n<meta name=\"twitter:card\" content=\"summary_large_image\" \/>\n<meta name=\"twitter:label1\" content=\"Tiempo de lectura\" \/>\n\t<meta name=\"twitter:data1\" content=\"2 minutos\" \/>\n<script type=\"application\/ld+json\" class=\"yoast-schema-graph\">{\"@context\":\"https:\\\/\\\/schema.org\",\"@graph\":[{\"@type\":\"WebPage\",\"@id\":\"https:\\\/\\\/www.institutofertilidadviamed.com\\\/hospital-santa-angela-de-la-cruz\\\/tecnicas-fertilidad\\\/time-lapse\\\/\",\"url\":\"https:\\\/\\\/www.institutofertilidadviamed.com\\\/hospital-santa-angela-de-la-cruz\\\/tecnicas-fertilidad\\\/time-lapse\\\/\",\"name\":\"Time lapse - Instituto de fertilidad Viamed - IFV\",\"isPartOf\":{\"@id\":\"https:\\\/\\\/www.institutofertilidadviamed.com\\\/hospital-santa-angela-de-la-cruz\\\/#website\"},\"primaryImageOfPage\":{\"@id\":\"https:\\\/\\\/www.institutofertilidadviamed.com\\\/hospital-santa-angela-de-la-cruz\\\/tecnicas-fertilidad\\\/time-lapse\\\/#primaryimage\"},\"image\":{\"@id\":\"https:\\\/\\\/www.institutofertilidadviamed.com\\\/hospital-santa-angela-de-la-cruz\\\/tecnicas-fertilidad\\\/time-lapse\\\/#primaryimage\"},\"thumbnailUrl\":\"https:\\\/\\\/www.institutofertilidadviamed.com\\\/hospital-santa-angela-de-la-cruz\\\/wp-content\\\/uploads\\\/2022\\\/12\\\/Mesa-de-trabajo-7-copia-4.png\",\"datePublished\":\"2022-12-05T11:16:14+00:00\",\"dateModified\":\"2023-02-15T16:19:27+00:00\",\"description\":\"La tecnolog\u00eda Time Lapse consiste en la observaci\u00f3n de la evoluci\u00f3n embrionaria en una incubadora que realiza un seguimiento en tiempo real.\",\"breadcrumb\":{\"@id\":\"https:\\\/\\\/www.institutofertilidadviamed.com\\\/hospital-santa-angela-de-la-cruz\\\/tecnicas-fertilidad\\\/time-lapse\\\/#breadcrumb\"},\"inLanguage\":\"es\",\"potentialAction\":[{\"@type\":\"ReadAction\",\"target\":[\"https:\\\/\\\/www.institutofertilidadviamed.com\\\/hospital-santa-angela-de-la-cruz\\\/tecnicas-fertilidad\\\/time-lapse\\\/\"]}]},{\"@type\":\"ImageObject\",\"inLanguage\":\"es\",\"@id\":\"https:\\\/\\\/www.institutofertilidadviamed.com\\\/hospital-santa-angela-de-la-cruz\\\/tecnicas-fertilidad\\\/time-lapse\\\/#primaryimage\",\"url\":\"https:\\\/\\\/www.institutofertilidadviamed.com\\\/hospital-santa-angela-de-la-cruz\\\/wp-content\\\/uploads\\\/2022\\\/12\\\/Mesa-de-trabajo-7-copia-4.png\",\"contentUrl\":\"https:\\\/\\\/www.institutofertilidadviamed.com\\\/hospital-santa-angela-de-la-cruz\\\/wp-content\\\/uploads\\\/2022\\\/12\\\/Mesa-de-trabajo-7-copia-4.png\",\"width\":801,\"height\":801},{\"@type\":\"BreadcrumbList\",\"@id\":\"https:\\\/\\\/www.institutofertilidadviamed.com\\\/hospital-santa-angela-de-la-cruz\\\/tecnicas-fertilidad\\\/time-lapse\\\/#breadcrumb\",\"itemListElement\":[{\"@type\":\"ListItem\",\"position\":1,\"name\":\"T\u00e9cnicas de fertilidad\",\"item\":\"https:\\\/\\\/www.institutofertilidadviamed.com\\\/hospital-santa-angela-de-la-cruz\\\/tecnicas-fertilidad\\\/\"},{\"@type\":\"ListItem\",\"position\":2,\"name\":\"Time lapse\"}]},{\"@type\":\"WebSite\",\"@id\":\"https:\\\/\\\/www.institutofertilidadviamed.com\\\/hospital-santa-angela-de-la-cruz\\\/#website\",\"url\":\"https:\\\/\\\/www.institutofertilidadviamed.com\\\/hospital-santa-angela-de-la-cruz\\\/\",\"name\":\"Instituto de fertilidad Viamed\",\"description\":\"\",\"publisher\":{\"@id\":\"https:\\\/\\\/www.institutofertilidadviamed.com\\\/hospital-santa-angela-de-la-cruz\\\/#organization\"},\"alternateName\":\"IFV Viamed\",\"potentialAction\":[{\"@type\":\"SearchAction\",\"target\":{\"@type\":\"EntryPoint\",\"urlTemplate\":\"https:\\\/\\\/www.institutofertilidadviamed.com\\\/hospital-santa-angela-de-la-cruz\\\/?s={search_term_string}\"},\"query-input\":{\"@type\":\"PropertyValueSpecification\",\"valueRequired\":true,\"valueName\":\"search_term_string\"}}],\"inLanguage\":\"es\"},{\"@type\":\"Organization\",\"@id\":\"https:\\\/\\\/www.institutofertilidadviamed.com\\\/hospital-santa-angela-de-la-cruz\\\/#organization\",\"name\":\"Instituto de fertilidad Viamed\",\"url\":\"https:\\\/\\\/www.institutofertilidadviamed.com\\\/hospital-santa-angela-de-la-cruz\\\/\",\"logo\":{\"@type\":\"ImageObject\",\"inLanguage\":\"es\",\"@id\":\"https:\\\/\\\/www.institutofertilidadviamed.com\\\/hospital-santa-angela-de-la-cruz\\\/#\\\/schema\\\/logo\\\/image\\\/\",\"url\":\"https:\\\/\\\/www.institutofertilidadviamed.com\\\/hospital-santa-angela-de-la-cruz\\\/wp-content\\\/uploads\\\/2022\\\/11\\\/ifv.png\",\"contentUrl\":\"https:\\\/\\\/www.institutofertilidadviamed.com\\\/hospital-santa-angela-de-la-cruz\\\/wp-content\\\/uploads\\\/2022\\\/11\\\/ifv.png\",\"width\":227,\"height\":61,\"caption\":\"Instituto de fertilidad Viamed\"},\"image\":{\"@id\":\"https:\\\/\\\/www.institutofertilidadviamed.com\\\/hospital-santa-angela-de-la-cruz\\\/#\\\/schema\\\/logo\\\/image\\\/\"},\"sameAs\":[\"https:\\\/\\\/www.instagram.com\\\/institutofertilidadviamed\\\/\"]}]}<\/script>\n<!-- \/ Yoast SEO plugin. -->","yoast_head_json":{"title":"Time lapse - Instituto de fertilidad Viamed - IFV","description":"La tecnolog\u00eda Time Lapse consiste en la observaci\u00f3n de la evoluci\u00f3n embrionaria en una incubadora que realiza un seguimiento en tiempo real.","robots":{"index":"index","follow":"follow","max-snippet":"max-snippet:-1","max-image-preview":"max-image-preview:large","max-video-preview":"max-video-preview:-1"},"canonical":"https:\/\/www.institutofertilidadviamed.com\/hospital-santa-angela-de-la-cruz\/tecnicas-fertilidad\/time-lapse\/","og_locale":"es_ES","og_type":"article","og_title":"Time lapse - Instituto de fertilidad Viamed - IFV","og_description":"La tecnolog\u00eda Time Lapse consiste en la observaci\u00f3n de la evoluci\u00f3n embrionaria en una incubadora que realiza un seguimiento en tiempo real.","og_url":"https:\/\/www.institutofertilidadviamed.com\/hospital-santa-angela-de-la-cruz\/tecnicas-fertilidad\/time-lapse\/","og_site_name":"IFV Viamed","article_modified_time":"2023-02-15T16:19:27+00:00","og_image":[{"url":"https:\/\/www.institutofertilidadviamed.com\/hospital-santa-angela-de-la-cruz\/wp-content\/uploads\/2022\/12\/Mesa-de-trabajo-7-copia-4.png","type":"","width":"","height":""}],"twitter_card":"summary_large_image","twitter_misc":{"Tiempo de lectura":"2 minutos"},"schema":{"@context":"https:\/\/schema.org","@graph":[{"@type":"WebPage","@id":"https:\/\/www.institutofertilidadviamed.com\/hospital-santa-angela-de-la-cruz\/tecnicas-fertilidad\/time-lapse\/","url":"https:\/\/www.institutofertilidadviamed.com\/hospital-santa-angela-de-la-cruz\/tecnicas-fertilidad\/time-lapse\/","name":"Time lapse - Instituto de fertilidad Viamed - IFV","isPartOf":{"@id":"https:\/\/www.institutofertilidadviamed.com\/hospital-santa-angela-de-la-cruz\/#website"},"primaryImageOfPage":{"@id":"https:\/\/www.institutofertilidadviamed.com\/hospital-santa-angela-de-la-cruz\/tecnicas-fertilidad\/time-lapse\/#primaryimage"},"image":{"@id":"https:\/\/www.institutofertilidadviamed.com\/hospital-santa-angela-de-la-cruz\/tecnicas-fertilidad\/time-lapse\/#primaryimage"},"thumbnailUrl":"https:\/\/www.institutofertilidadviamed.com\/hospital-santa-angela-de-la-cruz\/wp-content\/uploads\/2022\/12\/Mesa-de-trabajo-7-copia-4.png","datePublished":"2022-12-05T11:16:14+00:00","dateModified":"2023-02-15T16:19:27+00:00","description":"La tecnolog\u00eda Time Lapse consiste en la observaci\u00f3n de la evoluci\u00f3n embrionaria en una incubadora que realiza un seguimiento en tiempo real.","breadcrumb":{"@id":"https:\/\/www.institutofertilidadviamed.com\/hospital-santa-angela-de-la-cruz\/tecnicas-fertilidad\/time-lapse\/#breadcrumb"},"inLanguage":"es","potentialAction":[{"@type":"ReadAction","target":["https:\/\/www.institutofertilidadviamed.com\/hospital-santa-angela-de-la-cruz\/tecnicas-fertilidad\/time-lapse\/"]}]},{"@type":"ImageObject","inLanguage":"es","@id":"https:\/\/www.institutofertilidadviamed.com\/hospital-santa-angela-de-la-cruz\/tecnicas-fertilidad\/time-lapse\/#primaryimage","url":"https:\/\/www.institutofertilidadviamed.com\/hospital-santa-angela-de-la-cruz\/wp-content\/uploads\/2022\/12\/Mesa-de-trabajo-7-copia-4.png","contentUrl":"https:\/\/www.institutofertilidadviamed.com\/hospital-santa-angela-de-la-cruz\/wp-content\/uploads\/2022\/12\/Mesa-de-trabajo-7-copia-4.png","width":801,"height":801},{"@type":"BreadcrumbList","@id":"https:\/\/www.institutofertilidadviamed.com\/hospital-santa-angela-de-la-cruz\/tecnicas-fertilidad\/time-lapse\/#breadcrumb","itemListElement":[{"@type":"ListItem","position":1,"name":"T\u00e9cnicas de fertilidad","item":"https:\/\/www.institutofertilidadviamed.com\/hospital-santa-angela-de-la-cruz\/tecnicas-fertilidad\/"},{"@type":"ListItem","position":2,"name":"Time lapse"}]},{"@type":"WebSite","@id":"https:\/\/www.institutofertilidadviamed.com\/hospital-santa-angela-de-la-cruz\/#website","url":"https:\/\/www.institutofertilidadviamed.com\/hospital-santa-angela-de-la-cruz\/","name":"Instituto de fertilidad Viamed","description":"","publisher":{"@id":"https:\/\/www.institutofertilidadviamed.com\/hospital-santa-angela-de-la-cruz\/#organization"},"alternateName":"IFV Viamed","potentialAction":[{"@type":"SearchAction","target":{"@type":"EntryPoint","urlTemplate":"https:\/\/www.institutofertilidadviamed.com\/hospital-santa-angela-de-la-cruz\/?s={search_term_string}"},"query-input":{"@type":"PropertyValueSpecification","valueRequired":true,"valueName":"search_term_string"}}],"inLanguage":"es"},{"@type":"Organization","@id":"https:\/\/www.institutofertilidadviamed.com\/hospital-santa-angela-de-la-cruz\/#organization","name":"Instituto de fertilidad Viamed","url":"https:\/\/www.institutofertilidadviamed.com\/hospital-santa-angela-de-la-cruz\/","logo":{"@type":"ImageObject","inLanguage":"es","@id":"https:\/\/www.institutofertilidadviamed.com\/hospital-santa-angela-de-la-cruz\/#\/schema\/logo\/image\/","url":"https:\/\/www.institutofertilidadviamed.com\/hospital-santa-angela-de-la-cruz\/wp-content\/uploads\/2022\/11\/ifv.png","contentUrl":"https:\/\/www.institutofertilidadviamed.com\/hospital-santa-angela-de-la-cruz\/wp-content\/uploads\/2022\/11\/ifv.png","width":227,"height":61,"caption":"Instituto de fertilidad Viamed"},"image":{"@id":"https:\/\/www.institutofertilidadviamed.com\/hospital-santa-angela-de-la-cruz\/#\/schema\/logo\/image\/"},"sameAs":["https:\/\/www.instagram.com\/institutofertilidadviamed\/"]}]}},"_links":{"self":[{"href":"https:\/\/www.institutofertilidadviamed.com\/hospital-santa-angela-de-la-cruz\/wp-json\/wp\/v2\/pages\/626","targetHints":{"allow":["GET"]}}],"collection":[{"href":"https:\/\/www.institutofertilidadviamed.com\/hospital-santa-angela-de-la-cruz\/wp-json\/wp\/v2\/pages"}],"about":[{"href":"https:\/\/www.institutofertilidadviamed.com\/hospital-santa-angela-de-la-cruz\/wp-json\/wp\/v2\/types\/page"}],"author":[{"embeddable":true,"href":"https:\/\/www.institutofertilidadviamed.com\/hospital-santa-angela-de-la-cruz\/wp-json\/wp\/v2\/users\/1"}],"replies":[{"embeddable":true,"href":"https:\/\/www.institutofertilidadviamed.com\/hospital-santa-angela-de-la-cruz\/wp-json\/wp\/v2\/comments?post=626"}],"version-history":[{"count":29,"href":"https:\/\/www.institutofertilidadviamed.com\/hospital-santa-angela-de-la-cruz\/wp-json\/wp\/v2\/pages\/626\/revisions"}],"predecessor-version":[{"id":3891,"href":"https:\/\/www.institutofertilidadviamed.com\/hospital-santa-angela-de-la-cruz\/wp-json\/wp\/v2\/pages\/626\/revisions\/3891"}],"up":[{"embeddable":true,"href":"https:\/\/www.institutofertilidadviamed.com\/hospital-santa-angela-de-la-cruz\/wp-json\/wp\/v2\/pages\/382"}],"wp:attachment":[{"href":"https:\/\/www.institutofertilidadviamed.com\/hospital-santa-angela-de-la-cruz\/wp-json\/wp\/v2\/media?parent=626"}],"curies":[{"name":"wp","href":"https:\/\/api.w.org\/{rel}","templated":true}]}}