{"id":924,"date":"2022-12-07T10:21:21","date_gmt":"2022-12-07T10:21:21","guid":{"rendered":"https:\/\/www.institutofertilidadviamed.com\/hospital-santa-angela-de-la-cruz\/?page_id=924"},"modified":"2023-02-17T12:56:43","modified_gmt":"2023-02-17T12:56:43","slug":"aviso-legal","status":"publish","type":"page","link":"https:\/\/www.institutofertilidadviamed.com\/hospital-santa-angela-de-la-cruz\/aviso-legal\/","title":{"rendered":"Aviso Legal"},"content":{"rendered":"\t\t<div data-elementor-type=\"wp-page\" data-elementor-id=\"924\" class=\"elementor elementor-924\" data-elementor-post-type=\"page\">\n\t\t\t\t\t\t<section class=\"elementor-section elementor-top-section elementor-element elementor-element-55fe438 elementor-section-boxed elementor-section-height-default elementor-section-height-default\" data-id=\"55fe438\" data-element_type=\"section\" data-e-type=\"section\" data-settings=\"{&quot;background_background&quot;:&quot;classic&quot;}\">\n\t\t\t\t\t\t<div class=\"elementor-container elementor-column-gap-default\">\n\t\t\t\t\t<div class=\"elementor-column elementor-col-100 elementor-top-column elementor-element elementor-element-1667b46\" data-id=\"1667b46\" data-element_type=\"column\" data-e-type=\"column\">\n\t\t\t<div class=\"elementor-widget-wrap elementor-element-populated\">\n\t\t\t\t\t\t<div class=\"elementor-element elementor-element-77bf5ae elementor-widget elementor-widget-heading\" data-id=\"77bf5ae\" data-element_type=\"widget\" data-e-type=\"widget\" data-widget_type=\"heading.default\">\n\t\t\t\t<div class=\"elementor-widget-container\">\n\t\t\t\t\t<h2 class=\"elementor-heading-title elementor-size-default\">Aviso legal<\/h2>\t\t\t\t<\/div>\n\t\t\t\t<\/div>\n\t\t\t\t<div class=\"elementor-element elementor-element-43a57a4 elementor-widget-divider--view-line elementor-widget elementor-widget-divider\" data-id=\"43a57a4\" data-element_type=\"widget\" data-e-type=\"widget\" data-widget_type=\"divider.default\">\n\t\t\t\t<div class=\"elementor-widget-container\">\n\t\t\t\t\t\t\t<div class=\"elementor-divider\">\n\t\t\t<span class=\"elementor-divider-separator\">\n\t\t\t\t\t\t<\/span>\n\t\t<\/div>\n\t\t\t\t\t\t<\/div>\n\t\t\t\t<\/div>\n\t\t\t\t\t<\/div>\n\t\t<\/div>\n\t\t\t\t\t<\/div>\n\t\t<\/section>\n\t\t\t\t<section class=\"elementor-section elementor-top-section elementor-element elementor-element-0789080 elementor-section-boxed elementor-section-height-default elementor-section-height-default\" data-id=\"0789080\" data-element_type=\"section\" data-e-type=\"section\">\n\t\t\t\t\t\t<div class=\"elementor-container elementor-column-gap-default\">\n\t\t\t\t\t<div class=\"elementor-column elementor-col-100 elementor-top-column elementor-element elementor-element-bb5484a\" data-id=\"bb5484a\" data-element_type=\"column\" data-e-type=\"column\">\n\t\t\t<div class=\"elementor-widget-wrap elementor-element-populated\">\n\t\t\t\t\t\t<div class=\"elementor-element elementor-element-5908bc3 elementor-widget elementor-widget-text-editor\" data-id=\"5908bc3\" data-element_type=\"widget\" data-e-type=\"widget\" data-widget_type=\"text-editor.default\">\n\t\t\t\t<div class=\"elementor-widget-container\">\n\t\t\t\t\t\t\t\t\t<div class=\"fusion-title title fusion-title-1 fusion-sep-none fusion-title-text fusion-title-size-two fusion-border-below-title\"><p>El presente Aviso Legal regula el uso de la p\u00e1gina web <a href=\"https:\/\/www.institutofertilidadviamed.com\/hospital-santa-angela-de-la-cruz\/\">https:\/\/www.institutofertilidadviamed.com\/hospital-santa-angela-de-la-cruz\/ <\/a>(en adelante, la P\u00e1gina) titularidad de INSTITUTO DE FERTILIDAD VIAMED S.L. (en adelante, IFV):<\/p><p><span class=\"ui-provider vl b c d e f g h i j k l m n o p q r s t u v w x y z ab ac ae af ag ah ai aj ak\" dir=\"ltr\">CIF: B10827202<\/span><\/p><p>AVENIDA DE JEREZ 59, C.P. 41013, SEVILLA<\/p><p>Tlf.: 954 03 20 22<\/p><p><span class=\"ui-provider vl b c d e f g h i j k l m n o p q r s t u v w x y z ab ac ae af ag ah ai aj ak\" dir=\"ltr\">Inscrita en el Registro Mercantil de Sevilla en el tomo 7264, folio 180, hoja 135786.<\/span><\/p><p><span class=\"ui-provider vc b c d e f g h i j k l m n o p q r s t u v w x y z ab ac ae af ag ah ai aj ak\" dir=\"ltr\">Autorizaci\u00f3n administrativa: NICA 31303, autorizado por la Consejer\u00eda de Salud de la Junta de Andaluc\u00eda.<\/span><\/p><p>La utilizaci\u00f3n de la P\u00e1gina requiere la aceptaci\u00f3n del usuario de todas y cada una de las cl\u00e1usulas que se indican en el presente Aviso Legal, as\u00ed como cada una de las advertencias o cl\u00e1usulas espec\u00edficas que se establezcan para la contrataci\u00f3n de determinados servicios, productos o uso de zonas de la P\u00e1gina.<\/p><p>En caso de no aceptar las cl\u00e1usulas establecidas en el presente Aviso Legal, el usuario deber\u00e1 abstenerse de acceder y\/o utilizar los servicios y\/o contenidos puestos a su disposici\u00f3n en la P\u00e1gina.<\/p><p><strong>USO DE LA P\u00c1GINA<\/strong><\/p><p>El usuario se obliga a no utilizar la P\u00e1gina para la realizaci\u00f3n de actividades contrarias a las leyes, a la moral, al orden p\u00fablico y, en general, a hacer un uso conforme a las condiciones establecidas en el presente Aviso Legal. Asimismo, se obliga a no realizar actividades publicitarias o de explotaci\u00f3n comercial remitiendo mensajes que utilicen una identidad falsa.<\/p><p>IFV act\u00faa exclusivamente como responsable en su condici\u00f3n de prestador de un servicio de informaci\u00f3n sobre sus propios servicios, no haci\u00e9ndose responsable de los contenidos que, en contravenci\u00f3n al presente aviso, los usuarios pudieran enviar o publicar, siendo el usuario el \u00fanico responsable de la veracidad y licitud de los mismos.<\/p><p>Se podr\u00e1 interrumpir el servicio que est\u00e9 siendo utilizado por el usuario y resolver de modo inmediato la relaci\u00f3n con el usuario si detecta un uso de la P\u00e1gina o de cualquiera de los servicios que en el mismo se ofertan que pueda considerar contrario a lo expresado en el presente Aviso Legal.<\/p><p><strong>PROPIEDAD INTELECTUAL E INDUSTRIAL<\/strong><\/p><p>La totalidad de los textos, im\u00e1genes, marcas, gr\u00e1ficos, logotipos, botones, archivos de software, combinaciones de colores, as\u00ed como la estructura, selecci\u00f3n, ordenaci\u00f3n y presentaci\u00f3n de contenidos, se encuentra protegida por las leyes sobre Propiedad Intelectual e Industrial, quedando prohibida su reproducci\u00f3n, distribuci\u00f3n, comunicaci\u00f3n p\u00fablica y transformaci\u00f3n, salvo para uso personal y privado.<\/p><p>No se garantiza que los contenidos sean precisos o libres de error o que el libre uso de los mismos por el usuario no infrinja los derechos de terceras partes. El buen o mal uso de esta P\u00e1gina y de sus contenidos est\u00e1 bajo la responsabilidad del usuario.<\/p><p>Asimismo, queda prohibida la reproducci\u00f3n, retransmisi\u00f3n, copia, cesi\u00f3n o redifusi\u00f3n, total o parcial, de la informaci\u00f3n contenida en la P\u00e1gina, cualquiera que fuera su finalidad y el medio utilizado para ello, sin autorizaci\u00f3n previa del titular.<\/p><p><strong>ENLACES O LINKS<\/strong><\/p><p>Se pueden incluir enlaces o links a sitios de terceros. Las p\u00e1ginas u otros sitios pertenecientes a terceros no han sido revisadas ni son objeto de controles por parte de IFV que no podr\u00e1 ser considerada responsable de los contenidos de estos sitios web ni de las medidas que se adopten relativas a su privacidad o al tratamiento de sus datos de car\u00e1cter personal.<\/p><p>Se recomienda la lectura detenida de las condiciones de uso y la pol\u00edtica de privacidad de estos sitios.<\/p><p>En caso de estar interesado en activar un enlace a alguna de las p\u00e1ginas de IFV deber\u00e1 comunicarlo, obteniendo el consentimiento expreso para crear el enlace. IFV se reserva el derecho de oposici\u00f3n a la activaci\u00f3n de enlaces con su sitio web.<\/p><p><strong>MENORES DE EDAD<\/strong><\/p><p>Se recuerda a los usuarios mayores de edad, que tengan a su cargo menores, que ser\u00e1 de su exclusiva responsabilidad determinar qu\u00e9 servicios y\/o contenidos son no apropiados para la edad de estos \u00faltimos.<\/p><p>Existen programas inform\u00e1ticos que permiten filtrar y bloquear el acceso a determinados contenidos y servicios, de tal forma que se pueda decidir cu\u00e1les son los contenidos y servicios de Internet a los que los menores pueden tener acceso y a cu\u00e1les no.<\/p><p><strong>RESPONSABILIDADES<\/strong><\/p><p>IFV no ser\u00e1 responsable directa ni subsidiariamente de:<\/p><ul><li>La calidad del servicio, la velocidad de acceso, el correcto funcionamiento ni la disponibilidad ni continuidad de funcionamiento de la P\u00e1gina.<\/li><li>Los da\u00f1os que puedan causarse en los equipos del usuario por la utilizaci\u00f3n de la P\u00e1gina.<\/li><li>Los casos en que un tercero, quebrantando las medidas de seguridad establecidas, acceda a los mensajes o los utilice para la remisi\u00f3n de virus inform\u00e1ticos.<\/li><li>Los vicios y defectos de toda clase de los contenidos transmitidos, difundidos, almacenados o puestos a disposici\u00f3n.<\/li><li>La licitud, fiabilidad y utilidad de los contenidos que los usuarios transmitan con la utilizaci\u00f3n de la P\u00e1gina o de los servicios en \u00e9l ofertados, as\u00ed como tampoco su veracidad o exactitud.<\/li><li>La utilizaci\u00f3n que los usuarios hacen de la P\u00e1gina, ni se garantiza que lo hagan conforme a lo establecido en el presente Aviso Legal.<\/li><\/ul><p>A t\u00edtulo enunciativo y con car\u00e1cter no limitativo, el usuario ser\u00e1 responsable de:<\/p><ul><li>De los contenidos introducidos por ellos, especialmente de los datos e informaciones introducidos y enviados por medio de la P\u00e1gina.<\/li><li>De la realizaci\u00f3n de cualquier tipo de actuaci\u00f3n il\u00edcita, lesiva de derechos, nociva y\/o perjudicial.<\/li><li>De la facilitaci\u00f3n de datos no veraces o incorrectos.<\/li><\/ul><p><strong>FUERO<\/strong><\/p><p>El presente Aviso Legal se encuentra redactado en castellano y sometido a la legislaci\u00f3n espa\u00f1ola vigente. Para cualquier tipo de controversia derivada de la utilizaci\u00f3n de los servicios ofrecidos o de los contenidos propios de la P\u00e1gina las partes, con la aceptaci\u00f3n del clausulado establecido en el presente Aviso Legal se someter\u00e1n a los Tribunales y Juzgados competentes de Madrid.<\/p><p>Si alguna de las cl\u00e1usulas descritas en el Aviso Legal fuese declarada nula y sin efecto, continuar\u00e1n siendo de aplicaci\u00f3n las restantes, sin que deban quedar afectadas por la declaraci\u00f3n de nulidad.<\/p><p><em>\u00daltima actualizaci\u00f3n: 29 de enero de 2023.<\/em><\/p><\/div>\t\t\t\t\t\t\t\t<\/div>\n\t\t\t\t<\/div>\n\t\t\t\t\t<\/div>\n\t\t<\/div>\n\t\t\t\t\t<\/div>\n\t\t<\/section>\n\t\t\t\t<\/div>\n\t\t","protected":false},"excerpt":{"rendered":"<p>Aviso legal El presente Aviso Legal regula el uso de la p\u00e1gina web https:\/\/www.institutofertilidadviamed.com\/hospital-santa-angela-de-la-cruz\/ (en adelante, la P\u00e1gina) titularidad de INSTITUTO DE FERTILIDAD VIAMED S.L. (en adelante, IFV): CIF: B10827202 AVENIDA DE JEREZ 59, C.P. 41013, SEVILLA Tlf.: 954 03 20 22 Inscrita en el Registro Mercantil de Sevilla en el tomo 7264, folio 180, [&hellip;]<\/p>\n","protected":false},"author":1,"featured_media":0,"parent":0,"menu_order":0,"comment_status":"closed","ping_status":"closed","template":"elementor_header_footer","meta":{"_acf_changed":false,"footnotes":""},"class_list":["post-924","page","type-page","status-publish","hentry"],"acf":[],"yoast_head":"<!-- This site is optimized with the Yoast SEO plugin v27.4 - https:\/\/yoast.com\/product\/yoast-seo-wordpress\/ -->\n<title>Aviso legal - Instituto de fertilidad Viamed - IFV<\/title>\n<meta name=\"description\" content=\"Aviso legal. Instituto de fertilidad Viamed\" \/>\n<meta name=\"robots\" content=\"noindex, follow\" \/>\n<meta property=\"og:locale\" content=\"es_ES\" \/>\n<meta property=\"og:type\" content=\"article\" \/>\n<meta property=\"og:title\" content=\"Aviso legal - Instituto de fertilidad Viamed - IFV\" \/>\n<meta property=\"og:description\" content=\"Aviso legal. Instituto de fertilidad Viamed\" \/>\n<meta property=\"og:url\" content=\"https:\/\/www.institutofertilidadviamed.com\/hospital-santa-angela-de-la-cruz\/aviso-legal\/\" \/>\n<meta property=\"og:site_name\" content=\"IFV Viamed\" \/>\n<meta property=\"article:modified_time\" content=\"2023-02-17T12:56:43+00:00\" \/>\n<meta property=\"og:image\" content=\"https:\/\/www.institutofertilidadviamed.com\/hospital-santa-angela-de-la-cruz\/wp-content\/uploads\/2022\/11\/ifv.png\" \/>\n\t<meta property=\"og:image:width\" content=\"227\" \/>\n\t<meta property=\"og:image:height\" content=\"61\" \/>\n\t<meta property=\"og:image:type\" content=\"image\/png\" \/>\n<meta name=\"twitter:card\" content=\"summary_large_image\" \/>\n<meta name=\"twitter:label1\" content=\"Tiempo de lectura\" \/>\n\t<meta name=\"twitter:data1\" content=\"5 minutos\" \/>\n<script type=\"application\/ld+json\" class=\"yoast-schema-graph\">{\"@context\":\"https:\\\/\\\/schema.org\",\"@graph\":[{\"@type\":\"WebPage\",\"@id\":\"https:\\\/\\\/www.institutofertilidadviamed.com\\\/hospital-santa-angela-de-la-cruz\\\/aviso-legal\\\/\",\"url\":\"https:\\\/\\\/www.institutofertilidadviamed.com\\\/hospital-santa-angela-de-la-cruz\\\/aviso-legal\\\/\",\"name\":\"Aviso legal - Instituto de fertilidad Viamed - IFV\",\"isPartOf\":{\"@id\":\"https:\\\/\\\/www.institutofertilidadviamed.com\\\/hospital-santa-angela-de-la-cruz\\\/#website\"},\"datePublished\":\"2022-12-07T10:21:21+00:00\",\"dateModified\":\"2023-02-17T12:56:43+00:00\",\"description\":\"Aviso legal. Instituto de fertilidad Viamed\",\"inLanguage\":\"es\",\"potentialAction\":[{\"@type\":\"ReadAction\",\"target\":[\"https:\\\/\\\/www.institutofertilidadviamed.com\\\/hospital-santa-angela-de-la-cruz\\\/aviso-legal\\\/\"]}]},{\"@type\":\"WebSite\",\"@id\":\"https:\\\/\\\/www.institutofertilidadviamed.com\\\/hospital-santa-angela-de-la-cruz\\\/#website\",\"url\":\"https:\\\/\\\/www.institutofertilidadviamed.com\\\/hospital-santa-angela-de-la-cruz\\\/\",\"name\":\"Instituto de fertilidad Viamed\",\"description\":\"\",\"publisher\":{\"@id\":\"https:\\\/\\\/www.institutofertilidadviamed.com\\\/hospital-santa-angela-de-la-cruz\\\/#organization\"},\"alternateName\":\"IFV Viamed\",\"potentialAction\":[{\"@type\":\"SearchAction\",\"target\":{\"@type\":\"EntryPoint\",\"urlTemplate\":\"https:\\\/\\\/www.institutofertilidadviamed.com\\\/hospital-santa-angela-de-la-cruz\\\/?s={search_term_string}\"},\"query-input\":{\"@type\":\"PropertyValueSpecification\",\"valueRequired\":true,\"valueName\":\"search_term_string\"}}],\"inLanguage\":\"es\"},{\"@type\":\"Organization\",\"@id\":\"https:\\\/\\\/www.institutofertilidadviamed.com\\\/hospital-santa-angela-de-la-cruz\\\/#organization\",\"name\":\"Instituto de fertilidad Viamed\",\"url\":\"https:\\\/\\\/www.institutofertilidadviamed.com\\\/hospital-santa-angela-de-la-cruz\\\/\",\"logo\":{\"@type\":\"ImageObject\",\"inLanguage\":\"es\",\"@id\":\"https:\\\/\\\/www.institutofertilidadviamed.com\\\/hospital-santa-angela-de-la-cruz\\\/#\\\/schema\\\/logo\\\/image\\\/\",\"url\":\"https:\\\/\\\/www.institutofertilidadviamed.com\\\/hospital-santa-angela-de-la-cruz\\\/wp-content\\\/uploads\\\/2022\\\/11\\\/ifv.png\",\"contentUrl\":\"https:\\\/\\\/www.institutofertilidadviamed.com\\\/hospital-santa-angela-de-la-cruz\\\/wp-content\\\/uploads\\\/2022\\\/11\\\/ifv.png\",\"width\":227,\"height\":61,\"caption\":\"Instituto de fertilidad Viamed\"},\"image\":{\"@id\":\"https:\\\/\\\/www.institutofertilidadviamed.com\\\/hospital-santa-angela-de-la-cruz\\\/#\\\/schema\\\/logo\\\/image\\\/\"},\"sameAs\":[\"https:\\\/\\\/www.instagram.com\\\/institutofertilidadviamed\\\/\"]}]}<\/script>\n<!-- \/ Yoast SEO plugin. -->","yoast_head_json":{"title":"Aviso legal - Instituto de fertilidad Viamed - IFV","description":"Aviso legal. Instituto de fertilidad Viamed","robots":{"index":"noindex","follow":"follow"},"og_locale":"es_ES","og_type":"article","og_title":"Aviso legal - Instituto de fertilidad Viamed - IFV","og_description":"Aviso legal. Instituto de fertilidad Viamed","og_url":"https:\/\/www.institutofertilidadviamed.com\/hospital-santa-angela-de-la-cruz\/aviso-legal\/","og_site_name":"IFV Viamed","article_modified_time":"2023-02-17T12:56:43+00:00","og_image":[{"width":227,"height":61,"url":"https:\/\/www.institutofertilidadviamed.com\/hospital-santa-angela-de-la-cruz\/wp-content\/uploads\/2022\/11\/ifv.png","type":"image\/png"}],"twitter_card":"summary_large_image","twitter_misc":{"Tiempo de lectura":"5 minutos"},"schema":{"@context":"https:\/\/schema.org","@graph":[{"@type":"WebPage","@id":"https:\/\/www.institutofertilidadviamed.com\/hospital-santa-angela-de-la-cruz\/aviso-legal\/","url":"https:\/\/www.institutofertilidadviamed.com\/hospital-santa-angela-de-la-cruz\/aviso-legal\/","name":"Aviso legal - Instituto de fertilidad Viamed - IFV","isPartOf":{"@id":"https:\/\/www.institutofertilidadviamed.com\/hospital-santa-angela-de-la-cruz\/#website"},"datePublished":"2022-12-07T10:21:21+00:00","dateModified":"2023-02-17T12:56:43+00:00","description":"Aviso legal. Instituto de fertilidad Viamed","inLanguage":"es","potentialAction":[{"@type":"ReadAction","target":["https:\/\/www.institutofertilidadviamed.com\/hospital-santa-angela-de-la-cruz\/aviso-legal\/"]}]},{"@type":"WebSite","@id":"https:\/\/www.institutofertilidadviamed.com\/hospital-santa-angela-de-la-cruz\/#website","url":"https:\/\/www.institutofertilidadviamed.com\/hospital-santa-angela-de-la-cruz\/","name":"Instituto de fertilidad Viamed","description":"","publisher":{"@id":"https:\/\/www.institutofertilidadviamed.com\/hospital-santa-angela-de-la-cruz\/#organization"},"alternateName":"IFV Viamed","potentialAction":[{"@type":"SearchAction","target":{"@type":"EntryPoint","urlTemplate":"https:\/\/www.institutofertilidadviamed.com\/hospital-santa-angela-de-la-cruz\/?s={search_term_string}"},"query-input":{"@type":"PropertyValueSpecification","valueRequired":true,"valueName":"search_term_string"}}],"inLanguage":"es"},{"@type":"Organization","@id":"https:\/\/www.institutofertilidadviamed.com\/hospital-santa-angela-de-la-cruz\/#organization","name":"Instituto de fertilidad Viamed","url":"https:\/\/www.institutofertilidadviamed.com\/hospital-santa-angela-de-la-cruz\/","logo":{"@type":"ImageObject","inLanguage":"es","@id":"https:\/\/www.institutofertilidadviamed.com\/hospital-santa-angela-de-la-cruz\/#\/schema\/logo\/image\/","url":"https:\/\/www.institutofertilidadviamed.com\/hospital-santa-angela-de-la-cruz\/wp-content\/uploads\/2022\/11\/ifv.png","contentUrl":"https:\/\/www.institutofertilidadviamed.com\/hospital-santa-angela-de-la-cruz\/wp-content\/uploads\/2022\/11\/ifv.png","width":227,"height":61,"caption":"Instituto de fertilidad Viamed"},"image":{"@id":"https:\/\/www.institutofertilidadviamed.com\/hospital-santa-angela-de-la-cruz\/#\/schema\/logo\/image\/"},"sameAs":["https:\/\/www.instagram.com\/institutofertilidadviamed\/"]}]}},"_links":{"self":[{"href":"https:\/\/www.institutofertilidadviamed.com\/hospital-santa-angela-de-la-cruz\/wp-json\/wp\/v2\/pages\/924","targetHints":{"allow":["GET"]}}],"collection":[{"href":"https:\/\/www.institutofertilidadviamed.com\/hospital-santa-angela-de-la-cruz\/wp-json\/wp\/v2\/pages"}],"about":[{"href":"https:\/\/www.institutofertilidadviamed.com\/hospital-santa-angela-de-la-cruz\/wp-json\/wp\/v2\/types\/page"}],"author":[{"embeddable":true,"href":"https:\/\/www.institutofertilidadviamed.com\/hospital-santa-angela-de-la-cruz\/wp-json\/wp\/v2\/users\/1"}],"replies":[{"embeddable":true,"href":"https:\/\/www.institutofertilidadviamed.com\/hospital-santa-angela-de-la-cruz\/wp-json\/wp\/v2\/comments?post=924"}],"version-history":[{"count":29,"href":"https:\/\/www.institutofertilidadviamed.com\/hospital-santa-angela-de-la-cruz\/wp-json\/wp\/v2\/pages\/924\/revisions"}],"predecessor-version":[{"id":3933,"href":"https:\/\/www.institutofertilidadviamed.com\/hospital-santa-angela-de-la-cruz\/wp-json\/wp\/v2\/pages\/924\/revisions\/3933"}],"wp:attachment":[{"href":"https:\/\/www.institutofertilidadviamed.com\/hospital-santa-angela-de-la-cruz\/wp-json\/wp\/v2\/media?parent=924"}],"curies":[{"name":"wp","href":"https:\/\/api.w.org\/{rel}","templated":true}]}}